{"id":933,"date":"2018-09-28T17:30:29","date_gmt":"2018-09-28T17:30:29","guid":{"rendered":"https:\/\/www.elcentrodecorazon.org\/?page_id=933"},"modified":"2020-07-17T21:10:08","modified_gmt":"2020-07-17T21:10:08","slug":"alcance-comunitario","status":"publish","type":"page","link":"https:\/\/www.elcentrodecorazon.org\/es\/alcance-comunitario\/","title":{"rendered":"Participaci\u00f3n de la Comunidad"},"content":{"rendered":"<p>[et_pb_section bb_built=\u00bb1&#8243; inner_width=\u00bbauto\u00bb inner_max_width=\u00bb1080px\u00bb][et_pb_row _builder_version=\u00bb3.0.105&#8243; width=\u00bb80%\u00bb max_width=\u00bb1080px\u00bb][et_pb_column type=\u00bb2_3&#8243; custom_padding__hover=\u00bb|||\u00bb custom_padding=\u00bb|||\u00bb][et_pb_text _builder_version=\u00bb4.4.0&#8243; text_text_shadow_horizontal_length=\u00bbtext_text_shadow_style,%91object Object%93&#8243; text_text_shadow_horizontal_length_tablet=\u00bb0px\u00bb text_text_shadow_vertical_length=\u00bbtext_text_shadow_style,%91object Object%93&#8243; text_text_shadow_vertical_length_tablet=\u00bb0px\u00bb text_text_shadow_blur_strength=\u00bbtext_text_shadow_style,%91object Object%93&#8243; text_text_shadow_blur_strength_tablet=\u00bb1px\u00bb link_text_shadow_horizontal_length=\u00bblink_text_shadow_style,%91object Object%93&#8243; link_text_shadow_horizontal_length_tablet=\u00bb0px\u00bb link_text_shadow_vertical_length=\u00bblink_text_shadow_style,%91object Object%93&#8243; link_text_shadow_vertical_length_tablet=\u00bb0px\u00bb link_text_shadow_blur_strength=\u00bblink_text_shadow_style,%91object Object%93&#8243; link_text_shadow_blur_strength_tablet=\u00bb1px\u00bb ul_text_shadow_horizontal_length=\u00bbul_text_shadow_style,%91object Object%93&#8243; ul_text_shadow_horizontal_length_tablet=\u00bb0px\u00bb ul_text_shadow_vertical_length=\u00bbul_text_shadow_style,%91object Object%93&#8243; ul_text_shadow_vertical_length_tablet=\u00bb0px\u00bb ul_text_shadow_blur_strength=\u00bbul_text_shadow_style,%91object Object%93&#8243; ul_text_shadow_blur_strength_tablet=\u00bb1px\u00bb ol_text_shadow_horizontal_length=\u00bbol_text_shadow_style,%91object Object%93&#8243; ol_text_shadow_horizontal_length_tablet=\u00bb0px\u00bb ol_text_shadow_vertical_length=\u00bbol_text_shadow_style,%91object Object%93&#8243; ol_text_shadow_vertical_length_tablet=\u00bb0px\u00bb ol_text_shadow_blur_strength=\u00bbol_text_shadow_style,%91object Object%93&#8243; ol_text_shadow_blur_strength_tablet=\u00bb1px\u00bb quote_text_shadow_horizontal_length=\u00bbquote_text_shadow_style,%91object Object%93&#8243; quote_text_shadow_horizontal_length_tablet=\u00bb0px\u00bb quote_text_shadow_vertical_length=\u00bbquote_text_shadow_style,%91object Object%93&#8243; quote_text_shadow_vertical_length_tablet=\u00bb0px\u00bb quote_text_shadow_blur_strength=\u00bbquote_text_shadow_style,%91object Object%93&#8243; quote_text_shadow_blur_strength_tablet=\u00bb1px\u00bb header_text_shadow_horizontal_length=\u00bbheader_text_shadow_style,%91object Object%93&#8243; header_text_shadow_horizontal_length_tablet=\u00bb0px\u00bb header_text_shadow_vertical_length=\u00bbheader_text_shadow_style,%91object Object%93&#8243; header_text_shadow_vertical_length_tablet=\u00bb0px\u00bb header_text_shadow_blur_strength=\u00bbheader_text_shadow_style,%91object Object%93&#8243; header_text_shadow_blur_strength_tablet=\u00bb1px\u00bb header_2_text_shadow_horizontal_length=\u00bbheader_2_text_shadow_style,%91object Object%93&#8243; header_2_text_shadow_horizontal_length_tablet=\u00bb0px\u00bb header_2_text_shadow_vertical_length=\u00bbheader_2_text_shadow_style,%91object Object%93&#8243; header_2_text_shadow_vertical_length_tablet=\u00bb0px\u00bb header_2_text_shadow_blur_strength=\u00bbheader_2_text_shadow_style,%91object Object%93&#8243; header_2_text_shadow_blur_strength_tablet=\u00bb1px\u00bb header_3_text_shadow_horizontal_length=\u00bbheader_3_text_shadow_style,%91object Object%93&#8243; header_3_text_shadow_horizontal_length_tablet=\u00bb0px\u00bb header_3_text_shadow_vertical_length=\u00bbheader_3_text_shadow_style,%91object Object%93&#8243; header_3_text_shadow_vertical_length_tablet=\u00bb0px\u00bb header_3_text_shadow_blur_strength=\u00bbheader_3_text_shadow_style,%91object Object%93&#8243; header_3_text_shadow_blur_strength_tablet=\u00bb1px\u00bb header_4_text_shadow_horizontal_length=\u00bbheader_4_text_shadow_style,%91object Object%93&#8243; header_4_text_shadow_horizontal_length_tablet=\u00bb0px\u00bb header_4_text_shadow_vertical_length=\u00bbheader_4_text_shadow_style,%91object Object%93&#8243; header_4_text_shadow_vertical_length_tablet=\u00bb0px\u00bb header_4_text_shadow_blur_strength=\u00bbheader_4_text_shadow_style,%91object Object%93&#8243; header_4_text_shadow_blur_strength_tablet=\u00bb1px\u00bb header_5_text_shadow_horizontal_length=\u00bbheader_5_text_shadow_style,%91object Object%93&#8243; header_5_text_shadow_horizontal_length_tablet=\u00bb0px\u00bb header_5_text_shadow_vertical_length=\u00bbheader_5_text_shadow_style,%91object Object%93&#8243; header_5_text_shadow_vertical_length_tablet=\u00bb0px\u00bb header_5_text_shadow_blur_strength=\u00bbheader_5_text_shadow_style,%91object Object%93&#8243; header_5_text_shadow_blur_strength_tablet=\u00bb1px\u00bb header_6_text_shadow_horizontal_length=\u00bbheader_6_text_shadow_style,%91object Object%93&#8243; header_6_text_shadow_horizontal_length_tablet=\u00bb0px\u00bb header_6_text_shadow_vertical_length=\u00bbheader_6_text_shadow_style,%91object Object%93&#8243; header_6_text_shadow_vertical_length_tablet=\u00bb0px\u00bb header_6_text_shadow_blur_strength=\u00bbheader_6_text_shadow_style,%91object Object%93&#8243; header_6_text_shadow_blur_strength_tablet=\u00bb1px\u00bb box_shadow_horizontal_tablet=\u00bb0px\u00bb box_shadow_vertical_tablet=\u00bb0px\u00bb box_shadow_blur_tablet=\u00bb40px\u00bb box_shadow_spread_tablet=\u00bb0px\u00bb vertical_offset_tablet=\u00bb0&#8243; horizontal_offset_tablet=\u00bb0&#8243; z_index_tablet=\u00bb0&#8243;]<\/p>\n<p><strong><span style=\"font-size: 14pt;\">Alcance Comunitario<\/span><\/strong><\/p>\n<p>El Centro de Coraz\u00f3n organiza su evento anual Be Healthy Family Expo \/ Evento de regreso a la escuela y\u00a0 East End Holiday\u00a0 (Evento de Navidad) todos los a\u00f1os. Estos eventos son una oportunidad para retribuir al East End de Houston. \u00a1Estamos agradecidos por nuestros voluntarios y patrocinadores que hacen que cada uno sea posible!<\/p>\n<p>Ser un miembro activo de la comunidad de East End de Houston es una parte importante de lo que hacemos en El Centro de Coraz\u00f3n. Trabajamos en proyectos espec\u00edficos que ayudan a hacer una comunidad m\u00e1s saludable y tambi\u00e9n asistimos a varios eventos comunitarios, ferias de salud y eventos escolares durante todo el a\u00f1o. Si est\u00e1 interesado en convertirse en patrocinador \/ voluntario o desea que El Centro asista a su pr\u00f3ximo evento, comun\u00edquese con Obed Canjura al ocanjura@elcentrochc.org o al 832-494-1772 para obtener m\u00e1s informaci\u00f3n.<\/p>\n<p><a href=\"https:\/\/www.elcentrodecorazon.org\/es\/calendario-de-alcance-comunitario\/\">Calendario de Alcance Comunitario\u00a0<\/a><\/p>\n<p><strong><span style=\"font-size: 14pt;\">\u00bfDe qu\u00e9 se trata GREEN.?<\/span><\/strong><\/p>\n<p>El objetivo de Growing Roots East End Network es reunir a escuelas y organizaciones con el fin de ayudar a sostener, promover y conectar jardines a trav\u00e9s de los patrones alimentadores escolares. Como resultado, esperamos ver un aumento en el acceso a alimentos saludables, mejor educaci\u00f3n nutricional, mayor cohesi\u00f3n social y oportunidades econ\u00f3micas para familias de bajos ingresos. Para m\u00e1s informaci\u00f3n,<a href=\"https:\/\/www.elcentrodecorazon.org\/es\/g-r-e-e-n\/\"> haz clic aqu\u00ed.<\/a><\/p>\n<p><strong><span style=\"font-size: 14pt;\">Commit to Be Fit\u00a0<\/span><\/strong><\/p>\n<p>El Centro ha implementado el programa Commit to be Fit, que educa a los j\u00f3venes participantes y sus padres sobre los beneficios de una alimentaci\u00f3n m\u00e1s saludable y su mayor actividad f\u00edsica, y promueve el ejercicio y la forma f\u00edsica para reducir las disparidades de salud, como la obesidad infantil y la diabetes. Para m\u00e1s informaci\u00f3n, <a href=\"https:\/\/www.elcentrodecorazon.org\/es\/news-events\/news\/ya-esta-disponible-el-horario-de-clases-de-actividad-fisica-de-otono-para-el-programa-commit-to-be-fit\/\">haga clic aqu\u00ed<\/a>.<\/p>\n<p>\u00a0<\/p>\n<p>[\/et_pb_text][\/et_pb_column][et_pb_column type=\u00bb1_3&#8243; custom_padding__hover=\u00bb|||\u00bb custom_padding=\u00bb|||\u00bb][et_pb_text _builder_version=\u00bb3.19.17&#8243; text_orientation=\u00bbleft\u00bb]<\/p>\n<div id=\"attachment_1473\" style=\"width: 258px\" class=\"wp-caption alignright\"><img loading=\"lazy\" decoding=\"async\" aria-describedby=\"caption-attachment-1473\" class=\"wp-image-1473 \" src=\"https:\/\/www.elcentrodecorazon.org\/wp-content\/uploads\/2019\/01\/IMG_0311-300x220.jpg\" alt=\"\" width=\"248\" height=\"182\" srcset=\"https:\/\/www.elcentrodecorazon.org\/wp-content\/uploads\/2019\/01\/IMG_0311-300x220.jpg 300w, https:\/\/www.elcentrodecorazon.org\/wp-content\/uploads\/2019\/01\/IMG_0311-768x564.jpg 768w, https:\/\/www.elcentrodecorazon.org\/wp-content\/uploads\/2019\/01\/IMG_0311-1024x752.jpg 1024w, https:\/\/www.elcentrodecorazon.org\/wp-content\/uploads\/2019\/01\/IMG_0311-1080x793.jpg 1080w\" sizes=\"(max-width: 248px) 100vw, 248px\" \/><p id=\"caption-attachment-1473\" class=\"wp-caption-text\">Be Healthy Family Expo 2018<\/p><\/div>\n<p>&nbsp;<\/p>\n<p>&nbsp;<\/p>\n<p>&nbsp;<\/p>\n<p>&nbsp;<\/p>\n<p>&nbsp;<\/p>\n<p>&nbsp;<\/p>\n<div id=\"attachment_1471\" style=\"width: 258px\" class=\"wp-caption alignright\"><img loading=\"lazy\" decoding=\"async\" aria-describedby=\"caption-attachment-1471\" class=\"wp-image-1471 \" src=\"https:\/\/www.elcentrodecorazon.org\/wp-content\/uploads\/2019\/01\/IMG_1022-300x200.jpg\" alt=\"\" width=\"248\" height=\"165\" srcset=\"https:\/\/www.elcentrodecorazon.org\/wp-content\/uploads\/2019\/01\/IMG_1022-300x200.jpg 300w, https:\/\/www.elcentrodecorazon.org\/wp-content\/uploads\/2019\/01\/IMG_1022-768x512.jpg 768w, https:\/\/www.elcentrodecorazon.org\/wp-content\/uploads\/2019\/01\/IMG_1022-1024x683.jpg 1024w, https:\/\/www.elcentrodecorazon.org\/wp-content\/uploads\/2019\/01\/IMG_1022-1080x720.jpg 1080w\" sizes=\"(max-width: 248px) 100vw, 248px\" \/><p id=\"caption-attachment-1471\" class=\"wp-caption-text\">East End Holiday Event ( Evento de Navidad 2018)\u00a0<\/p><\/div>\n<p>&nbsp;<\/p>\n<p>[\/et_pb_text][et_pb_text _builder_version=\u00bb3.19.17&#8243; text_orientation=\u00bbleft\u00bb]<\/p>\n<div id=\"attachment_1698\" style=\"width: 258px\" class=\"wp-caption alignright\"><a href=\"https:\/\/www.elcentrodecorazon.org\/wp-content\/uploads\/2019\/03\/IMG_1757.jpg\"><img loading=\"lazy\" decoding=\"async\" aria-describedby=\"caption-attachment-1698\" class=\"wp-image-1698 \" src=\"https:\/\/www.elcentrodecorazon.org\/wp-content\/uploads\/2019\/03\/IMG_1757-300x200.jpg\" alt=\"\" width=\"248\" height=\"165\" srcset=\"https:\/\/www.elcentrodecorazon.org\/wp-content\/uploads\/2019\/03\/IMG_1757-300x200.jpg 300w, https:\/\/www.elcentrodecorazon.org\/wp-content\/uploads\/2019\/03\/IMG_1757-768x512.jpg 768w, https:\/\/www.elcentrodecorazon.org\/wp-content\/uploads\/2019\/03\/IMG_1757-1024x683.jpg 1024w, https:\/\/www.elcentrodecorazon.org\/wp-content\/uploads\/2019\/03\/IMG_1757-1080x720.jpg 1080w\" sizes=\"(max-width: 248px) 100vw, 248px\" \/><\/a><p id=\"caption-attachment-1698\" class=\"wp-caption-text\">Growing Roots East End Network (G.R.E.E.N.)<\/p><\/div>\n<p>&nbsp;<\/p>\n<p>&nbsp;<\/p>\n<p>&nbsp;<\/p>\n<p>&nbsp;<\/p>\n<p>&nbsp;<\/p>\n<p>&nbsp;<\/p>\n<div id=\"attachment_1870\" style=\"width: 258px\" class=\"wp-caption alignright\"><a href=\"https:\/\/www.elcentrodecorazon.org\/wp-content\/uploads\/2019\/03\/IMG_1698.jpg\"><img loading=\"lazy\" decoding=\"async\" aria-describedby=\"caption-attachment-1870\" class=\"wp-image-1870 \" src=\"https:\/\/www.elcentrodecorazon.org\/wp-content\/uploads\/2019\/03\/IMG_1698-300x200.jpg\" alt=\"\" width=\"248\" height=\"165\" srcset=\"https:\/\/www.elcentrodecorazon.org\/wp-content\/uploads\/2019\/03\/IMG_1698-300x200.jpg 300w, https:\/\/www.elcentrodecorazon.org\/wp-content\/uploads\/2019\/03\/IMG_1698-768x512.jpg 768w, https:\/\/www.elcentrodecorazon.org\/wp-content\/uploads\/2019\/03\/IMG_1698-1024x683.jpg 1024w, https:\/\/www.elcentrodecorazon.org\/wp-content\/uploads\/2019\/03\/IMG_1698-1080x720.jpg 1080w\" sizes=\"(max-width: 248px) 100vw, 248px\" \/><\/a><p id=\"caption-attachment-1870\" class=\"wp-caption-text\">Commit to be Fit<\/p><\/div>\n<p>&nbsp;<\/p>\n<p>[\/et_pb_text][\/et_pb_column][\/et_pb_row][et_pb_row _builder_version=\u00bb3.0.105&#8243; width=\u00bb80%\u00bb max_width=\u00bb1080px\u00bb][et_pb_column type=\u00bb4_4&#8243; custom_padding__hover=\u00bb|||\u00bb custom_padding=\u00bb|||\u00bb][et_pb_divider _builder_version=\u00bb3.0.105&#8243; color=\u00bb#ffffff\u00bb show_divider=\u00bboff\u00bb \/][et_pb_text _builder_version=\u00bb3.19.17&#8243; text_orientation=\u00bbleft\u00bb]<\/p>\n<p style=\"text-align: left;\"><strong><span style=\"font-size: 14pt;\">Patrocinadores de\u00a0Alcance Comunitario<\/span><\/strong><\/p>\n<p>[\/et_pb_text][et_pb_gallery _builder_version=\u00bb3.19.17&#8243; gallery_ids=\u00bb1676,1484,1060,1121,1678,1064&#8243; db_image_max_width_tablet=\u00bb51&#8243; db_image_max_height_tablet=\u00bb501&#8243; db_image_row_spacing_tablet=\u00bb51&#8243; db_image_object_fit=\u00bbinitial\u00bb hover_overlay_color=\u00bbrgba(255,255,255,0.9)\u00bb db_image_center_titles=\u00bbleft\u00bb \/][\/et_pb_column][\/et_pb_row][et_pb_row _builder_version=\u00bb3.0.105&#8243; width=\u00bb80%\u00bb max_width=\u00bb1080px\u00bb][et_pb_column type=\u00bb4_4&#8243; custom_padding__hover=\u00bb|||\u00bb custom_padding=\u00bb|||\u00bb][\/et_pb_column][\/et_pb_row][\/et_pb_section]<\/p>\n","protected":false},"excerpt":{"rendered":"<p>Alcance ComunitarioEl Centro de Coraz\u00f3n organiza su evento anual Be Healthy Family Expo \/ Evento de regreso a la escuela y\u00a0 East End Holiday\u00a0 (Evento de Navidad) todos los a\u00f1os. Estos eventos son una oportunidad para retribuir al East End de Houston. \u00a1Estamos agradecidos por nuestros voluntarios y patrocinadores que hacen que cada uno sea [&hellip;]<\/p>\n","protected":false},"author":3,"featured_media":4548,"parent":0,"menu_order":0,"comment_status":"closed","ping_status":"closed","template":"","meta":{"_acf_changed":false,"_et_pb_use_builder":"on","_et_pb_old_content":"","_et_gb_content_width":"","footnotes":""},"class_list":["post-933","page","type-page","status-publish","has-post-thumbnail","hentry"],"acf":[],"_links":{"self":[{"href":"https:\/\/www.elcentrodecorazon.org\/es\/wp-json\/wp\/v2\/pages\/933","targetHints":{"allow":["GET"]}}],"collection":[{"href":"https:\/\/www.elcentrodecorazon.org\/es\/wp-json\/wp\/v2\/pages"}],"about":[{"href":"https:\/\/www.elcentrodecorazon.org\/es\/wp-json\/wp\/v2\/types\/page"}],"author":[{"embeddable":true,"href":"https:\/\/www.elcentrodecorazon.org\/es\/wp-json\/wp\/v2\/users\/3"}],"replies":[{"embeddable":true,"href":"https:\/\/www.elcentrodecorazon.org\/es\/wp-json\/wp\/v2\/comments?post=933"}],"version-history":[{"count":0,"href":"https:\/\/www.elcentrodecorazon.org\/es\/wp-json\/wp\/v2\/pages\/933\/revisions"}],"wp:featuredmedia":[{"embeddable":true,"href":"https:\/\/www.elcentrodecorazon.org\/es\/wp-json\/wp\/v2\/media\/4548"}],"wp:attachment":[{"href":"https:\/\/www.elcentrodecorazon.org\/es\/wp-json\/wp\/v2\/media?parent=933"}],"curies":[{"name":"wp","href":"https:\/\/api.w.org\/{rel}","templated":true}]}}