{"id":564,"date":"2018-05-08T12:53:09","date_gmt":"2018-05-08T12:53:09","guid":{"rendered":"http:\/\/www.elcentrodecorazon.org\/?page_id=564"},"modified":"2018-05-12T14:32:07","modified_gmt":"2018-05-12T14:32:07","slug":"dona-ahora","status":"publish","type":"page","link":"https:\/\/www.elcentrodecorazon.org\/es\/dona-ahora\/","title":{"rendered":"Dona Ahora"},"content":{"rendered":"<p>[et_pb_section bb_built=\u00bb1&#8243;][et_pb_row][et_pb_column type=\u00bb4_4&#8243;][et_pb_text _builder_version=\u00bb3.0.105&#8243; background_layout=\u00bblight\u00bb]<\/p>\n<p><a class=\"btn btn-primary\" style=\"border-color: #f5a503; width: 100%; max-width: 300px; background-color: #f5a503; font-family: Marvel, sans-serif; font-size: 26px;\" title=\"Link will redirect to PayPal payment portal\" href=\"https:\/\/www.paypal.com\/cgi-bin\/webscr?cmd=_s-xclick&amp;hosted_button_id=8RE4BY43MRBX2\" target=\"blank\" rel=\"noopener\">Donate via <img decoding=\"async\" style=\"width: 90px;\" src=\"https:\/\/www.paypalobjects.com\/webstatic\/en_US\/i\/buttons\/PP_logo_h_100x26.png\" alt=\"PayPal\" \/><\/a><\/p>\n<p>&nbsp;<\/p>\n<p>Hay muchas maneras en la que usted puede apoyar financieramente a El Centro, incluso por tel\u00e9fono, a trav\u00e9s del correo y\/o en l\u00ednea.<\/p>\n<p>Sabemos que no podemos hacer este trabajo s\u00f3los, y estamos incre\u00edblemente agradecidos a nuestros donantes por su apoyo.<\/p>\n<p>Donar por Correo<\/p>\n<p>Attn: Development Department<\/p>\n<p>P.O. Box 230209<\/p>\n<p>Houston, TX 77223<\/p>\n<p>Donar por Tel\u00e9fono<\/p>\n<p>832-494-1761<\/p>\n<p>&nbsp;<\/p>\n<p>El Centro est\u00e1 inscrito con las siguientes compa\u00f1\u00edas que donan parte de sus ganancias a nuesra organizaci\u00f3n cuando nuesros simpatizantes hacen sus compras. Es sencillo. Una vez que se inscribe, y\u00a0 cada vez que hace una compra, \u00a1 una donaci\u00f3n se hace a El Centro sin costo alguno para usted!\u00a0 Por favor, visite los sitios web proporcionados a continuaci\u00f3n para saber c\u00f3mo puede registrar sus tarjetas o cuentas.<\/p>\n<p style=\"text-align: center;\"><strong>Amazon Smile<\/strong><\/p>\n<p style=\"text-align: center;\"><a href=\"https:\/\/smile.amazon.com\/\" target=\"_blank\" rel=\"noopener\">Amazon Smile Website<\/a><\/p>\n<p style=\"text-align: center;\"><strong>Kroger<\/strong><\/p>\n<p style=\"text-align: center;\"><a href=\"https:\/\/www.kroger.com\/account\/enrollCommunityRewardsNow\" target=\"_blank\" rel=\"noopener\">Kroger Community Rewards Website<\/a>(Organization number: 80502)<\/p>\n<p style=\"text-align: center;\"><strong>Randalls<\/strong><\/p>\n<p style=\"text-align: center;\"><a href=\"http:\/\/www.randalls.com\/ShopStores\/Good-Neighbor.page\" target=\"_blank\" rel=\"noopener\">Randalls Good Neighbor Website<\/a>(Organization number: 13312)<\/p>\n<p>[\/et_pb_text][\/et_pb_column][\/et_pb_row][\/et_pb_section]<\/p>\n","protected":false},"excerpt":{"rendered":"<p><div class=\"et_pb_row et_pb_row_0 et_pb_row_empty\">\n\t\t\t\t\n\t\t\t\t\n\t\t\t\t\n\t\t\t\t\n\t\t\t\t\n\t\t\t<\/div> Donate via &nbsp; Hay muchas maneras en la que usted puede apoyar financieramente a El Centro, incluso por tel\u00e9fono, a trav\u00e9s del correo y\/o en l\u00ednea. Sabemos que no podemos hacer este trabajo s\u00f3los, y estamos incre\u00edblemente agradecidos a nuestros donantes por su apoyo. Donar por Correo Attn: Development Department P.O. Box 230209 Houston, [&hellip;]<\/p>\n","protected":false},"author":1,"featured_media":0,"parent":0,"menu_order":0,"comment_status":"closed","ping_status":"closed","template":"page-template\/donation-template.php","meta":{"_acf_changed":false,"_et_pb_use_builder":"on","_et_pb_old_content":"","_et_gb_content_width":"","footnotes":""},"class_list":["post-564","page","type-page","status-publish","hentry"],"acf":[],"_links":{"self":[{"href":"https:\/\/www.elcentrodecorazon.org\/es\/wp-json\/wp\/v2\/pages\/564","targetHints":{"allow":["GET"]}}],"collection":[{"href":"https:\/\/www.elcentrodecorazon.org\/es\/wp-json\/wp\/v2\/pages"}],"about":[{"href":"https:\/\/www.elcentrodecorazon.org\/es\/wp-json\/wp\/v2\/types\/page"}],"author":[{"embeddable":true,"href":"https:\/\/www.elcentrodecorazon.org\/es\/wp-json\/wp\/v2\/users\/1"}],"replies":[{"embeddable":true,"href":"https:\/\/www.elcentrodecorazon.org\/es\/wp-json\/wp\/v2\/comments?post=564"}],"version-history":[{"count":0,"href":"https:\/\/www.elcentrodecorazon.org\/es\/wp-json\/wp\/v2\/pages\/564\/revisions"}],"wp:attachment":[{"href":"https:\/\/www.elcentrodecorazon.org\/es\/wp-json\/wp\/v2\/media?parent=564"}],"curies":[{"name":"wp","href":"https:\/\/api.w.org\/{rel}","templated":true}]}}