{"id":489,"date":"2018-05-05T12:05:16","date_gmt":"2018-05-05T12:05:16","guid":{"rendered":"http:\/\/www.elcentrodecorazon.org\/?page_id=489"},"modified":"2025-05-14T09:38:47","modified_gmt":"2025-05-14T14:38:47","slug":"road-map-for-appointments","status":"publish","type":"page","link":"https:\/\/www.elcentrodecorazon.org\/es\/recursos\/road-map-for-appointments\/","title":{"rendered":"Mapa de Ruta a Citas"},"content":{"rendered":"<p>[et_pb_section bb_built=\u00bb1&#8243; inner_width=\u00bbauto\u00bb inner_max_width=\u00bb1080px\u00bb][et_pb_row][et_pb_column type=\u00bb4_4&#8243; custom_padding__hover=\u00bb|||\u00bb custom_padding=\u00bb|||\u00bb][et_pb_toggle _builder_version=\u00bb4.27.4&#8243; title=\u00bbElegibilidad\u00bb text_shadow_horizontal_length=\u00bbtext_shadow_style,%91object Object%93&#8243; text_shadow_horizontal_length_tablet=\u00bb0px\u00bb text_shadow_vertical_length=\u00bbtext_shadow_style,%91object Object%93&#8243; text_shadow_vertical_length_tablet=\u00bb0px\u00bb text_shadow_blur_strength=\u00bbtext_shadow_style,%91object Object%93&#8243; text_shadow_blur_strength_tablet=\u00bb1px\u00bb title_text_shadow_horizontal_length=\u00bbtitle_text_shadow_style,%91object Object%93&#8243; title_text_shadow_horizontal_length_tablet=\u00bb0px\u00bb title_text_shadow_vertical_length=\u00bbtitle_text_shadow_style,%91object Object%93&#8243; title_text_shadow_vertical_length_tablet=\u00bb0px\u00bb title_text_shadow_blur_strength=\u00bbtitle_text_shadow_style,%91object Object%93&#8243; title_text_shadow_blur_strength_tablet=\u00bb1px\u00bb closed_title_text_shadow_horizontal_length=\u00bbclosed_title_text_shadow_style,%91object Object%93&#8243; closed_title_text_shadow_horizontal_length_tablet=\u00bb0px\u00bb closed_title_text_shadow_vertical_length=\u00bbclosed_title_text_shadow_style,%91object Object%93&#8243; closed_title_text_shadow_vertical_length_tablet=\u00bb0px\u00bb closed_title_text_shadow_blur_strength=\u00bbclosed_title_text_shadow_style,%91object Object%93&#8243; closed_title_text_shadow_blur_strength_tablet=\u00bb1px\u00bb body_text_shadow_horizontal_length=\u00bbbody_text_shadow_style,%91object Object%93&#8243; body_text_shadow_horizontal_length_tablet=\u00bb0px\u00bb body_text_shadow_vertical_length=\u00bbbody_text_shadow_style,%91object Object%93&#8243; body_text_shadow_vertical_length_tablet=\u00bb0px\u00bb body_text_shadow_blur_strength=\u00bbbody_text_shadow_style,%91object Object%93&#8243; body_text_shadow_blur_strength_tablet=\u00bb1px\u00bb body_link_text_shadow_horizontal_length=\u00bbbody_link_text_shadow_style,%91object Object%93&#8243; body_link_text_shadow_horizontal_length_tablet=\u00bb0px\u00bb body_link_text_shadow_vertical_length=\u00bbbody_link_text_shadow_style,%91object Object%93&#8243; body_link_text_shadow_vertical_length_tablet=\u00bb0px\u00bb body_link_text_shadow_blur_strength=\u00bbbody_link_text_shadow_style,%91object Object%93&#8243; body_link_text_shadow_blur_strength_tablet=\u00bb1px\u00bb body_ul_text_shadow_horizontal_length=\u00bbbody_ul_text_shadow_style,%91object Object%93&#8243; body_ul_text_shadow_horizontal_length_tablet=\u00bb0px\u00bb body_ul_text_shadow_vertical_length=\u00bbbody_ul_text_shadow_style,%91object Object%93&#8243; body_ul_text_shadow_vertical_length_tablet=\u00bb0px\u00bb body_ul_text_shadow_blur_strength=\u00bbbody_ul_text_shadow_style,%91object Object%93&#8243; body_ul_text_shadow_blur_strength_tablet=\u00bb1px\u00bb body_ol_text_shadow_horizontal_length=\u00bbbody_ol_text_shadow_style,%91object Object%93&#8243; body_ol_text_shadow_horizontal_length_tablet=\u00bb0px\u00bb body_ol_text_shadow_vertical_length=\u00bbbody_ol_text_shadow_style,%91object Object%93&#8243; body_ol_text_shadow_vertical_length_tablet=\u00bb0px\u00bb body_ol_text_shadow_blur_strength=\u00bbbody_ol_text_shadow_style,%91object Object%93&#8243; body_ol_text_shadow_blur_strength_tablet=\u00bb1px\u00bb body_quote_text_shadow_horizontal_length=\u00bbbody_quote_text_shadow_style,%91object Object%93&#8243; body_quote_text_shadow_horizontal_length_tablet=\u00bb0px\u00bb body_quote_text_shadow_vertical_length=\u00bbbody_quote_text_shadow_style,%91object Object%93&#8243; body_quote_text_shadow_vertical_length_tablet=\u00bb0px\u00bb body_quote_text_shadow_blur_strength=\u00bbbody_quote_text_shadow_style,%91object Object%93&#8243; body_quote_text_shadow_blur_strength_tablet=\u00bb1px\u00bb box_shadow_horizontal_tablet=\u00bb0px\u00bb box_shadow_vertical_tablet=\u00bb0px\u00bb box_shadow_blur_tablet=\u00bb40px\u00bb box_shadow_spread_tablet=\u00bb0px\u00bb vertical_offset_tablet=\u00bb0&#8243; horizontal_offset_tablet=\u00bb0&#8243; background_pattern_color=\u00bbrgba(0,0,0,0.2)\u00bb background_mask_color=\u00bb#ffffff\u00bb]<\/p>\n<p><span style=\"font-size: 12pt; color: #000000;\"><strong>\u00bfQu\u00e9 necesito llevar a mi cita de elegibilidad o cita de nuevo paciente?<\/strong><\/span><\/p>\n<p><span style=\"color: #000000;\">Por favor traiga los siguientes documentos importantes:<\/span><\/p>\n<p><span style=\"color: #000000;\"><strong>Identificaci\u00f3n:<\/strong> traiga uno de estos para cada adulto y ni\u00f1o relacionado en el hogar:<\/span><\/p>\n<ul>\n<li><span style=\"color: #000000;\">Adulto: licencia de conducir, tarjeta de identificaci\u00f3n, pasaporte o documentos de inmigraci\u00f3n<\/span><\/li>\n<li><span style=\"color: #000000;\">Ni\u00f1o: certificado de nacimiento o registros escolares<\/span><\/li>\n<\/ul>\n<p>\u00a0<\/p>\n<p><span style=\"color: #000000;\"><strong>Prueba de ingresos:<\/strong> traiga al menos uno de los siguientes para todas las fuentes de ingresos en el hogar:<\/span><\/p>\n<ul>\n<li><span style=\"color: #000000;\">Recibos de sueldo (mes completo m\u00e1s reciente)<\/span><\/li>\n<li><span style=\"color: #000000;\">Documentos de la seguridad social<\/span><\/li>\n<li><span style=\"color: #000000;\">Declaraciones de impuestos<\/span><\/li>\n<li><span style=\"color: #000000;\">Carta del empleador indicando la tasa de pago y la frecuencia del pago<\/span><\/li>\n<li><span style=\"color: #000000;\">Declaraci\u00f3n de apoyo financiero de cualquier otra fuente de ingresos.<\/span><\/li>\n<\/ul>\n<p>\u00a0<\/p>\n<p><span style=\"color: #000000;\"><strong>Comprobante de domicilio:<\/strong> traiga al menos uno de los siguientes documentos:<\/span><\/p>\n<ul>\n<li><span style=\"color: #000000;\">Correo con su nombre<\/span><\/li>\n<li><span style=\"color: #000000;\">Contrato de arrendamiento<\/span><\/li>\n<li><span style=\"color: #000000;\">Cup\u00f3n de pago de la casa<\/span><\/li>\n<li><span style=\"color: #000000;\">Registro de votantes<\/span><\/li>\n<li><span style=\"color: #000000;\">Factura de servicios p\u00fablicos<\/span><\/li>\n<\/ul>\n<p>\u00a0<\/p>\n<p><span style=\"color: #000000;\"><strong><span style=\"font-size: 12pt;\">\u00bfQu\u00e9 sucede si no califico para asistencia basada en el programa?<\/span><\/strong><\/span><\/p>\n<p><span style=\"color: #000000;\">Durante su cita de elegibilidad, compararemos su circunstancia personal con todos los programas disponibles y determinaremos cu\u00e1l es el m\u00e1s apropiado para usted. Si no califica, podemos ofrecer otras opciones que reducen el costo de su atenci\u00f3n.<\/span><\/p>\n<p><span style=\"color: #000000;\">El Centro no le niega servicios a nadie por su incapacidad de pago. Ofrecemos descuentos seg\u00fan la escala de ingresos del hogar. Si le interesa solicitar un descuento, hable con nuestro personal.<\/span><\/p>\n<p>\u00a0<\/p>\n<p><span style=\"font-size: 12pt; color: #000000;\"><strong>\u00bfQu\u00e9 m\u00e1s debo saber sobre estos programas?<\/strong><\/span><\/p>\n<p><span style=\"color: #000000;\">Debe proporcionar informaci\u00f3n anualmente para mantener su elegibilidad.<\/span><\/p>\n<ul>\n<li><span style=\"color: #000000;\">La informaci\u00f3n falsa puede resultar en la p\u00e9rdida de descuentos, y se pueden pagar tarifas completas.<\/span><\/li>\n<li><span style=\"color: #000000;\">El uso de los servicios no se informar\u00e1 a terceros.<\/span><\/li>\n<\/ul>\n<p>[\/et_pb_toggle][et_pb_toggle _builder_version=\u00bb4.25.0&#8243; title=\u00bbFormularios de admisi\u00f3n y elegibilidad del paciente\u00bb text_shadow_horizontal_length=\u00bbtext_shadow_style,%91object Object%93&#8243; text_shadow_horizontal_length_tablet=\u00bb0px\u00bb text_shadow_vertical_length=\u00bbtext_shadow_style,%91object Object%93&#8243; text_shadow_vertical_length_tablet=\u00bb0px\u00bb text_shadow_blur_strength=\u00bbtext_shadow_style,%91object Object%93&#8243; text_shadow_blur_strength_tablet=\u00bb1px\u00bb title_text_shadow_horizontal_length=\u00bbtitle_text_shadow_style,%91object Object%93&#8243; title_text_shadow_horizontal_length_tablet=\u00bb0px\u00bb title_text_shadow_vertical_length=\u00bbtitle_text_shadow_style,%91object Object%93&#8243; title_text_shadow_vertical_length_tablet=\u00bb0px\u00bb title_text_shadow_blur_strength=\u00bbtitle_text_shadow_style,%91object Object%93&#8243; title_text_shadow_blur_strength_tablet=\u00bb1px\u00bb closed_title_text_shadow_horizontal_length=\u00bbclosed_title_text_shadow_style,%91object Object%93&#8243; closed_title_text_shadow_horizontal_length_tablet=\u00bb0px\u00bb closed_title_text_shadow_vertical_length=\u00bbclosed_title_text_shadow_style,%91object Object%93&#8243; closed_title_text_shadow_vertical_length_tablet=\u00bb0px\u00bb closed_title_text_shadow_blur_strength=\u00bbclosed_title_text_shadow_style,%91object Object%93&#8243; closed_title_text_shadow_blur_strength_tablet=\u00bb1px\u00bb body_text_shadow_horizontal_length=\u00bbbody_text_shadow_style,%91object Object%93&#8243; body_text_shadow_horizontal_length_tablet=\u00bb0px\u00bb body_text_shadow_vertical_length=\u00bbbody_text_shadow_style,%91object Object%93&#8243; body_text_shadow_vertical_length_tablet=\u00bb0px\u00bb body_text_shadow_blur_strength=\u00bbbody_text_shadow_style,%91object Object%93&#8243; body_text_shadow_blur_strength_tablet=\u00bb1px\u00bb body_link_text_shadow_horizontal_length=\u00bbbody_link_text_shadow_style,%91object Object%93&#8243; body_link_text_shadow_horizontal_length_tablet=\u00bb0px\u00bb body_link_text_shadow_vertical_length=\u00bbbody_link_text_shadow_style,%91object Object%93&#8243; body_link_text_shadow_vertical_length_tablet=\u00bb0px\u00bb body_link_text_shadow_blur_strength=\u00bbbody_link_text_shadow_style,%91object Object%93&#8243; body_link_text_shadow_blur_strength_tablet=\u00bb1px\u00bb body_ul_text_shadow_horizontal_length=\u00bbbody_ul_text_shadow_style,%91object Object%93&#8243; body_ul_text_shadow_horizontal_length_tablet=\u00bb0px\u00bb body_ul_text_shadow_vertical_length=\u00bbbody_ul_text_shadow_style,%91object Object%93&#8243; body_ul_text_shadow_vertical_length_tablet=\u00bb0px\u00bb body_ul_text_shadow_blur_strength=\u00bbbody_ul_text_shadow_style,%91object Object%93&#8243; body_ul_text_shadow_blur_strength_tablet=\u00bb1px\u00bb body_ol_text_shadow_horizontal_length=\u00bbbody_ol_text_shadow_style,%91object Object%93&#8243; body_ol_text_shadow_horizontal_length_tablet=\u00bb0px\u00bb body_ol_text_shadow_vertical_length=\u00bbbody_ol_text_shadow_style,%91object Object%93&#8243; body_ol_text_shadow_vertical_length_tablet=\u00bb0px\u00bb body_ol_text_shadow_blur_strength=\u00bbbody_ol_text_shadow_style,%91object Object%93&#8243; body_ol_text_shadow_blur_strength_tablet=\u00bb1px\u00bb body_quote_text_shadow_horizontal_length=\u00bbbody_quote_text_shadow_style,%91object Object%93&#8243; body_quote_text_shadow_horizontal_length_tablet=\u00bb0px\u00bb body_quote_text_shadow_vertical_length=\u00bbbody_quote_text_shadow_style,%91object Object%93&#8243; body_quote_text_shadow_vertical_length_tablet=\u00bb0px\u00bb body_quote_text_shadow_blur_strength=\u00bbbody_quote_text_shadow_style,%91object Object%93&#8243; body_quote_text_shadow_blur_strength_tablet=\u00bb1px\u00bb box_shadow_horizontal_tablet=\u00bb0px\u00bb box_shadow_vertical_tablet=\u00bb0px\u00bb box_shadow_blur_tablet=\u00bb40px\u00bb box_shadow_spread_tablet=\u00bb0px\u00bb vertical_offset_tablet=\u00bb0&#8243; horizontal_offset_tablet=\u00bb0&#8243; background_pattern_color=\u00bbrgba(0,0,0,0.2)\u00bb background_mask_color=\u00bb#ffffff\u00bb]<\/p>\n<p><span style=\"text-decoration: underline;\"><span style=\"color: #000000; text-decoration: underline;\"><a style=\"color: #000000; text-decoration: underline;\" href=\"https:\/\/www.elcentrodecorazon.org\/wp-content\/uploads\/2024\/07\/Patient-Registration-S.pdf\">Formulario para el registro del paciente<\/a><\/span><\/span><\/p>\n<p><span style=\"text-decoration: underline;\"><span style=\"color: #000000; text-decoration: underline;\"><a style=\"color: #000000; text-decoration: underline;\" href=\"https:\/\/www.elcentrodecorazon.org\/wp-content\/uploads\/2024\/07\/PATIENT-AND-CENTER-RIGHTS-AND-RESPONSIBILITIES-E-S.pdf\">Derechos y Responsabilidades del Paciente y del Centro<\/a><\/span><\/span><\/p>\n<p><span style=\"text-decoration: underline;\"><span style=\"color: #000000; text-decoration: underline;\"><a style=\"color: #000000; text-decoration: underline;\" href=\"https:\/\/www.elcentrodecorazon.org\/wp-content\/uploads\/2024\/07\/Notificacion-de-practicas.pdf\">Notificaci\u00f3n de Practicas de Privacidad y Derechos del Paciente<\/a><\/span><\/span><\/p>\n<p><span style=\"text-decoration: underline;\"><span style=\"color: #000000; text-decoration: underline;\"><a style=\"color: #000000; text-decoration: underline;\" href=\"https:\/\/www.elcentrodecorazon.org\/wp-content\/uploads\/2024\/07\/Acknowledgement-of-Receipt.docx\">Acuse de Recibo<\/a><\/span><\/span><\/p>\n<p><span style=\"text-decoration: underline;\"><span style=\"color: #000000; text-decoration: underline;\"><a style=\"color: #000000; text-decoration: underline;\" href=\"https:\/\/www.elcentrodecorazon.org\/wp-content\/uploads\/2024\/07\/TELEPHONE-CONSUMER-PROTECTION-ACT-E-S.pdf\">Ley Federal de Proteccion al Usuario Telefonico<\/a><\/span><\/span><\/p>\n<p><span style=\"text-decoration: underline;\"><span style=\"color: #000000; text-decoration: underline;\"><a style=\"color: #000000; text-decoration: underline;\" href=\"https:\/\/www.elcentrodecorazon.org\/wp-content\/uploads\/2024\/07\/Consent-to-Photograph-E-S.pdf\">Consentimiento de Fotografia<\/a><\/span><\/span><\/p>\n<p><span style=\"text-decoration: underline;\"><span style=\"color: #000000; text-decoration: underline;\"><a style=\"color: #000000; text-decoration: underline;\" href=\"https:\/\/www.elcentrodecorazon.org\/wp-content\/uploads\/2024\/07\/Consent-for-Treatment-E-S.pdf\">Consentimiento para Tratamiento M\u00e9dico<\/a><\/span><\/span><\/p>\n<p><span style=\"text-decoration: underline;\"><span style=\"color: #000000;\"><a style=\"color: #000000; text-decoration: underline;\" href=\"https:\/\/www.elcentrodecorazon.org\/wp-content\/uploads\/2024\/07\/GHH-consent-E-S.pdf\">Autorizaci\u00f3n del paciente para Healthconnect en Greater Houston<\/a><\/span><\/span><\/p>\n<p><span style=\"text-decoration: underline;\"><span style=\"color: #000000;\"><a style=\"color: #000000; text-decoration: underline;\" href=\"https:\/\/www.elcentrodecorazon.org\/wp-content\/uploads\/2024\/07\/Financial-Responsibility-Insurance-Assignment-Consent-E-S.pdf\">Consentimiento para Responsabilidad Financiera y Asignacion de Seguro<\/a><\/span><\/span><\/p>\n<p><span style=\"text-decoration: underline;\"><span style=\"color: #000000; text-decoration: underline;\"><a style=\"color: #000000; text-decoration: underline;\" href=\"https:\/\/www.elcentrodecorazon.org\/wp-content\/uploads\/2019\/01\/Household-Eligibility-Form-Spanish.pdf\">Formulario para la participaci\u00f3n familiar<\/a><\/span><\/span><\/p>\n<p><span style=\"text-decoration: underline;\"><span style=\"color: #000000; text-decoration: underline;\"><a style=\"color: #000000; text-decoration: underline;\" href=\"https:\/\/www.elcentrodecorazon.org\/wp-content\/uploads\/2019\/01\/Statement-of-Support-Spanish.pdf\">Declaraci\u00f3n de Manutenci\u00f3n\u00a0<\/a><\/span><\/span><\/p>\n<p>[\/et_pb_toggle][et_pb_toggle _builder_version=\u00bb4.4.0&#8243; text_shadow_horizontal_length=\u00bbtext_shadow_style,%91object Object%93&#8243; text_shadow_horizontal_length_tablet=\u00bb0px\u00bb text_shadow_vertical_length=\u00bbtext_shadow_style,%91object Object%93&#8243; text_shadow_vertical_length_tablet=\u00bb0px\u00bb text_shadow_blur_strength=\u00bbtext_shadow_style,%91object Object%93&#8243; text_shadow_blur_strength_tablet=\u00bb1px\u00bb title_text_shadow_horizontal_length=\u00bbtitle_text_shadow_style,%91object Object%93&#8243; title_text_shadow_horizontal_length_tablet=\u00bb0px\u00bb title_text_shadow_vertical_length=\u00bbtitle_text_shadow_style,%91object Object%93&#8243; title_text_shadow_vertical_length_tablet=\u00bb0px\u00bb title_text_shadow_blur_strength=\u00bbtitle_text_shadow_style,%91object Object%93&#8243; title_text_shadow_blur_strength_tablet=\u00bb1px\u00bb closed_title_text_shadow_horizontal_length=\u00bbclosed_title_text_shadow_style,%91object Object%93&#8243; closed_title_text_shadow_horizontal_length_tablet=\u00bb0px\u00bb closed_title_text_shadow_vertical_length=\u00bbclosed_title_text_shadow_style,%91object Object%93&#8243; closed_title_text_shadow_vertical_length_tablet=\u00bb0px\u00bb closed_title_text_shadow_blur_strength=\u00bbclosed_title_text_shadow_style,%91object Object%93&#8243; closed_title_text_shadow_blur_strength_tablet=\u00bb1px\u00bb body_text_shadow_horizontal_length=\u00bbbody_text_shadow_style,%91object Object%93&#8243; body_text_shadow_horizontal_length_tablet=\u00bb0px\u00bb body_text_shadow_vertical_length=\u00bbbody_text_shadow_style,%91object Object%93&#8243; body_text_shadow_vertical_length_tablet=\u00bb0px\u00bb body_text_shadow_blur_strength=\u00bbbody_text_shadow_style,%91object Object%93&#8243; body_text_shadow_blur_strength_tablet=\u00bb1px\u00bb body_link_text_shadow_horizontal_length=\u00bbbody_link_text_shadow_style,%91object Object%93&#8243; body_link_text_shadow_horizontal_length_tablet=\u00bb0px\u00bb body_link_text_shadow_vertical_length=\u00bbbody_link_text_shadow_style,%91object Object%93&#8243; body_link_text_shadow_vertical_length_tablet=\u00bb0px\u00bb body_link_text_shadow_blur_strength=\u00bbbody_link_text_shadow_style,%91object Object%93&#8243; body_link_text_shadow_blur_strength_tablet=\u00bb1px\u00bb body_ul_text_shadow_horizontal_length=\u00bbbody_ul_text_shadow_style,%91object Object%93&#8243; body_ul_text_shadow_horizontal_length_tablet=\u00bb0px\u00bb body_ul_text_shadow_vertical_length=\u00bbbody_ul_text_shadow_style,%91object Object%93&#8243; body_ul_text_shadow_vertical_length_tablet=\u00bb0px\u00bb body_ul_text_shadow_blur_strength=\u00bbbody_ul_text_shadow_style,%91object Object%93&#8243; body_ul_text_shadow_blur_strength_tablet=\u00bb1px\u00bb body_ol_text_shadow_horizontal_length=\u00bbbody_ol_text_shadow_style,%91object Object%93&#8243; body_ol_text_shadow_horizontal_length_tablet=\u00bb0px\u00bb body_ol_text_shadow_vertical_length=\u00bbbody_ol_text_shadow_style,%91object Object%93&#8243; body_ol_text_shadow_vertical_length_tablet=\u00bb0px\u00bb body_ol_text_shadow_blur_strength=\u00bbbody_ol_text_shadow_style,%91object Object%93&#8243; body_ol_text_shadow_blur_strength_tablet=\u00bb1px\u00bb body_quote_text_shadow_horizontal_length=\u00bbbody_quote_text_shadow_style,%91object Object%93&#8243; body_quote_text_shadow_horizontal_length_tablet=\u00bb0px\u00bb body_quote_text_shadow_vertical_length=\u00bbbody_quote_text_shadow_style,%91object Object%93&#8243; body_quote_text_shadow_vertical_length_tablet=\u00bb0px\u00bb body_quote_text_shadow_blur_strength=\u00bbbody_quote_text_shadow_style,%91object Object%93&#8243; body_quote_text_shadow_blur_strength_tablet=\u00bb1px\u00bb box_shadow_horizontal_tablet=\u00bb0px\u00bb box_shadow_vertical_tablet=\u00bb0px\u00bb box_shadow_blur_tablet=\u00bb40px\u00bb box_shadow_spread_tablet=\u00bb0px\u00bb vertical_offset_tablet=\u00bb0&#8243; horizontal_offset_tablet=\u00bb0&#8243; title=\u00bbRegistros M\u00e9dicos\u00bb]<\/p>\n<p><span style=\"color: #000000; font-size: 12pt;\">Llame a nuestro departamento de Registros M\u00e9dicos al (713) 660-1880 ext. 1420 para obtener informaci\u00f3n adicional.<\/span><\/p>\n<p><span style=\"text-decoration: underline; color: #000000;\"><span style=\"font-size: 12pt;\"><a style=\"color: #000000; text-decoration: underline;\" href=\"https:\/\/www.elcentrodecorazon.org\/wp-content\/uploads\/2020\/08\/AUTHORIZATION-FOR-DISCLOSURE-OF-HEALTH-INFORMATION-2.pdf\">Autorizaci\u00f3n para la Divulgaci\u00f3n de Informaci\u00f3n de Salud<\/a><\/span><\/span><\/p>\n<p>[\/et_pb_toggle][\/et_pb_column][\/et_pb_row][\/et_pb_section]<\/p>\n","protected":false},"excerpt":{"rendered":"<p><div class=\"et_pb_row et_pb_row_0 et_pb_row_empty\">\n\t\t\t\t\n\t\t\t\t\n\t\t\t\t\n\t\t\t\t\n\t\t\t\t\n\t\t\t<\/div> \u00bfQu\u00e9 necesito llevar a mi cita de elegibilidad o cita de nuevo paciente?Por favor traiga los siguientes documentos importantes:Identificaci\u00f3n: traiga uno de estos para cada adulto y ni\u00f1o relacionado en el hogar:Adulto: licencia de conducir, tarjeta de identificaci\u00f3n, pasaporte o documentos de inmigraci\u00f3nNi\u00f1o: certificado de nacimiento o registros escolares\u00a0Prueba de ingresos: traiga al menos [&hellip;]<\/p>\n","protected":false},"author":1,"featured_media":0,"parent":448,"menu_order":0,"comment_status":"closed","ping_status":"closed","template":"page-template\/roadmap-template.php","meta":{"_acf_changed":false,"_et_pb_use_builder":"on","_et_pb_old_content":"","_et_gb_content_width":"","footnotes":""},"class_list":["post-489","page","type-page","status-publish","hentry"],"acf":[],"_links":{"self":[{"href":"https:\/\/www.elcentrodecorazon.org\/es\/wp-json\/wp\/v2\/pages\/489","targetHints":{"allow":["GET"]}}],"collection":[{"href":"https:\/\/www.elcentrodecorazon.org\/es\/wp-json\/wp\/v2\/pages"}],"about":[{"href":"https:\/\/www.elcentrodecorazon.org\/es\/wp-json\/wp\/v2\/types\/page"}],"author":[{"embeddable":true,"href":"https:\/\/www.elcentrodecorazon.org\/es\/wp-json\/wp\/v2\/users\/1"}],"replies":[{"embeddable":true,"href":"https:\/\/www.elcentrodecorazon.org\/es\/wp-json\/wp\/v2\/comments?post=489"}],"version-history":[{"count":0,"href":"https:\/\/www.elcentrodecorazon.org\/es\/wp-json\/wp\/v2\/pages\/489\/revisions"}],"up":[{"embeddable":true,"href":"https:\/\/www.elcentrodecorazon.org\/es\/wp-json\/wp\/v2\/pages\/448"}],"wp:attachment":[{"href":"https:\/\/www.elcentrodecorazon.org\/es\/wp-json\/wp\/v2\/media?parent=489"}],"curies":[{"name":"wp","href":"https:\/\/api.w.org\/{rel}","templated":true}]}}