{"id":488,"date":"2018-05-05T12:05:00","date_gmt":"2018-05-05T12:05:00","guid":{"rendered":"http:\/\/www.elcentrodecorazon.org\/?page_id=488"},"modified":"2018-07-17T20:00:27","modified_gmt":"2018-07-17T20:00:27","slug":"what-people-are-saying","status":"publish","type":"page","link":"https:\/\/www.elcentrodecorazon.org\/es\/recursos\/what-people-are-saying\/","title":{"rendered":"Lo que la gente esta diciendo"},"content":{"rendered":"<p>[et_pb_section bb_built=\u00bb1&#8243;][et_pb_row][et_pb_column type=\u00bb4_4&#8243;][et_pb_text _builder_version=\u00bb3.0.105&#8243; background_layout=\u00bblight\u00bb]<\/p>\n<blockquote>\n<div class=\"quote-icon\"><\/div>\n<p>Durante m\u00e1s de dos d\u00e9cadas, El Centro de Coraz\u00f3n ha estado en el coraz\u00f3n de la comunidad de East End. Hoy en d\u00eda, El Centro funciona como un centro de salud comunitario que brinda servicios primarios de atenci\u00f3n primaria, pedi\u00e1tricos, prenatales, de salud mental y odontol\u00f3gicos. Los centros de salud comunitarios son una parte fundamental de nuestra red de seguridad de atenci\u00f3n m\u00e9dica, lo que ayuda a las familias que tienen dificultades a encontrar atenci\u00f3n m\u00e9dica confiable y asequible. Son especialmente importantes en el Distrito 29, donde tenemos una comunidad desatendida y una de las tasas m\u00e1s altas de personas sin seguro en el pa\u00eds. Agradezco a El Centro por su continuo compromiso con la salud de las familias de East End.<\/p>\n<p><cite><span class=\"who\">CONGRESSMAN GENE GREEN Representative (D-TX 29th District)<\/span><\/cite><\/p><\/blockquote>\n<p>[\/et_pb_text][et_pb_text _builder_version=\u00bb3.0.105&#8243; background_layout=\u00bblight\u00bb]<\/p>\n<blockquote>\n<div class=\"quote-icon\"><\/div>\n<p>Fui hospitalizada por una infecci\u00f3n de ri\u00f1\u00f3n y cuando fui dejada de alta del hospital le dijeron a mi hija que buscara un m\u00e9dico para m\u00ed. Ella llam\u00f3 a las cl\u00ednicas, pero nadie respondi\u00f3 a nuestra solicitud de ayuda. Ella llam\u00f3 a El Centro y ellos pudieron verme y ayudarme ese mismo d\u00eda y luego ayudaron a mi esposo a conseguir una cita por una tos que tuvo. Son buenas personas aqu\u00ed.<\/p>\n<p><cite><span class=\"who\">Juana Buruca<\/span><\/cite><\/p><\/blockquote>\n<p>[\/et_pb_text][et_pb_text _builder_version=\u00bb3.0.105&#8243; background_layout=\u00bblight\u00bb]<\/p>\n<blockquote>\n<div class=\"quote-icon\"><\/div>\n<p>En El Centro de Coraz\u00f3n, recib\u00ed muy buena atenci\u00f3n desde el comienzo de mi embarazo. El doctor me trat\u00f3 muy bien y me dio instrucciones claras y me explic\u00f3 qu\u00e9 esperar de los tratamientos m\u00e9dicos que recib\u00ed.<\/p>\n<p><cite><span class=\"who\">Carolina Fernandez<\/span><\/cite><\/p><\/blockquote>\n<p>[\/et_pb_text][et_pb_text _builder_version=\u00bb3.0.105&#8243; background_layout=\u00bblight\u00bb]<\/p>\n<blockquote>\n<div class=\"quote-icon\"><\/div>\n<p>Cuando tengo mis citas, me siento como en casa. Todos son tan amables y cari\u00f1osos que me hace sentir que puedo confiar en ellos. Mi hijo tambi\u00e9n es un paciente \u00e9l ha estado recibiendo atenci\u00f3n desde que estaba en mi vientre. S\u00e9 que si Mateo se enferma repentinamente, lo ver\u00e1n ese mismo d\u00eda. Atenci\u00f3n m\u00e9dica de bajo costo, no puede encontrarla en todas partes, as\u00ed que me alegra que haya alguien a quien le importe la comunidad.<\/p>\n<p><cite><span class=\"who\">Abigail Jasso<\/span><\/cite><\/p><\/blockquote>\n<p>[\/et_pb_text][\/et_pb_column][\/et_pb_row][\/et_pb_section]<\/p>\n","protected":false},"excerpt":{"rendered":"<p><div class=\"et_pb_row et_pb_row_0 et_pb_row_empty\">\n\t\t\t\t\n\t\t\t\t\n\t\t\t\t\n\t\t\t\t\n\t\t\t\t\n\t\t\t<\/div> Durante m\u00e1s de dos d\u00e9cadas, El Centro de Coraz\u00f3n ha estado en el coraz\u00f3n de la comunidad de East End. Hoy en d\u00eda, El Centro funciona como un centro de salud comunitario que brinda servicios primarios de atenci\u00f3n primaria, pedi\u00e1tricos, prenatales, de salud mental y odontol\u00f3gicos. Los centros de salud comunitarios son una parte [&hellip;]<\/p>\n","protected":false},"author":1,"featured_media":0,"parent":448,"menu_order":0,"comment_status":"closed","ping_status":"closed","template":"page-template\/resources-template.php","meta":{"_acf_changed":false,"_et_pb_use_builder":"on","_et_pb_old_content":"","_et_gb_content_width":"","footnotes":""},"class_list":["post-488","page","type-page","status-publish","hentry"],"acf":[],"_links":{"self":[{"href":"https:\/\/www.elcentrodecorazon.org\/es\/wp-json\/wp\/v2\/pages\/488","targetHints":{"allow":["GET"]}}],"collection":[{"href":"https:\/\/www.elcentrodecorazon.org\/es\/wp-json\/wp\/v2\/pages"}],"about":[{"href":"https:\/\/www.elcentrodecorazon.org\/es\/wp-json\/wp\/v2\/types\/page"}],"author":[{"embeddable":true,"href":"https:\/\/www.elcentrodecorazon.org\/es\/wp-json\/wp\/v2\/users\/1"}],"replies":[{"embeddable":true,"href":"https:\/\/www.elcentrodecorazon.org\/es\/wp-json\/wp\/v2\/comments?post=488"}],"version-history":[{"count":0,"href":"https:\/\/www.elcentrodecorazon.org\/es\/wp-json\/wp\/v2\/pages\/488\/revisions"}],"up":[{"embeddable":true,"href":"https:\/\/www.elcentrodecorazon.org\/es\/wp-json\/wp\/v2\/pages\/448"}],"wp:attachment":[{"href":"https:\/\/www.elcentrodecorazon.org\/es\/wp-json\/wp\/v2\/media?parent=488"}],"curies":[{"name":"wp","href":"https:\/\/api.w.org\/{rel}","templated":true}]}}