{"id":454,"date":"2018-05-05T07:54:19","date_gmt":"2018-05-05T07:54:19","guid":{"rendered":"http:\/\/www.elcentrodecorazon.org\/?page_id=454"},"modified":"2020-09-01T21:06:16","modified_gmt":"2020-09-01T21:06:16","slug":"programa-para-el-bienestar-de-los-hijos","status":"publish","type":"page","link":"https:\/\/www.elcentrodecorazon.org\/es\/programas\/programa-para-el-bienestar-de-los-hijos\/","title":{"rendered":"Programa para El Bienestar de los Hijos"},"content":{"rendered":"<p>[et_pb_section bb_built=\u00bb1&#8243; inner_width=\u00bbauto\u00bb inner_max_width=\u00bb1080px\u00bb][et_pb_row][et_pb_column type=\u00bb4_4&#8243; custom_padding__hover=\u00bb|||\u00bb custom_padding=\u00bb|||\u00bb][et_pb_text _builder_version=\u00bb3.19.17&#8243; text_orientation=\u00bbleft\u00bb]<\/p>\n<p><img loading=\"lazy\" decoding=\"async\" class=\"alignright size-full wp-image-200 img-circle\" src=\"https:\/\/www.elcentrodecorazon.org\/wp-content\/uploads\/2018\/05\/shutterstock_82795717.jpg\" alt=\"\" width=\"263\" height=\"263\" srcset=\"https:\/\/www.elcentrodecorazon.org\/wp-content\/uploads\/2018\/05\/shutterstock_82795717.jpg 400w, https:\/\/www.elcentrodecorazon.org\/wp-content\/uploads\/2018\/05\/shutterstock_82795717-150x150.jpg 150w, https:\/\/www.elcentrodecorazon.org\/wp-content\/uploads\/2018\/05\/shutterstock_82795717-300x300.jpg 300w\" sizes=\"(max-width: 263px) 100vw, 263px\" \/><\/p>\n<p>El programa de bienestar infantil de El Centro (Nutrici\u00f3n con Coraz\u00f3n) es un programa de prevenci\u00f3n para tratar la obesidad infantil, e incluye evaluaciones m\u00e9dicas, planes de tratamiento individualizado, clases de educaci\u00f3n individual y de grupo que discuten temas sobre nutrici\u00f3n y actividad f\u00edsica, coordinaci\u00f3n (estructura) del control de peso, pruebas de laboratorio y atenci\u00f3n m\u00e9dica, y remisiones para servicios de la salud de la conducta.<\/p>\n<ul>\n<li class=\"odd\">Evaluaci\u00f3n nutricional\n<ul>\n<li class=\"odd\">Alimentos y nutrientes<\/li>\n<li class=\"even\">Estilo de vida<\/li>\n<li class=\"odd\">Historial m\u00e9dico<\/li>\n<\/ul>\n<\/li>\n<li class=\"odd\">Plan diet\u00e9tico individualizado<\/li>\n<li class=\"even\">Instrumentos de auto control<\/li>\n<li class=\"odd\">Recorrido del supermercado<\/li>\n<\/ul>\n<p>&nbsp;<\/p>\n<p>&nbsp;<\/p>\n<p>&nbsp;<\/p>\n<p>&nbsp;<\/p>\n<p>[\/et_pb_text][\/et_pb_column][\/et_pb_row][\/et_pb_section]<\/p>\n","protected":false},"excerpt":{"rendered":"<p><div class=\"et_pb_row et_pb_row_0 et_pb_row_empty\">\n\t\t\t\t\n\t\t\t\t\n\t\t\t\t\n\t\t\t\t\n\t\t\t\t\n\t\t\t<\/div> El programa de bienestar infantil de El Centro (Nutrici\u00f3n con Coraz\u00f3n) es un programa de prevenci\u00f3n para tratar la obesidad infantil, e incluye evaluaciones m\u00e9dicas, planes de tratamiento individualizado, clases de educaci\u00f3n individual y de grupo que discuten temas sobre nutrici\u00f3n y actividad f\u00edsica, coordinaci\u00f3n (estructura) del control de peso, pruebas de laboratorio y [&hellip;]<\/p>\n","protected":false},"author":1,"featured_media":0,"parent":350,"menu_order":3,"comment_status":"closed","ping_status":"closed","template":"page-template\/programs-template.php","meta":{"_acf_changed":false,"_et_pb_use_builder":"on","_et_pb_old_content":"","_et_gb_content_width":"","footnotes":""},"class_list":["post-454","page","type-page","status-publish","hentry"],"acf":[],"_links":{"self":[{"href":"https:\/\/www.elcentrodecorazon.org\/es\/wp-json\/wp\/v2\/pages\/454","targetHints":{"allow":["GET"]}}],"collection":[{"href":"https:\/\/www.elcentrodecorazon.org\/es\/wp-json\/wp\/v2\/pages"}],"about":[{"href":"https:\/\/www.elcentrodecorazon.org\/es\/wp-json\/wp\/v2\/types\/page"}],"author":[{"embeddable":true,"href":"https:\/\/www.elcentrodecorazon.org\/es\/wp-json\/wp\/v2\/users\/1"}],"replies":[{"embeddable":true,"href":"https:\/\/www.elcentrodecorazon.org\/es\/wp-json\/wp\/v2\/comments?post=454"}],"version-history":[{"count":0,"href":"https:\/\/www.elcentrodecorazon.org\/es\/wp-json\/wp\/v2\/pages\/454\/revisions"}],"up":[{"embeddable":true,"href":"https:\/\/www.elcentrodecorazon.org\/es\/wp-json\/wp\/v2\/pages\/350"}],"wp:attachment":[{"href":"https:\/\/www.elcentrodecorazon.org\/es\/wp-json\/wp\/v2\/media?parent=454"}],"curies":[{"name":"wp","href":"https:\/\/api.w.org\/{rel}","templated":true}]}}