{"id":352,"date":"2018-05-04T08:37:54","date_gmt":"2018-05-04T08:37:54","guid":{"rendered":"http:\/\/www.elcentrodecorazon.org\/?page_id=352"},"modified":"2018-07-20T16:26:45","modified_gmt":"2018-07-20T16:26:45","slug":"accessibility","status":"publish","type":"page","link":"https:\/\/www.elcentrodecorazon.org\/es\/accessibility\/","title":{"rendered":"Accesibilidad"},"content":{"rendered":"<p>[et_pb_section bb_built=\u00bb1&#8243; _builder_version=\u00bb3.0.105&#8243; module_class=\u00bbgeneral-wrapper\u00bb][et_pb_row][et_pb_column type=\u00bb2_3&#8243;][et_pb_text _builder_version=\u00bb3.0.105&#8243; background_layout=\u00bblight\u00bb]<\/p>\n<h4><strong><span class=\"il\">Declaraci\u00f3n de Accesibilidad<\/span><\/strong><\/h4>\n<p>El Centro de Coraz\u00f3n se compromete a garantizar que este sitio web sea accesible para todos. Si tiene alguna pregunta o sugerencia sobre el acceso a este sitio, cont\u00e1ctenos, ya que nos esforzamos continuamente para mejorar la experiencia de todos los visitantes.<\/p>\n<p>Si por alg\u00fan motivo no puede acceder al material de nuestro sitio web, <a href=\"http:\/\/elcentro.dev.astoundz.com\/contact-us\/\" target=\"_blank\" rel=\"noopener\">cont\u00e1ctenos<\/a> y trabajaremos para resolver el problema.<\/p>\n<h4><strong>Complimiendo de Est\u00e1ndares<\/strong><\/h4>\n<p>Todas las p\u00e1ginas usan marcado sem\u00e1ntico estructurado. Por ejemplo, cada p\u00e1gina contiene una etiqueta de nivel de encabezado 1 y cualquier etiqueta de encabezado de subnivel apropiado. Todos los p\u00e1rrafos est\u00e1n codificados correctamente con las etiquetas de p\u00e1rrafo.<\/p>\n<h4><strong>Ayuda para la navegac\u00edon<\/strong><\/h4>\n<p>Todas las p\u00e1ginas de este sitio incluyen un conjunto coherente de enlaces de navegaci\u00f3n principales globales<\/p>\n<p>Todos los men\u00fas de navegaci\u00f3n secundaria aparecer\u00e1n debajo del men\u00fa de navegaci\u00f3n principal.<\/p>\n<p>Siempre que sea posible, los enlaces se escriben para que tengan sentido fuera de contexto.<\/p>\n<p>Muchos navegadores (como JAWS, Home Page Reader, Lynx y Opera) pueden extraer la lista de enlaces en una p\u00e1gina y permitir que el usuario explore la lista, por separado de la p\u00e1gina. Del mismo modo, existe una p\u00e1gina de mapa del sitio que permitir\u00e1 a los usuarios navegar a trav\u00e9s de todas las p\u00e1ginas del sitio web ubicado en el siguiente enlace\u00a0\u00a0<a href=\"http:\/\/elcentro.dev.astoundz.com\/sitemap\/\" data-saferedirecturl=\"https:\/\/www.google.com\/url?hl=en&amp;q=http:\/\/www.elcentrodecorazon.org\/sitemap\/&amp;source=gmail&amp;ust=1488051098430000&amp;usg=AFQjCNHS-0FRgHCEi5twVZZtR0BgPcuk3Q\" target=\"_blank\" rel=\"noopener\">http:\/\/www.elcentrodecorazon.org\/sitemap\/<\/a><\/p>\n<p>Todos los enlaces a archivos que no sean HTML (es decir, MS Word, PDF, etc.) siempre abrir\u00e1n el archivo en una nueva ventana a menos que se indique lo contrario.<\/p>\n<h4><strong>Im\u00e1genes<\/strong><\/h4>\n<p>Las im\u00e1genes que no son de fondo utilizadas en este sitio incluyen atributos ALT descriptivos. Los gr\u00e1ficos puramente decorativos incluyen atributos ALT vac\u00edos.<\/p>\n<h4><strong>Dise\u00f1o visual<\/strong><\/h4>\n<p>Este sitio utiliza Hojas de Estilo en Cascada (CSS) para el dise\u00f1o visual.<\/p>\n<p>El contenido es independiente de CSS.<\/p>\n<p>Los usuarios pueden deshabilitar CSS o usar sus propias hojas de estilo.\u00a0El foco de la p\u00e1gina actual se resalta en colores contrastantes.<\/p>\n<p>[\/et_pb_text][\/et_pb_column][et_pb_column type=\u00bb1_3&#8243;][\/et_pb_column][\/et_pb_row][\/et_pb_section]<\/p>\n","protected":false},"excerpt":{"rendered":"<p><div class=\"et_pb_row et_pb_row_0 et_pb_row_empty\">\n\t\t\t\t\n\t\t\t\t\n\t\t\t\t\n\t\t\t\t\n\t\t\t\t\n\t\t\t<\/div> Declaraci\u00f3n de Accesibilidad El Centro de Coraz\u00f3n se compromete a garantizar que este sitio web sea accesible para todos. Si tiene alguna pregunta o sugerencia sobre el acceso a este sitio, cont\u00e1ctenos, ya que nos esforzamos continuamente para mejorar la experiencia de todos los visitantes. Si por alg\u00fan motivo no puede acceder al material [&hellip;]<\/p>\n","protected":false},"author":1,"featured_media":0,"parent":0,"menu_order":0,"comment_status":"closed","ping_status":"closed","template":"","meta":{"_acf_changed":false,"_et_pb_use_builder":"on","_et_pb_old_content":"","_et_gb_content_width":"","footnotes":""},"class_list":["post-352","page","type-page","status-publish","hentry"],"acf":[],"_links":{"self":[{"href":"https:\/\/www.elcentrodecorazon.org\/es\/wp-json\/wp\/v2\/pages\/352","targetHints":{"allow":["GET"]}}],"collection":[{"href":"https:\/\/www.elcentrodecorazon.org\/es\/wp-json\/wp\/v2\/pages"}],"about":[{"href":"https:\/\/www.elcentrodecorazon.org\/es\/wp-json\/wp\/v2\/types\/page"}],"author":[{"embeddable":true,"href":"https:\/\/www.elcentrodecorazon.org\/es\/wp-json\/wp\/v2\/users\/1"}],"replies":[{"embeddable":true,"href":"https:\/\/www.elcentrodecorazon.org\/es\/wp-json\/wp\/v2\/comments?post=352"}],"version-history":[{"count":0,"href":"https:\/\/www.elcentrodecorazon.org\/es\/wp-json\/wp\/v2\/pages\/352\/revisions"}],"wp:attachment":[{"href":"https:\/\/www.elcentrodecorazon.org\/es\/wp-json\/wp\/v2\/media?parent=352"}],"curies":[{"name":"wp","href":"https:\/\/api.w.org\/{rel}","templated":true}]}}