{"id":2991,"date":"2019-09-30T16:47:55","date_gmt":"2019-09-30T16:47:55","guid":{"rendered":"https:\/\/www.elcentrodecorazon.org\/?page_id=2991"},"modified":"2019-10-01T13:11:21","modified_gmt":"2019-10-01T13:11:21","slug":"octubre-es-mes-nacional-de-concientizacion-sobre-el-cancer-de-mama","status":"publish","type":"page","link":"https:\/\/www.elcentrodecorazon.org\/es\/octubre-es-mes-nacional-de-concientizacion-sobre-el-cancer-de-mama\/","title":{"rendered":"Octubre es Mes Nacional de Concientizaci\u00f3n sobre el C\u00e1ncer de Mama"},"content":{"rendered":"<p>[et_pb_section bb_built=\u00bb1&#8243;][et_pb_row][et_pb_column type=\u00bb4_4&#8243;][et_pb_image _builder_version=\u00bb3.19.17&#8243; src=\u00bbhttps:\/\/www.elcentrodecorazon.org\/wp-content\/uploads\/2019\/09\/Spanish-October-is-Breast-Cancer-Awareness-Month-Sign.jpg\u00bb \/][et_pb_text _builder_version=\u00bb3.19.17&#8243;]<\/p>\n<div class=\"row \">\n<div class=\"col-md-12\">\n<p>Con la excepci\u00f3n del c\u00e1ncer de piel,\u00a0el c\u00e1ncer de mama\u00a0(seno) es el c\u00e1ncer diagnosticado con m\u00e1s frecuencia entre las mujeres estadounidenses.\u00a0Las mamograf\u00edas\u00a0son el mejor m\u00e9todo para detectar el c\u00e1ncer de mama en sus etapas iniciales, cuando es m\u00e1s f\u00e1cil de tratar y antes de que sea lo suficientemente grande para que se sienta al palpar o cause s\u00edntomas.<\/p>\n<h2><span style=\"font-size: 14pt;\">\u00bfCu\u00e1les son los s\u00edntomas?<\/span><\/h2>\n<p>Hay diferentes\u00a0s\u00edntomas de c\u00e1ncer de mama,\u00a0y algunas personas no tienen s\u00edntomas. Algunos s\u00edntomas del c\u00e1ncer de mama son:<\/p>\n<ul style=\"list-style-type: disc;\">\n<li>Cualquier cambio en el tama\u00f1o o la forma de las mamas.<\/li>\n<li>Dolor en cualquier parte de las mamas.<\/li>\n<li>Secreci\u00f3n del pez\u00f3n que no sea leche (incluso de sangre).<\/li>\n<li>Aparici\u00f3n de un bulto en las mamas o debajo del brazo.<\/li>\n<\/ul>\n<p>Si usted tiene alg\u00fan s\u00edntoma o signo preocupante, consulte a su m\u00e9dico de inmediato.<\/p>\n<\/div>\n<\/div>\n<div class=\"row \">\n<div class=\"col-md-12\">\n<h2><span style=\"font-size: 14pt;\">\u00bfQu\u00e9 puedo hacer para reducir el riesgo?<\/span><\/h2>\n<p>Entre los principales\u00a0factores que influyen en su riesgo de tener c\u00e1ncer de mama\u00a0est\u00e1n:<\/p>\n<ul style=\"list-style-type: disc;\">\n<li>Ser mujer.<\/li>\n<li>Tener mayor edad (la mayor\u00eda de los c\u00e1nceres de mama se detectan en mujeres de 50 a\u00f1os o m\u00e1s).<\/li>\n<li>Tener cambios en los genes BRCA1 o BRCA2.<\/li>\n<\/ul>\n<p>Mayor\u00eda de las mujeres que tienen c\u00e1ncer de mama tiene sin factores de riesgo conocidos y sin antecedentes de la enfermedad en sus familias. Hay cosas que puedes hacer pueden ayudar a\u00a0reducir su riesgo de c\u00e1ncer de mama.<\/p>\n<p>Aunque\u00a0las pruebas de detecci\u00f3n\u00a0no pueden prevenir el c\u00e1ncer de mama, pueden ayudar a detectarlo temprano, cuando lo es m\u00e1s f\u00e1cil de tratar. Consulte con su m\u00e9dico acerca de las pruebas.<\/p>\n<h2><span style=\"font-size: 14pt;\">Datos breves sobre el c\u00e1ncer de mama<\/span><\/h2>\n<ul style=\"list-style-type: disc;\">\n<li>Anualmente en los Estados Unidos, m\u00e1s de 245 000 mujeres contraen c\u00e1ncer de mama y m\u00e1s de 40 000 mujeres mueren de esta enfermedad.<\/li>\n<li>Los hombres tambi\u00e9n pueden contraer c\u00e1ncer de mama, pero no es muy com\u00fan. Menos de 1 % de los c\u00e1nceres de mama ocurren en los hombres.<\/li>\n<li>La mayor\u00eda de los casos de c\u00e1ncer de mama se diagnostican en mujeres de 50 a\u00f1os de edad o m\u00e1s, pero el c\u00e1ncer de mama tambi\u00e9n afecta a las mujeres m\u00e1s j\u00f3venes. Alrededor del 10 % de los nuevos casos de c\u00e1ncer de mama en Estados Unidos se encuentran en las mujeres menor de 45 a\u00f1os de edad.<\/li>\n<\/ul>\n<\/div>\n<p><span style=\"font-size: 8pt;\">Fuente: <a href=\"https:\/\/www.cdc.gov\/spanish\/cancer\/dcpc\/resources\/features\/cancermama\/index.html\" target=\"_blank\" rel=\"noopener\">https:\/\/www.cdc.gov\/spanish\/cancer\/dcpc\/resources\/features\/cancermama\/index.html<\/a><\/span><\/p>\n<\/div>\n<p>[\/et_pb_text][\/et_pb_column][\/et_pb_row][\/et_pb_section]<\/p>\n","protected":false},"excerpt":{"rendered":"<p><div class=\"et_pb_row et_pb_row_0 et_pb_row_empty\">\n\t\t\t\t\n\t\t\t\t\n\t\t\t\t\n\t\t\t\t\n\t\t\t\t\n\t\t\t<\/div> Con la excepci\u00f3n del c\u00e1ncer de piel,\u00a0el c\u00e1ncer de mama\u00a0(seno) es el c\u00e1ncer diagnosticado con m\u00e1s frecuencia entre las mujeres estadounidenses.\u00a0Las mamograf\u00edas\u00a0son el mejor m\u00e9todo para detectar el c\u00e1ncer de mama en sus etapas iniciales, cuando es m\u00e1s f\u00e1cil de tratar y antes de que sea lo suficientemente grande para que se sienta al [&hellip;]<\/p>\n","protected":false},"author":3,"featured_media":0,"parent":0,"menu_order":0,"comment_status":"closed","ping_status":"closed","template":"","meta":{"_acf_changed":false,"_et_pb_use_builder":"on","_et_pb_old_content":"","_et_gb_content_width":"","footnotes":""},"class_list":["post-2991","page","type-page","status-publish","hentry"],"acf":[],"_links":{"self":[{"href":"https:\/\/www.elcentrodecorazon.org\/es\/wp-json\/wp\/v2\/pages\/2991","targetHints":{"allow":["GET"]}}],"collection":[{"href":"https:\/\/www.elcentrodecorazon.org\/es\/wp-json\/wp\/v2\/pages"}],"about":[{"href":"https:\/\/www.elcentrodecorazon.org\/es\/wp-json\/wp\/v2\/types\/page"}],"author":[{"embeddable":true,"href":"https:\/\/www.elcentrodecorazon.org\/es\/wp-json\/wp\/v2\/users\/3"}],"replies":[{"embeddable":true,"href":"https:\/\/www.elcentrodecorazon.org\/es\/wp-json\/wp\/v2\/comments?post=2991"}],"version-history":[{"count":0,"href":"https:\/\/www.elcentrodecorazon.org\/es\/wp-json\/wp\/v2\/pages\/2991\/revisions"}],"wp:attachment":[{"href":"https:\/\/www.elcentrodecorazon.org\/es\/wp-json\/wp\/v2\/media?parent=2991"}],"curies":[{"name":"wp","href":"https:\/\/api.w.org\/{rel}","templated":true}]}}