{"id":253,"date":"2018-05-03T06:06:41","date_gmt":"2018-05-03T06:06:41","guid":{"rendered":"http:\/\/www.elcentrodecorazon.org\/?page_id=253"},"modified":"2025-05-14T09:52:21","modified_gmt":"2025-05-14T14:52:21","slug":"sobre-nosotros-2","status":"publish","type":"page","link":"https:\/\/www.elcentrodecorazon.org\/es\/sobre-nosotros-2\/","title":{"rendered":"SOBRE NOSOTROS"},"content":{"rendered":"<p>[et_pb_section bb_built=\u00bb1&#8243; _builder_version=\u00bb4.16&#8243; global_colors_info=\u00bb{}\u00bb][et_pb_row _builder_version=\u00bb4.16&#8243; background_size=\u00bbinitial\u00bb background_position=\u00bbtop_left\u00bb background_repeat=\u00bbrepeat\u00bb global_colors_info=\u00bb{}\u00bb][et_pb_column type=\u00bb4_4&#8243; _builder_version=\u00bb4.16&#8243; custom_padding=\u00bb|||\u00bb global_colors_info=\u00bb{}\u00bb custom_padding__hover=\u00bb|||\u00bb][et_pb_text _builder_version=\u00bb4.27.4&#8243; vertical_offset_tablet=\u00bb0&#8243; horizontal_offset_tablet=\u00bb0&#8243; hover_enabled=\u00bb0&#8243; z_index_tablet=\u00bb0&#8243; text_text_shadow_horizontal_length_tablet=\u00bb0px\u00bb text_text_shadow_vertical_length_tablet=\u00bb0px\u00bb text_text_shadow_blur_strength_tablet=\u00bb1px\u00bb link_text_shadow_horizontal_length_tablet=\u00bb0px\u00bb link_text_shadow_vertical_length_tablet=\u00bb0px\u00bb link_text_shadow_blur_strength_tablet=\u00bb1px\u00bb ul_text_shadow_horizontal_length_tablet=\u00bb0px\u00bb ul_text_shadow_vertical_length_tablet=\u00bb0px\u00bb ul_text_shadow_blur_strength_tablet=\u00bb1px\u00bb ol_text_shadow_horizontal_length_tablet=\u00bb0px\u00bb ol_text_shadow_vertical_length_tablet=\u00bb0px\u00bb ol_text_shadow_blur_strength_tablet=\u00bb1px\u00bb quote_text_shadow_horizontal_length_tablet=\u00bb0px\u00bb quote_text_shadow_vertical_length_tablet=\u00bb0px\u00bb quote_text_shadow_blur_strength_tablet=\u00bb1px\u00bb header_text_shadow_horizontal_length_tablet=\u00bb0px\u00bb header_text_shadow_vertical_length_tablet=\u00bb0px\u00bb header_text_shadow_blur_strength_tablet=\u00bb1px\u00bb header_2_text_shadow_horizontal_length_tablet=\u00bb0px\u00bb header_2_text_shadow_vertical_length_tablet=\u00bb0px\u00bb header_2_text_shadow_blur_strength_tablet=\u00bb1px\u00bb header_3_text_shadow_horizontal_length_tablet=\u00bb0px\u00bb header_3_text_shadow_vertical_length_tablet=\u00bb0px\u00bb header_3_text_shadow_blur_strength_tablet=\u00bb1px\u00bb header_4_text_shadow_horizontal_length_tablet=\u00bb0px\u00bb header_4_text_shadow_vertical_length_tablet=\u00bb0px\u00bb header_4_text_shadow_blur_strength_tablet=\u00bb1px\u00bb header_5_text_shadow_horizontal_length_tablet=\u00bb0px\u00bb header_5_text_shadow_vertical_length_tablet=\u00bb0px\u00bb header_5_text_shadow_blur_strength_tablet=\u00bb1px\u00bb header_6_text_shadow_horizontal_length_tablet=\u00bb0px\u00bb header_6_text_shadow_vertical_length_tablet=\u00bb0px\u00bb header_6_text_shadow_blur_strength_tablet=\u00bb1px\u00bb box_shadow_horizontal_tablet=\u00bb0px\u00bb box_shadow_vertical_tablet=\u00bb0px\u00bb box_shadow_blur_tablet=\u00bb40px\u00bb box_shadow_spread_tablet=\u00bb0px\u00bb global_colors_info=\u00bb{}\u00bb sticky_enabled=\u00bb0&#8243; background_pattern_color=\u00bbrgba(0,0,0,0.2)\u00bb background_mask_color=\u00bb#ffffff\u00bb text_text_shadow_horizontal_length=\u00bbtext_text_shadow_style,%91object Object%93&#8243; text_text_shadow_vertical_length=\u00bbtext_text_shadow_style,%91object Object%93&#8243; text_text_shadow_blur_strength=\u00bbtext_text_shadow_style,%91object Object%93&#8243; link_text_shadow_horizontal_length=\u00bblink_text_shadow_style,%91object Object%93&#8243; link_text_shadow_vertical_length=\u00bblink_text_shadow_style,%91object Object%93&#8243; link_text_shadow_blur_strength=\u00bblink_text_shadow_style,%91object Object%93&#8243; ul_text_shadow_horizontal_length=\u00bbul_text_shadow_style,%91object Object%93&#8243; ul_text_shadow_vertical_length=\u00bbul_text_shadow_style,%91object Object%93&#8243; ul_text_shadow_blur_strength=\u00bbul_text_shadow_style,%91object Object%93&#8243; ol_text_shadow_horizontal_length=\u00bbol_text_shadow_style,%91object Object%93&#8243; ol_text_shadow_vertical_length=\u00bbol_text_shadow_style,%91object Object%93&#8243; ol_text_shadow_blur_strength=\u00bbol_text_shadow_style,%91object Object%93&#8243; quote_text_shadow_horizontal_length=\u00bbquote_text_shadow_style,%91object Object%93&#8243; quote_text_shadow_vertical_length=\u00bbquote_text_shadow_style,%91object Object%93&#8243; quote_text_shadow_blur_strength=\u00bbquote_text_shadow_style,%91object Object%93&#8243; header_text_shadow_horizontal_length=\u00bbheader_text_shadow_style,%91object Object%93&#8243; header_text_shadow_vertical_length=\u00bbheader_text_shadow_style,%91object Object%93&#8243; header_text_shadow_blur_strength=\u00bbheader_text_shadow_style,%91object Object%93&#8243; header_2_text_shadow_horizontal_length=\u00bbheader_2_text_shadow_style,%91object Object%93&#8243; header_2_text_shadow_vertical_length=\u00bbheader_2_text_shadow_style,%91object Object%93&#8243; header_2_text_shadow_blur_strength=\u00bbheader_2_text_shadow_style,%91object Object%93&#8243; header_3_text_shadow_horizontal_length=\u00bbheader_3_text_shadow_style,%91object Object%93&#8243; header_3_text_shadow_vertical_length=\u00bbheader_3_text_shadow_style,%91object Object%93&#8243; header_3_text_shadow_blur_strength=\u00bbheader_3_text_shadow_style,%91object Object%93&#8243; header_4_text_shadow_horizontal_length=\u00bbheader_4_text_shadow_style,%91object Object%93&#8243; header_4_text_shadow_vertical_length=\u00bbheader_4_text_shadow_style,%91object Object%93&#8243; header_4_text_shadow_blur_strength=\u00bbheader_4_text_shadow_style,%91object Object%93&#8243; header_5_text_shadow_horizontal_length=\u00bbheader_5_text_shadow_style,%91object Object%93&#8243; header_5_text_shadow_vertical_length=\u00bbheader_5_text_shadow_style,%91object Object%93&#8243; header_5_text_shadow_blur_strength=\u00bbheader_5_text_shadow_style,%91object Object%93&#8243; header_6_text_shadow_horizontal_length=\u00bbheader_6_text_shadow_style,%91object Object%93&#8243; header_6_text_shadow_vertical_length=\u00bbheader_6_text_shadow_style,%91object Object%93&#8243; header_6_text_shadow_blur_strength=\u00bbheader_6_text_shadow_style,%91object Object%93&#8243;]<\/p>\n<h1 class=\"pagename\">Sobre El Centro de Coraz\u00f3n<\/h1>\n<p><img loading=\"lazy\" decoding=\"async\" class=\"aligncenter size-full wp-image-175\" src=\"https:\/\/www.elcentrodecorazon.org\/wp-content\/uploads\/2018\/04\/140909_137-2.jpg\" alt=\"\" width=\"1140\" height=\"550\" srcset=\"https:\/\/www.elcentrodecorazon.org\/wp-content\/uploads\/2018\/04\/140909_137-2.jpg 1140w, https:\/\/www.elcentrodecorazon.org\/wp-content\/uploads\/2018\/04\/140909_137-2-300x145.jpg 300w, https:\/\/www.elcentrodecorazon.org\/wp-content\/uploads\/2018\/04\/140909_137-2-768x371.jpg 768w, https:\/\/www.elcentrodecorazon.org\/wp-content\/uploads\/2018\/04\/140909_137-2-1024x494.jpg 1024w, https:\/\/www.elcentrodecorazon.org\/wp-content\/uploads\/2018\/04\/140909_137-2-1080x521.jpg 1080w\" sizes=\"(max-width: 1140px) 100vw, 1140px\" \/><\/p>\n<p>\u00a0<\/p>\n<p>El Centro de Coraz\u00f3n fue fundado en 1994 en la empobrecida comunidad de East End en Houston como una organizaci\u00f3n de servicios sociales con un enfoque inicial en el desarrollo de la primera infancia. Con los a\u00f1os, El Centro expandi\u00f3 su enfoque para incluir la salud general de los residentes del East End y del \u00e1rea metropolitana de Houston. Hoy en d\u00eda, El Centro es un Centro de Salud designado federalmente (FQHC) con cuatro centros de salud que ofrecen atenci\u00f3n primaria pedi\u00e1trica y para adultos, servicios de salud para mujeres, atenci\u00f3n dental pedi\u00e1trica y para adultos y servicios de salud del comportamiento. El Centro tambi\u00e9n brinda servicios de atenci\u00f3n primaria en el Centro Harris para la Salud Mental y en las instalaciones para pacientes ambulatorios del sureste de IDD.<\/p>\n<h3>Visi\u00f3n<\/h3>\n<p>Ser la piedra angular de una comunidad m\u00e1s saludable.<\/p>\n<h3>Misi\u00f3n<\/h3>\n<p>Para mejorar el bienestar de las comunidades a las que servimos a trav\u00e9s de servicios preventivos y atenci\u00f3n m\u00e9dica de calidad.<\/p>\n<h3>Valores Fundamentales<\/h3>\n<ul>\n<li>Centrado en la comunidad<\/li>\n<li>Innovador<\/li>\n<li>Calidad conducida<\/li>\n<li>Honestidad<\/li>\n<li>Respeto<\/li>\n<\/ul>\n<h3>Disparidades de salud<\/h3>\n<p>El Centro esta en el coraz\u00f3n de hacer del East End una comunidad saludable, a trav\u00e9s de una atenci\u00f3n de calidad que llegue a toda la familia, que trate a toda la persona a trav\u00e9s de servicios prenatales, dentales, mentales y atenci\u00f3n m\u00e9dica para adultos y ni\u00f1os.<\/p>\n<p>El Centro no le niega servicios a nadie por su incapacidad de pago. Ofrecemos descuentos seg\u00fan la escala de ingresos del hogar. Si le interesa solicitar un descuento, hable con nuestro personal.<\/p>\n<h3 align=\"left\">El Centro proporciona<\/h3>\n<div>\n<ul>\n<li class=\"odd\">Todos los servicios en espa\u00f1ol<\/li>\n<li class=\"even\">Atenci\u00f3n de salud dental, mental y primaria<\/li>\n<li class=\"odd\">Servicios de salud mental en cada cl\u00ednica<\/li>\n<li>Talleres semanales de autogesti\u00f3n para pacientes diab\u00e9ticos<\/li>\n<\/ul>\n<\/div>\n<p>[\/et_pb_text][et_pb_text disabled_on=\u00bbon|on|\u00bb _builder_version=\u00bb4.27.4&#8243; vertical_offset_tablet=\u00bb0&#8243; horizontal_offset_tablet=\u00bb0&#8243; z_index_tablet=\u00bb0&#8243; text_text_shadow_horizontal_length_tablet=\u00bb0px\u00bb text_text_shadow_vertical_length_tablet=\u00bb0px\u00bb text_text_shadow_blur_strength_tablet=\u00bb1px\u00bb link_text_shadow_horizontal_length_tablet=\u00bb0px\u00bb link_text_shadow_vertical_length_tablet=\u00bb0px\u00bb link_text_shadow_blur_strength_tablet=\u00bb1px\u00bb ul_text_shadow_horizontal_length_tablet=\u00bb0px\u00bb ul_text_shadow_vertical_length_tablet=\u00bb0px\u00bb ul_text_shadow_blur_strength_tablet=\u00bb1px\u00bb ol_text_shadow_horizontal_length_tablet=\u00bb0px\u00bb ol_text_shadow_vertical_length_tablet=\u00bb0px\u00bb ol_text_shadow_blur_strength_tablet=\u00bb1px\u00bb quote_text_shadow_horizontal_length_tablet=\u00bb0px\u00bb quote_text_shadow_vertical_length_tablet=\u00bb0px\u00bb quote_text_shadow_blur_strength_tablet=\u00bb1px\u00bb header_text_shadow_horizontal_length_tablet=\u00bb0px\u00bb header_text_shadow_vertical_length_tablet=\u00bb0px\u00bb header_text_shadow_blur_strength_tablet=\u00bb1px\u00bb header_2_text_shadow_horizontal_length_tablet=\u00bb0px\u00bb header_2_text_shadow_vertical_length_tablet=\u00bb0px\u00bb header_2_text_shadow_blur_strength_tablet=\u00bb1px\u00bb header_3_text_shadow_horizontal_length_tablet=\u00bb0px\u00bb header_3_text_shadow_vertical_length_tablet=\u00bb0px\u00bb header_3_text_shadow_blur_strength_tablet=\u00bb1px\u00bb header_4_text_shadow_horizontal_length_tablet=\u00bb0px\u00bb header_4_text_shadow_vertical_length_tablet=\u00bb0px\u00bb header_4_text_shadow_blur_strength_tablet=\u00bb1px\u00bb header_5_text_shadow_horizontal_length_tablet=\u00bb0px\u00bb header_5_text_shadow_vertical_length_tablet=\u00bb0px\u00bb header_5_text_shadow_blur_strength_tablet=\u00bb1px\u00bb header_6_text_shadow_horizontal_length_tablet=\u00bb0px\u00bb header_6_text_shadow_vertical_length_tablet=\u00bb0px\u00bb header_6_text_shadow_blur_strength_tablet=\u00bb1px\u00bb box_shadow_horizontal_tablet=\u00bb0px\u00bb box_shadow_vertical_tablet=\u00bb0px\u00bb box_shadow_blur_tablet=\u00bb40px\u00bb box_shadow_spread_tablet=\u00bb0px\u00bb global_colors_info=\u00bb{}\u00bb]<\/p>\n<h3 align=\"left\">Histor\u00eda<\/h3>\n<table style=\"height: 391px; width: 101.668%;\" border=\"0\" width=\"1214\">\n<tbody>\n<tr class=\"odd\" style=\"height: 23px;\">\n<td style=\"height: 23px; width: 100%;\">\n<p><strong>1994<\/strong>\u00a0&#8211; El Centro fue fundado y funcion\u00f3 como una casa en la comunidad, ofreciendo servicios de salud mental y de intervenci\u00f3n en la primera infancia<\/p>\n<\/td>\n<\/tr>\n<tr class=\"even\" style=\"height: 23px;\">\n<td style=\"height: 23px; width: 100%;\">\n<p><strong>2003<\/strong>\u00a0&#8211;\u00a0El Centro se fusion\u00f3 con Eastwood Health Clinic y se lo calific\u00f3 como un centro de salud federalmente calificado<\/p>\n<\/td>\n<\/tr>\n<tr class=\"odd\" style=\"height: 23px;\">\n<td style=\"height: 23px; width: 100%;\">\n<p><strong>2005<\/strong>\u00a0&#8211; El Centro expandi\u00f3 la atenci\u00f3n pedi\u00e1trica y primaria al Centro de servicios m\u00faltiples Magnolia de la ciudad de Houston<\/p>\n<\/td>\n<\/tr>\n<tr class=\"even\" style=\"height: 23px;\">\n<td style=\"height: 23px; width: 100%;\">\n<p><strong>2007<\/strong>\u00a0&#8211; El\u00a0expandi\u00f3 la atenci\u00f3n prenatal al Centro de servicios m\u00faltiples Magnolia de la ciudad de Houston<\/p>\n<\/td>\n<\/tr>\n<tr class=\"odd\" style=\"height: 46px;\">\n<td style=\"height: 46px; width: 100%;\">\n<p><strong>2010<\/strong>\u00a0&#8211; El Centro expandi\u00f3 la atenci\u00f3n pedi\u00e1trica a la nueva Cl\u00ednica John S. Dunn y ampli\u00f3 los servicios de salud conductual y prenatal al Centro de servicios m\u00faltiples Sunnyside de la ciudad de Houston<\/p>\n<\/td>\n<\/tr>\n<tr class=\"even\" style=\"height: 23px;\">\n<td style=\"height: 23px; width: 100%;\">\n<p><strong>2015<\/strong>\u00a0&#8211;\u00a0El Centro\u00a0expandi\u00f3 los servicios de atenci\u00f3n primaria en el Centro Harris para la Salud Mental y la instalaci\u00f3n para pacientes ambulatorios del sureste de IDD<\/p>\n<\/td>\n<\/tr>\n<tr class=\"odd\" style=\"height: 23px;\">\n<td style=\"height: 23px; width: 100%;\">\n<p><strong>2016 &#8211; <\/strong>El Centro\u00a0de Salud John S. Dunn de El Centro fue reconocido por el Comit\u00e9 Nacional de Garant\u00eda de Calidad (NCQA) como un Hogar M\u00e9dico Centrado en el Paciente &#8211; Nivel 1<\/p>\n<\/td>\n<\/tr>\n<tr class=\"even\" style=\"height: 69px;\">\n<td style=\"height: 69px; width: 100%;\">\n<p><strong>2017<\/strong>\u00a0&#8211; Nuevo en El Centro: 1) Programa de Bienestar Infantil para abordar la obesidad infantil; 2) Modelo de atenci\u00f3n de salud conductual de atenci\u00f3n primaria para abordar las necesidades concurrentes de salud conductual y m\u00e9dica de pacientes pedi\u00e1tricos; 3) Programa de Prevenci\u00f3n de Bienestar para prevenir la diabetes en ni\u00f1os y adultos; 4) Modelo de atenci\u00f3n del grupo CenteringPregnancy\u00ae para mejorar los resultados de salud materna e infantil. y 5) modelo de atenci\u00f3n del grupo CenteringParenting\u00ae para mejorar los resultados de salud familiar.<\/p>\n<\/td>\n<\/tr>\n<tr style=\"height: 138px;\">\n<td style=\"width: 100%; height: 138px;\">\n<p><strong>2018 &#8211; <\/strong>Nuevo en El Centro: 1) Commit to Be Fit, el nuevo componente de actividad f\u00edsica de su Programa de Bienestar, para que las actividades de ejercicio y acondicionamiento f\u00edsico con un entrenador est\u00e9n disponibles para los pacientes y residentes del \u00e1rea. 2) El programa <em>Fresh Rx<\/em> como parte del programa<em> Get Moving Houston Farmer\u00b4s Markets<\/em> de la Ciudad de Houston, aumentando el acceso a alimentos frescos y nutritivos para los participantes del Programa de Bienestar Infantil y sus familiares. 3) Revitalizar el jard\u00edn del Centro Multiservicio de Magnolia a trav\u00e9s de una iniciativa de participaci\u00f3n comunitaria para promover estilos de vida m\u00e1s saludables, crear un sentido de comunidad y aumentar el acceso a alimentos saludables<\/p>\n<\/td>\n<\/tr>\n<\/tbody>\n<\/table>\n<table style=\"width: 101.652%; height: 20px;\" border=\"0\">\n<tbody>\n<tr class=\"odd\" style=\"height: 23px;\">\n<td style=\"height: 10px; width: 100%;\">\u00a0<\/td>\n<\/tr>\n<tr class=\"even\" style=\"height: 23px;\">\n<td style=\"height: 10px; width: 100%;\">\n<p><strong>2019<\/strong> &#8211; Nuevo en El Centro: 1) Reabri\u00f3 su recientemente renovado Centro de Salud John S. Dunn, el acceso a la atenci\u00f3n m\u00e9dica mejorar\u00e1 enormemente mediante la adici\u00f3n de servicios m\u00e9dicos y dentales para adultos. 2) Iniciamos el Growing Roots East End Network (GREEN) con escuelas y organizaciones locales para revitalizar los jardines comunitarios, aumentar el acceso a alimentos frescos y mejorar la cohesi\u00f3n comunitaria. 3) Mayor acceso a la actividad f\u00edsica mediante la implementaci\u00f3n del programa Commit to Be Fit, que ofrece clases de ejercicio semanales gratuitas para pacientes y residentes del \u00e1rea en tres ubicaciones en el East End y una en Galena Park.<\/p>\n<\/td>\n<\/tr>\n<\/tbody>\n<\/table>\n<p>[\/et_pb_text][et_pb_text disabled_on=\u00bb||on\u00bb _builder_version=\u00bb4.16&#8243; vertical_offset_tablet=\u00bb0&#8243; horizontal_offset_tablet=\u00bb0&#8243; z_index_tablet=\u00bb0&#8243; text_text_shadow_horizontal_length_tablet=\u00bb0px\u00bb text_text_shadow_vertical_length_tablet=\u00bb0px\u00bb text_text_shadow_blur_strength_tablet=\u00bb1px\u00bb link_text_shadow_horizontal_length_tablet=\u00bb0px\u00bb link_text_shadow_vertical_length_tablet=\u00bb0px\u00bb link_text_shadow_blur_strength_tablet=\u00bb1px\u00bb ul_text_shadow_horizontal_length_tablet=\u00bb0px\u00bb ul_text_shadow_vertical_length_tablet=\u00bb0px\u00bb ul_text_shadow_blur_strength_tablet=\u00bb1px\u00bb ol_text_shadow_horizontal_length_tablet=\u00bb0px\u00bb ol_text_shadow_vertical_length_tablet=\u00bb0px\u00bb ol_text_shadow_blur_strength_tablet=\u00bb1px\u00bb quote_text_shadow_horizontal_length_tablet=\u00bb0px\u00bb quote_text_shadow_vertical_length_tablet=\u00bb0px\u00bb quote_text_shadow_blur_strength_tablet=\u00bb1px\u00bb header_text_shadow_horizontal_length_tablet=\u00bb0px\u00bb header_text_shadow_vertical_length_tablet=\u00bb0px\u00bb header_text_shadow_blur_strength_tablet=\u00bb1px\u00bb header_2_text_shadow_horizontal_length_tablet=\u00bb0px\u00bb header_2_text_shadow_vertical_length_tablet=\u00bb0px\u00bb header_2_text_shadow_blur_strength_tablet=\u00bb1px\u00bb header_3_text_shadow_horizontal_length_tablet=\u00bb0px\u00bb header_3_text_shadow_vertical_length_tablet=\u00bb0px\u00bb header_3_text_shadow_blur_strength_tablet=\u00bb1px\u00bb header_4_text_shadow_horizontal_length_tablet=\u00bb0px\u00bb header_4_text_shadow_vertical_length_tablet=\u00bb0px\u00bb header_4_text_shadow_blur_strength_tablet=\u00bb1px\u00bb header_5_text_shadow_horizontal_length_tablet=\u00bb0px\u00bb header_5_text_shadow_vertical_length_tablet=\u00bb0px\u00bb header_5_text_shadow_blur_strength_tablet=\u00bb1px\u00bb header_6_text_shadow_horizontal_length_tablet=\u00bb0px\u00bb header_6_text_shadow_vertical_length_tablet=\u00bb0px\u00bb header_6_text_shadow_blur_strength_tablet=\u00bb1px\u00bb box_shadow_horizontal_tablet=\u00bb0px\u00bb box_shadow_vertical_tablet=\u00bb0px\u00bb box_shadow_blur_tablet=\u00bb40px\u00bb box_shadow_spread_tablet=\u00bb0px\u00bb global_colors_info=\u00bb{}\u00bb]<\/p>\n<h3 align=\"left\">Histor\u00eda<\/h3>\n<p><strong>1994<\/strong>\u00a0&#8211; El Centro fue fundado y funcion\u00f3 como una casa en la comunidad, ofreciendo servicios de salud mental y de intervenci\u00f3n en la primera infancia<\/p>\n<p><strong>2003<\/strong>\u00a0&#8211;\u00a0El Centro se fusion\u00f3 con Eastwood Health Clinic y se lo calific\u00f3 como un centro de salud federalmente calificado<\/p>\n<p><strong>2005<\/strong>\u00a0&#8211; El Centro expandi\u00f3 la atenci\u00f3n pedi\u00e1trica y primaria al Centro de servicios m\u00faltiples Magnolia de la ciudad de Houston<\/p>\n<p><strong>2007<\/strong>\u00a0&#8211; El\u00a0expandi\u00f3 la atenci\u00f3n prenatal al Centro de servicios m\u00faltiples Magnolia de la ciudad de Houston<\/p>\n<p><strong>2010<\/strong>\u00a0&#8211; El Centro expandi\u00f3 la atenci\u00f3n pedi\u00e1trica a la nueva Cl\u00ednica John S. Dunn y ampli\u00f3 los servicios de salud conductual y prenatal al Centro de servicios m\u00faltiples Sunnyside de la ciudad de Houston<\/p>\n<p><strong>2015<\/strong>\u00a0&#8211;\u00a0El Centro\u00a0expandi\u00f3 los servicios de atenci\u00f3n primaria en el Centro Harris para la Salud Mental y la instalaci\u00f3n para pacientes ambulatorios del sureste de IDD<\/p>\n<p><strong>2016 &#8211; <\/strong>El Centro\u00a0de Salud John S. Dunn de El Centro fue reconocido por el Comit\u00e9 Nacional de Garant\u00eda de Calidad (NCQA) como un Hogar M\u00e9dico Centrado en el Paciente &#8211; Nivel 1<\/p>\n<p><strong>2017<\/strong>\u00a0&#8211; Nuevo en El Centro: 1) Programa de Bienestar Infantil para abordar la obesidad infantil; 2) Modelo de atenci\u00f3n de salud conductual de atenci\u00f3n primaria para abordar las necesidades concurrentes de salud conductual y m\u00e9dica de pacientes pedi\u00e1tricos; 3) Programa de Prevenci\u00f3n de Bienestar para prevenir la diabetes en ni\u00f1os y adultos; 4) Modelo de atenci\u00f3n del grupo CenteringPregnancy\u00ae para mejorar los resultados de salud materna e infantil. y 5) modelo de atenci\u00f3n del grupo CenteringParenting\u00ae para mejorar los resultados de salud familiar.<\/p>\n<p><strong>2018 &#8211; <\/strong>Nuevo en El Centro: 1) Commit to Be Fit, el nuevo componente de actividad f\u00edsica de su Programa de Bienestar, para que las actividades de ejercicio y acondicionamiento f\u00edsico con un entrenador est\u00e9n disponibles para los pacientes y residentes del \u00e1rea. 2) El programa <em>Fresh Rx<\/em> como parte del programa<em> Get Moving Houston Farmer\u00b4s Markets<\/em> de la Ciudad de Houston, aumentando el acceso a alimentos frescos y nutritivos para los participantes del Programa de Bienestar Infantil y sus familiares. 3) Revitalizar el jard\u00edn del Centro Multiservicio de Magnolia a trav\u00e9s de una iniciativa de participaci\u00f3n comunitaria para promover estilos de vida m\u00e1s saludables, crear un sentido de comunidad y aumentar el acceso a alimentos saludables<\/p>\n<p><strong>2019<\/strong> &#8211; Nuevo en El Centro: 1) Reabri\u00f3 su recientemente renovado Centro de Salud John S. Dunn, el acceso a la atenci\u00f3n m\u00e9dica mejorar\u00e1 enormemente mediante la adici\u00f3n de servicios m\u00e9dicos y dentales para adultos. 2) Iniciamos el Growing Roots East End Network (GREEN) con escuelas y organizaciones locales para revitalizar los jardines comunitarios, aumentar el acceso a alimentos frescos y mejorar la cohesi\u00f3n comunitaria. 3) Mayor acceso a la actividad f\u00edsica mediante la implementaci\u00f3n del programa Commit to Be Fit, que ofrece clases de ejercicio semanales gratuitas para pacientes y residentes del \u00e1rea en tres ubicaciones en el East End y una en Galena Park.<\/p>\n<p>[\/et_pb_text][\/et_pb_column][\/et_pb_row][\/et_pb_section]<\/p>\n","protected":false},"excerpt":{"rendered":"<p>Sobre El Centro de Coraz\u00f3n\u00a0El Centro de Coraz\u00f3n fue fundado en 1994 en la empobrecida comunidad de East End en Houston como una organizaci\u00f3n de servicios sociales con un enfoque inicial en el desarrollo de la primera infancia. Con los a\u00f1os, El Centro expandi\u00f3 su enfoque para incluir la salud general de los residentes del [&hellip;]<\/p>\n","protected":false},"author":1,"featured_media":0,"parent":0,"menu_order":0,"comment_status":"closed","ping_status":"closed","template":"page-template\/about-template.php","meta":{"_acf_changed":false,"_et_pb_use_builder":"on","_et_pb_old_content":"","_et_gb_content_width":"","footnotes":""},"class_list":["post-253","page","type-page","status-publish","hentry"],"acf":[],"_links":{"self":[{"href":"https:\/\/www.elcentrodecorazon.org\/es\/wp-json\/wp\/v2\/pages\/253","targetHints":{"allow":["GET"]}}],"collection":[{"href":"https:\/\/www.elcentrodecorazon.org\/es\/wp-json\/wp\/v2\/pages"}],"about":[{"href":"https:\/\/www.elcentrodecorazon.org\/es\/wp-json\/wp\/v2\/types\/page"}],"author":[{"embeddable":true,"href":"https:\/\/www.elcentrodecorazon.org\/es\/wp-json\/wp\/v2\/users\/1"}],"replies":[{"embeddable":true,"href":"https:\/\/www.elcentrodecorazon.org\/es\/wp-json\/wp\/v2\/comments?post=253"}],"version-history":[{"count":0,"href":"https:\/\/www.elcentrodecorazon.org\/es\/wp-json\/wp\/v2\/pages\/253\/revisions"}],"wp:attachment":[{"href":"https:\/\/www.elcentrodecorazon.org\/es\/wp-json\/wp\/v2\/media?parent=253"}],"curies":[{"name":"wp","href":"https:\/\/api.w.org\/{rel}","templated":true}]}}