{"id":2486,"date":"2019-06-27T16:20:49","date_gmt":"2019-06-27T16:20:49","guid":{"rendered":"https:\/\/www.elcentrodecorazon.org\/?page_id=2486"},"modified":"2019-06-27T16:21:17","modified_gmt":"2019-06-27T16:21:17","slug":"prevenga-t2-la-historia-de-herlinda","status":"publish","type":"page","link":"https:\/\/www.elcentrodecorazon.org\/es\/prevenga-t2-la-historia-de-herlinda\/","title":{"rendered":"Prevenga T2: La Historia de Herlinda"},"content":{"rendered":"<p>[et_pb_section bb_built=\u00bb1&#8243;][et_pb_row][et_pb_column type=\u00bb4_4&#8243;][et_pb_image _builder_version=\u00bb3.19.17&#8243; src=\u00bbhttps:\/\/www.elcentrodecorazon.org\/wp-content\/uploads\/2019\/06\/Copy-of-Prevenga-T2-2.png\u00bb \/][et_pb_divider _builder_version=\u00bb3.19.17&#8243; show_divider=\u00bboff\u00bb \/][\/et_pb_column][\/et_pb_row][et_pb_row][et_pb_column type=\u00bb2_3&#8243;][et_pb_text _builder_version=\u00bb3.19.17&#8243;]<\/p>\n<p>Herlinda Escamilla Ch\u00e1vez es participante del programa Prevenga T2 de El Centro. Al principio, estaba motivada para unirse al programa, pero ten\u00eda dificultades para tomar decisiones saludables para mejorar su salud general. Ella estaba perdiendo sesiones continuamente y no estaba haciendo de su salud una prioridad. Fue solo despu\u00e9s de una visita de seguimiento con su proveedor que decidi\u00f3 que era hora de ser consistente.<\/p>\n<p>Herlinda se uni\u00f3 al programa Prevenga T2 porque ten\u00eda miedo de desarrollar diabetes y hab\u00eda visto de primera mano c\u00f3mo afectaba a varios miembros de su familia. En el grupo, ella aprendi\u00f3 sobre la diabetes, c\u00f3mo elegir alimentos m\u00e1s saludables y la importancia del ejercicio. No solo disfrutaba asistir a las sesiones, sino que tambi\u00e9n se sent\u00eda m\u00e1s motivada despu\u00e9s de cada una.<\/p>\n<p>Ahora se siente m\u00e1s segura, tiene m\u00e1s energ\u00eda e incluso ha perdido peso. \u00abRecomiendo el programa Prevenga T2 porque te educan sobre c\u00f3mo comer de manera m\u00e1s saludable, te ense\u00f1an sobre La diabetes, y la importancia de la salud y el ejercicio.\u201d Est\u00e1 satisfecha con su progreso y actualmente todav\u00eda asiste a las sesiones grupales.<\/p>\n<p><strong>Sobre el programa Prevenga T2<\/strong><\/p>\n<p>El programa Prevenga T2 reduce el riesgo de desarrollar diabetes tipo 2 al conocer y mantener cambios en el estilo de vida saludable, con el apoyo de un entrenador de estilo de vida capacitado, para comer de manera m\u00e1s saludable, aumentar la actividad f\u00edsica, reducir el estr\u00e9s y resolver problemas.<\/p>\n<p>Para obtener m\u00e1s informaci\u00f3n sobre el programa Prevenga T2 de El Centro, <a href=\"https:\/\/www.elcentrodecorazon.org\/es\/programas\/el-manejo-de-la-diabetes\/\">haga clic aqu\u00ed.<\/a><\/p>\n<p>[\/et_pb_text][et_pb_button _builder_version=\u00bb3.19.17&#8243; button_text=\u00bbHaga posible la asistencia m\u00e9dica de calidad\u00bb button_url=\u00bbhttps:\/\/www.elcentrodecorazon.org\/es\/dona-ahora\/\u00bb \/][\/et_pb_column][et_pb_column type=\u00bb1_3&#8243;][et_pb_image _builder_version=\u00bb3.19.17&#8243; src=\u00bbhttps:\/\/www.elcentrodecorazon.org\/wp-content\/uploads\/2019\/06\/Prevenga-T2-Testimony-Picture.png\u00bb \/][\/et_pb_column][\/et_pb_row][\/et_pb_section]<\/p>\n","protected":false},"excerpt":{"rendered":"<p><div class=\"et_pb_row et_pb_row_0 et_pb_row_empty\">\n\t\t\t\t\n\t\t\t\t\n\t\t\t\t\n\t\t\t\t\n\t\t\t\t\n\t\t\t<\/div><div class=\"et_pb_row et_pb_row_1 et_pb_row_empty\">\n\t\t\t\t\n\t\t\t\t\n\t\t\t\t\n\t\t\t\t\n\t\t\t\t\n\t\t\t<\/div> Herlinda Escamilla Ch\u00e1vez es participante del programa Prevenga T2 de El Centro. Al principio, estaba motivada para unirse al programa, pero ten\u00eda dificultades para tomar decisiones saludables para mejorar su salud general. Ella estaba perdiendo sesiones continuamente y no estaba haciendo de su salud una prioridad. Fue solo despu\u00e9s de una visita de seguimiento [&hellip;]<\/p>\n","protected":false},"author":3,"featured_media":0,"parent":0,"menu_order":0,"comment_status":"closed","ping_status":"closed","template":"","meta":{"_acf_changed":false,"_et_pb_use_builder":"on","_et_pb_old_content":"","_et_gb_content_width":"","footnotes":""},"class_list":["post-2486","page","type-page","status-publish","hentry"],"acf":[],"_links":{"self":[{"href":"https:\/\/www.elcentrodecorazon.org\/es\/wp-json\/wp\/v2\/pages\/2486","targetHints":{"allow":["GET"]}}],"collection":[{"href":"https:\/\/www.elcentrodecorazon.org\/es\/wp-json\/wp\/v2\/pages"}],"about":[{"href":"https:\/\/www.elcentrodecorazon.org\/es\/wp-json\/wp\/v2\/types\/page"}],"author":[{"embeddable":true,"href":"https:\/\/www.elcentrodecorazon.org\/es\/wp-json\/wp\/v2\/users\/3"}],"replies":[{"embeddable":true,"href":"https:\/\/www.elcentrodecorazon.org\/es\/wp-json\/wp\/v2\/comments?post=2486"}],"version-history":[{"count":0,"href":"https:\/\/www.elcentrodecorazon.org\/es\/wp-json\/wp\/v2\/pages\/2486\/revisions"}],"wp:attachment":[{"href":"https:\/\/www.elcentrodecorazon.org\/es\/wp-json\/wp\/v2\/media?parent=2486"}],"curies":[{"name":"wp","href":"https:\/\/api.w.org\/{rel}","templated":true}]}}