{"id":2380,"date":"2019-06-10T17:12:29","date_gmt":"2019-06-10T17:12:29","guid":{"rendered":"https:\/\/www.elcentrodecorazon.org\/?page_id=2380"},"modified":"2019-06-10T17:12:29","modified_gmt":"2019-06-10T17:12:29","slug":"jackie-parsons-rn-cde","status":"publish","type":"page","link":"https:\/\/www.elcentrodecorazon.org\/es\/jackie-parsons-rn-cde\/","title":{"rendered":"Jackie Parsons, RN, CDE"},"content":{"rendered":"<p>[et_pb_section bb_built=\u00bb1&#8243;][et_pb_row][et_pb_column type=\u00bb4_4&#8243;][et_pb_text _builder_version=\u00bb3.19.17&#8243; disabled=\u00bboff\u00bb disabled_on=\u00bbon|on|\u00bb]<\/p>\n<p><strong><span style=\"font-size: 12pt;\"><a href=\"https:\/\/www.elcentrodecorazon.org\/wp-content\/uploads\/2019\/05\/jacqueline-parsons-rn-diabetes-educator.jpg\"><img loading=\"lazy\" decoding=\"async\" class=\"size-full wp-image-2182 alignleft\" src=\"https:\/\/www.elcentrodecorazon.org\/wp-content\/uploads\/2019\/05\/jacqueline-parsons-rn-diabetes-educator.jpg\" alt=\"\" width=\"345\" height=\"260\" srcset=\"https:\/\/www.elcentrodecorazon.org\/wp-content\/uploads\/2019\/05\/jacqueline-parsons-rn-diabetes-educator.jpg 345w, https:\/\/www.elcentrodecorazon.org\/wp-content\/uploads\/2019\/05\/jacqueline-parsons-rn-diabetes-educator-300x226.jpg 300w\" sizes=\"(max-width: 345px) 100vw, 345px\" \/><\/a>\u201cTrabajar en la salud de la comunidad puede ser muy impactante a nivel individual, familiar y grupal. Cuando las personas hacen cambios saludables en su estilo de vida, no solo mejoran su propia salud, sino que tambi\u00e9n mejoran la salud de su familia y la comunidad en general. Ayudar a las personas a reconocer que pueden tomar el control de su salud y servir de modelo a seguir para la familia y los amigos al demostrar que los h\u00e1bitos saludables son muy significativos y gratificantes. En nuestros programas de prevenci\u00f3n y educaci\u00f3n para el autocontrol de la diabetes, las personas aprenden sobre la salud y los riesgos, establecen metas, prueban estrategias, aprenden lo que funciona o no, y la resoluci\u00f3n de problemas. <\/span><\/strong><strong><span style=\"font-size: 12pt;\">Como educador en diabetes, siento que estoy apoyando tanto la salud del individuo como la diferencia en la salud de la comunidad en general. \u201d<\/span><\/strong><\/p>\n<p><strong>Educaci\u00f3n: <\/strong>San Jacinto College Central in Pasadena, Texas (Received Associate of Science in Nursing), Texas Woman\u2019s University (Received BS in Nursing) Graduated Summa Cum Laude<\/p>\n<p><strong>Certificaci\u00f3n:<\/strong> Certified Diabetes Educator from the National Certification Board for Diabetes Educator<\/p>\n<p><strong>\u00c1rea de Inter\u00e9s \/ Servicio: <\/strong>La educaci\u00f3n y el apoyo a la gesti\u00f3n del autocuidado de la diabetes, la prevenci\u00f3n de la diabetes tipo 2, la mejora de la calidad y la participaci\u00f3n del paciente, la autoconciencia y el est\u00edmulo.<\/p>\n<p>\u00a0<\/p>\n<p>\u00a0<\/p>\n<p>[\/et_pb_text][et_pb_text _builder_version=\u00bb3.19.17&#8243; disabled=\u00bboff\u00bb disabled_on=\u00bboff|off|on\u00bb]<\/p>\n<p><strong><span style=\"font-size: 12pt;\"><a href=\"https:\/\/www.elcentrodecorazon.org\/wp-content\/uploads\/2019\/05\/jacqueline-parsons-rn-diabetes-educator.jpg\"><img loading=\"lazy\" decoding=\"async\" class=\"size-full wp-image-2182 aligncenter\" src=\"https:\/\/www.elcentrodecorazon.org\/wp-content\/uploads\/2019\/05\/jacqueline-parsons-rn-diabetes-educator.jpg\" alt=\"\" width=\"345\" height=\"260\" srcset=\"https:\/\/www.elcentrodecorazon.org\/wp-content\/uploads\/2019\/05\/jacqueline-parsons-rn-diabetes-educator.jpg 345w, https:\/\/www.elcentrodecorazon.org\/wp-content\/uploads\/2019\/05\/jacqueline-parsons-rn-diabetes-educator-300x226.jpg 300w\" sizes=\"(max-width: 345px) 100vw, 345px\" \/><\/a><\/span><\/strong><\/p>\n<p><strong><span style=\"font-size: 12pt;\">\u201cTrabajar en la salud de la comunidad puede ser muy impactante a nivel individual, familiar y grupal. Cuando las personas hacen cambios saludables en su estilo de vida, no solo mejoran su propia salud, sino que tambi\u00e9n mejoran la salud de su familia y la comunidad en general. Ayudar a las personas a reconocer que pueden tomar el control de su salud y servir de modelo a seguir para la familia y los amigos al demostrar que los h\u00e1bitos saludables son muy significativos y gratificantes. En nuestros programas de prevenci\u00f3n y educaci\u00f3n para el autocontrol de la diabetes, las personas aprenden sobre la salud y los riesgos, establecen metas, prueban estrategias, aprenden lo que funciona o no, y la resoluci\u00f3n de problemas. <\/span><\/strong><strong><span style=\"font-size: 12pt;\">Como educador en diabetes, siento que estoy apoyando tanto la salud del individuo como la diferencia en la salud de la comunidad en general.\u201d<\/span><\/strong><\/p>\n<p><strong>Educaci\u00f3n: <\/strong>San Jacinto College Central in Pasadena, Texas (Received Associate of Science in Nursing), Texas Woman\u2019s University (Received BS in Nursing) Graduated Summa Cum Laude<\/p>\n<p><strong>Certificaci\u00f3n:<\/strong> Certified Diabetes Educator from the National Certification Board for Diabetes Educator<\/p>\n<p><strong>\u00c1rea de Inter\u00e9s \/ Servicio: <\/strong>La educaci\u00f3n y el apoyo a la gesti\u00f3n del autocuidado de la diabetes, la prevenci\u00f3n de la diabetes tipo 2, la mejora de la calidad y la participaci\u00f3n del paciente, la autoconciencia y el est\u00edmulo.<\/p>\n<p>\u00a0<\/p>\n<p>\u00a0<\/p>\n<p>[\/et_pb_text][\/et_pb_column][\/et_pb_row][\/et_pb_section]<\/p>\n","protected":false},"excerpt":{"rendered":"<p><div class=\"et_pb_row et_pb_row_0 et_pb_row_empty\">\n\t\t\t\t\n\t\t\t\t\n\t\t\t\t\n\t\t\t\t\n\t\t\t\t\n\t\t\t<\/div> \u201cTrabajar en la salud de la comunidad puede ser muy impactante a nivel individual, familiar y grupal. Cuando las personas hacen cambios saludables en su estilo de vida, no solo mejoran su propia salud, sino que tambi\u00e9n mejoran la salud de su familia y la comunidad en general. Ayudar a las personas a reconocer [&hellip;]<\/p>\n","protected":false},"author":3,"featured_media":0,"parent":0,"menu_order":0,"comment_status":"closed","ping_status":"closed","template":"","meta":{"_acf_changed":false,"_et_pb_use_builder":"on","_et_pb_old_content":"","_et_gb_content_width":"","footnotes":""},"class_list":["post-2380","page","type-page","status-publish","hentry"],"acf":[],"_links":{"self":[{"href":"https:\/\/www.elcentrodecorazon.org\/es\/wp-json\/wp\/v2\/pages\/2380","targetHints":{"allow":["GET"]}}],"collection":[{"href":"https:\/\/www.elcentrodecorazon.org\/es\/wp-json\/wp\/v2\/pages"}],"about":[{"href":"https:\/\/www.elcentrodecorazon.org\/es\/wp-json\/wp\/v2\/types\/page"}],"author":[{"embeddable":true,"href":"https:\/\/www.elcentrodecorazon.org\/es\/wp-json\/wp\/v2\/users\/3"}],"replies":[{"embeddable":true,"href":"https:\/\/www.elcentrodecorazon.org\/es\/wp-json\/wp\/v2\/comments?post=2380"}],"version-history":[{"count":0,"href":"https:\/\/www.elcentrodecorazon.org\/es\/wp-json\/wp\/v2\/pages\/2380\/revisions"}],"wp:attachment":[{"href":"https:\/\/www.elcentrodecorazon.org\/es\/wp-json\/wp\/v2\/media?parent=2380"}],"curies":[{"name":"wp","href":"https:\/\/api.w.org\/{rel}","templated":true}]}}