{"id":2333,"date":"2019-05-31T18:37:23","date_gmt":"2019-05-31T18:37:23","guid":{"rendered":"https:\/\/www.elcentrodecorazon.org\/?page_id=2333"},"modified":"2019-05-31T18:37:23","modified_gmt":"2019-05-31T18:37:23","slug":"onelia-de-la-cruz-rdh-bsdh","status":"publish","type":"page","link":"https:\/\/www.elcentrodecorazon.org\/es\/onelia-de-la-cruz-rdh-bsdh\/","title":{"rendered":"Onelia de la Cruz, RDH, BSDH"},"content":{"rendered":"<p>[et_pb_section bb_built=\u00bb1&#8243;][et_pb_row][et_pb_column type=\u00bb4_4&#8243;][et_pb_text _builder_version=\u00bb3.19.17&#8243; disabled=\u00bboff\u00bb disabled_on=\u00bbon|on|\u00bb]<\/p>\n<p><strong><span style=\"font-size: 12pt;\"><a href=\"https:\/\/www.elcentrodecorazon.org\/wp-content\/uploads\/2019\/04\/onelia-de-la-cruz-rdh-bsdh.jpg\"><img loading=\"lazy\" decoding=\"async\" class=\"size-full wp-image-2063 alignleft\" src=\"https:\/\/www.elcentrodecorazon.org\/wp-content\/uploads\/2019\/04\/onelia-de-la-cruz-rdh-bsdh.jpg\" alt=\"\" width=\"345\" height=\"260\" srcset=\"https:\/\/www.elcentrodecorazon.org\/wp-content\/uploads\/2019\/04\/onelia-de-la-cruz-rdh-bsdh.jpg 345w, https:\/\/www.elcentrodecorazon.org\/wp-content\/uploads\/2019\/04\/onelia-de-la-cruz-rdh-bsdh-300x226.jpg 300w\" sizes=\"(max-width: 345px) 100vw, 345px\" \/><\/a>\u201cQuiero hacer una diferencia entre nuestra poblaci\u00f3n desatendida brindando atenci\u00f3n dental y promoviendo no solo la salud oral sino tambi\u00e9n la salud en general.\u201d<\/span><\/strong><\/p>\n<p><strong>Educaci\u00f3n:<\/strong> Houston Community College; The University of Texas School of Dentistry at Houston<\/p>\n<p><strong>\u00c1rea de Inter\u00e9s \/ Servicio: <\/strong>Enfermedad periodontal y promoci\u00f3n de la salud bucal<\/p>\n<p>[\/et_pb_text][et_pb_text _builder_version=\u00bb3.19.17&#8243; disabled=\u00bboff\u00bb disabled_on=\u00bboff|off|on\u00bb]<\/p>\n<p><strong><span style=\"font-size: 12pt;\"><a href=\"https:\/\/www.elcentrodecorazon.org\/wp-content\/uploads\/2019\/04\/onelia-de-la-cruz-rdh-bsdh.jpg\"><img loading=\"lazy\" decoding=\"async\" class=\"size-full wp-image-2063 aligncenter\" src=\"https:\/\/www.elcentrodecorazon.org\/wp-content\/uploads\/2019\/04\/onelia-de-la-cruz-rdh-bsdh.jpg\" alt=\"\" width=\"345\" height=\"260\" srcset=\"https:\/\/www.elcentrodecorazon.org\/wp-content\/uploads\/2019\/04\/onelia-de-la-cruz-rdh-bsdh.jpg 345w, https:\/\/www.elcentrodecorazon.org\/wp-content\/uploads\/2019\/04\/onelia-de-la-cruz-rdh-bsdh-300x226.jpg 300w\" sizes=\"(max-width: 345px) 100vw, 345px\" \/><\/a><\/span><\/strong><\/p>\n<p><strong><span style=\"font-size: 12pt;\">\u201cQuiero hacer una diferencia entre nuestra poblaci\u00f3n desatendida brindando atenci\u00f3n dental y promoviendo no solo la salud oral sino tambi\u00e9n la salud en general.\u201d<\/span><\/strong><\/p>\n<p><strong>Educaci\u00f3n:<\/strong> Houston Community College; The University of Texas School of Dentistry at Houston<\/p>\n<p><strong>\u00c1rea de Inter\u00e9s \/ Servicio: <\/strong>Enfermedad periodontal y promoci\u00f3n de la salud bucal<\/p>\n<p>[\/et_pb_text][\/et_pb_column][\/et_pb_row][\/et_pb_section]<\/p>\n","protected":false},"excerpt":{"rendered":"<p><div class=\"et_pb_row et_pb_row_0 et_pb_row_empty\">\n\t\t\t\t\n\t\t\t\t\n\t\t\t\t\n\t\t\t\t\n\t\t\t\t\n\t\t\t<\/div> \u201cQuiero hacer una diferencia entre nuestra poblaci\u00f3n desatendida brindando atenci\u00f3n dental y promoviendo no solo la salud oral sino tambi\u00e9n la salud en general.\u201dEducaci\u00f3n: Houston Community College; The University of Texas School of Dentistry at Houston\u00c1rea de Inter\u00e9s \/ Servicio: Enfermedad periodontal y promoci\u00f3n de la salud bucal \u201cQuiero hacer una diferencia entre nuestra [&hellip;]<\/p>\n","protected":false},"author":3,"featured_media":0,"parent":0,"menu_order":0,"comment_status":"closed","ping_status":"closed","template":"","meta":{"_acf_changed":false,"_et_pb_use_builder":"on","_et_pb_old_content":"","_et_gb_content_width":"","footnotes":""},"class_list":["post-2333","page","type-page","status-publish","hentry"],"acf":[],"_links":{"self":[{"href":"https:\/\/www.elcentrodecorazon.org\/es\/wp-json\/wp\/v2\/pages\/2333","targetHints":{"allow":["GET"]}}],"collection":[{"href":"https:\/\/www.elcentrodecorazon.org\/es\/wp-json\/wp\/v2\/pages"}],"about":[{"href":"https:\/\/www.elcentrodecorazon.org\/es\/wp-json\/wp\/v2\/types\/page"}],"author":[{"embeddable":true,"href":"https:\/\/www.elcentrodecorazon.org\/es\/wp-json\/wp\/v2\/users\/3"}],"replies":[{"embeddable":true,"href":"https:\/\/www.elcentrodecorazon.org\/es\/wp-json\/wp\/v2\/comments?post=2333"}],"version-history":[{"count":0,"href":"https:\/\/www.elcentrodecorazon.org\/es\/wp-json\/wp\/v2\/pages\/2333\/revisions"}],"wp:attachment":[{"href":"https:\/\/www.elcentrodecorazon.org\/es\/wp-json\/wp\/v2\/media?parent=2333"}],"curies":[{"name":"wp","href":"https:\/\/api.w.org\/{rel}","templated":true}]}}