{"id":2331,"date":"2019-05-31T18:32:08","date_gmt":"2019-05-31T18:32:08","guid":{"rendered":"https:\/\/www.elcentrodecorazon.org\/?page_id=2331"},"modified":"2019-05-31T18:32:08","modified_gmt":"2019-05-31T18:32:08","slug":"patrick-mcparland-dds","status":"publish","type":"page","link":"https:\/\/www.elcentrodecorazon.org\/es\/patrick-mcparland-dds\/","title":{"rendered":"Patrick McParland, DDS"},"content":{"rendered":"<p>[et_pb_section bb_built=\u00bb1&#8243;][et_pb_row][et_pb_column type=\u00bb4_4&#8243;][et_pb_text _builder_version=\u00bb3.19.17&#8243; disabled=\u00bboff\u00bb disabled_on=\u00bbon|on|\u00bb]<\/p>\n<p><span style=\"font-size: 12pt;\"><strong><a href=\"https:\/\/www.elcentrodecorazon.org\/wp-content\/uploads\/2019\/04\/Patrick-MxParland-Dentist-300x225.jpg\"><img loading=\"lazy\" decoding=\"async\" class=\"size-full wp-image-2059 alignleft\" src=\"https:\/\/www.elcentrodecorazon.org\/wp-content\/uploads\/2019\/04\/Patrick-MxParland-Dentist-300x225.jpg\" alt=\"\" width=\"300\" height=\"225\" \/><\/a>\u201cHe trabajado en el sector de la salud p\u00fablica durante m\u00e1s de veinte a\u00f1os, con un enfoque en odontolog\u00eda pedi\u00e1trica.\u201d<\/strong><\/span><\/p>\n<p><strong>Educaci\u00f3n:<\/strong> University of Texas at Austin; UTSD Houston<\/p>\n<p><strong>\u00c1rea de Inter\u00e9s \/ Servicio: <\/strong>Miembro de ADA, TDA, GHDS<\/p>\n<p>[\/et_pb_text][et_pb_text _builder_version=\u00bb3.19.17&#8243; disabled=\u00bboff\u00bb disabled_on=\u00bboff|off|on\u00bb]<\/p>\n<p><span style=\"font-size: 12pt;\"><strong><a href=\"https:\/\/www.elcentrodecorazon.org\/wp-content\/uploads\/2019\/04\/Patrick-MxParland-Dentist-300x225.jpg\"><img loading=\"lazy\" decoding=\"async\" class=\"size-full wp-image-2059 aligncenter\" src=\"https:\/\/www.elcentrodecorazon.org\/wp-content\/uploads\/2019\/04\/Patrick-MxParland-Dentist-300x225.jpg\" alt=\"\" width=\"300\" height=\"225\" \/><\/a><\/strong><\/span><\/p>\n<p><span style=\"font-size: 12pt;\"><strong>\u201cHe trabajado en el sector de la salud p\u00fablica durante m\u00e1s de veinte a\u00f1os, con un enfoque en odontolog\u00eda pedi\u00e1trica.\u201d<\/strong><\/span><\/p>\n<p><strong>Educaci\u00f3n:<\/strong> University of Texas at Austin; UTSD Houston<\/p>\n<p><strong>\u00c1rea de Inter\u00e9s \/ Servicio: <\/strong>Miembro de ADA, TDA, GHDS<\/p>\n<p>[\/et_pb_text][\/et_pb_column][\/et_pb_row][\/et_pb_section]<\/p>\n","protected":false},"excerpt":{"rendered":"<p><div class=\"et_pb_row et_pb_row_0 et_pb_row_empty\">\n\t\t\t\t\n\t\t\t\t\n\t\t\t\t\n\t\t\t\t\n\t\t\t\t\n\t\t\t<\/div> \u201cHe trabajado en el sector de la salud p\u00fablica durante m\u00e1s de veinte a\u00f1os, con un enfoque en odontolog\u00eda pedi\u00e1trica.\u201dEducaci\u00f3n: University of Texas at Austin; UTSD Houston\u00c1rea de Inter\u00e9s \/ Servicio: Miembro de ADA, TDA, GHDS \u201cHe trabajado en el sector de la salud p\u00fablica durante m\u00e1s de veinte a\u00f1os, con un enfoque en [&hellip;]<\/p>\n","protected":false},"author":3,"featured_media":0,"parent":0,"menu_order":0,"comment_status":"closed","ping_status":"closed","template":"","meta":{"_acf_changed":false,"_et_pb_use_builder":"on","_et_pb_old_content":"","_et_gb_content_width":"","footnotes":""},"class_list":["post-2331","page","type-page","status-publish","hentry"],"acf":[],"_links":{"self":[{"href":"https:\/\/www.elcentrodecorazon.org\/es\/wp-json\/wp\/v2\/pages\/2331","targetHints":{"allow":["GET"]}}],"collection":[{"href":"https:\/\/www.elcentrodecorazon.org\/es\/wp-json\/wp\/v2\/pages"}],"about":[{"href":"https:\/\/www.elcentrodecorazon.org\/es\/wp-json\/wp\/v2\/types\/page"}],"author":[{"embeddable":true,"href":"https:\/\/www.elcentrodecorazon.org\/es\/wp-json\/wp\/v2\/users\/3"}],"replies":[{"embeddable":true,"href":"https:\/\/www.elcentrodecorazon.org\/es\/wp-json\/wp\/v2\/comments?post=2331"}],"version-history":[{"count":0,"href":"https:\/\/www.elcentrodecorazon.org\/es\/wp-json\/wp\/v2\/pages\/2331\/revisions"}],"wp:attachment":[{"href":"https:\/\/www.elcentrodecorazon.org\/es\/wp-json\/wp\/v2\/media?parent=2331"}],"curies":[{"name":"wp","href":"https:\/\/api.w.org\/{rel}","templated":true}]}}