{"id":2328,"date":"2019-05-31T18:24:52","date_gmt":"2019-05-31T18:24:52","guid":{"rendered":"https:\/\/www.elcentrodecorazon.org\/?page_id=2328"},"modified":"2019-05-31T18:24:52","modified_gmt":"2019-05-31T18:24:52","slug":"heather-dent-dds","status":"publish","type":"page","link":"https:\/\/www.elcentrodecorazon.org\/es\/heather-dent-dds\/","title":{"rendered":"Heather Dent, DDS"},"content":{"rendered":"<p>[et_pb_section bb_built=\u00bb1&#8243;][et_pb_row][et_pb_column type=\u00bb4_4&#8243;][et_pb_text _builder_version=\u00bb3.19.17&#8243; disabled=\u00bboff\u00bb disabled_on=\u00bbon|on|\u00bb]<\/p>\n<p><strong><span style=\"font-size: 12pt;\"><a href=\"https:\/\/www.elcentrodecorazon.org\/wp-content\/uploads\/2019\/04\/heather-dent-dds.jpg\"><img loading=\"lazy\" decoding=\"async\" class=\"size-full wp-image-2055 alignleft\" src=\"https:\/\/www.elcentrodecorazon.org\/wp-content\/uploads\/2019\/04\/heather-dent-dds.jpg\" alt=\"\" width=\"345\" height=\"260\" srcset=\"https:\/\/www.elcentrodecorazon.org\/wp-content\/uploads\/2019\/04\/heather-dent-dds.jpg 345w, https:\/\/www.elcentrodecorazon.org\/wp-content\/uploads\/2019\/04\/heather-dent-dds-300x226.jpg 300w\" sizes=\"(max-width: 345px) 100vw, 345px\" \/><\/a>\u201cPractico odontolog\u00eda en el Centro de Coraz\u00f3n durante m\u00e1s de 12 a\u00f1os. Soy un miembro activo de la Texas Oral Health Coalition y trabajo para mejorar la atenci\u00f3n dental para los desatendidos en Texas. He colaborado con la Escuela de Odontolog\u00eda de la Universidad de Texas en Houston para promover la odontolog\u00eda de salud p\u00fablica con los estudiantes de odontolog\u00eda y estudiantes de higiene a trav\u00e9s de los d\u00edas de odontolog\u00eda en El Centro. La colaboraci\u00f3n interprofesional con el departamento m\u00e9dico ha sido mi enfoque en los \u00faltimos 10 a\u00f1os.\u201d<\/span><\/strong><\/p>\n<p><strong>Educaci\u00f3n: <\/strong>Texas A&amp;M University-Corpus Christi; University of Texas School of Dentistry- San Antonio<\/p>\n<p><strong>\u00c1rea de Inter\u00e9s \/ Servicio: <\/strong>La\u00a0Dr. Dent es miembro de la Hispanic Dental Association, Red Nacional de Salud Bucal. Administradores y secretario \/ tesorero del cap\u00edtulo de Texas Oral Health Coalition Houston.<\/p>\n<p>[\/et_pb_text][et_pb_text _builder_version=\u00bb3.19.17&#8243; disabled=\u00bboff\u00bb disabled_on=\u00bboff|off|on\u00bb]<\/p>\n<p><strong><span style=\"font-size: 12pt;\"><a href=\"https:\/\/www.elcentrodecorazon.org\/wp-content\/uploads\/2019\/04\/heather-dent-dds.jpg\"><img loading=\"lazy\" decoding=\"async\" class=\"size-full wp-image-2055 aligncenter\" src=\"https:\/\/www.elcentrodecorazon.org\/wp-content\/uploads\/2019\/04\/heather-dent-dds.jpg\" alt=\"\" width=\"345\" height=\"260\" srcset=\"https:\/\/www.elcentrodecorazon.org\/wp-content\/uploads\/2019\/04\/heather-dent-dds.jpg 345w, https:\/\/www.elcentrodecorazon.org\/wp-content\/uploads\/2019\/04\/heather-dent-dds-300x226.jpg 300w\" sizes=\"(max-width: 345px) 100vw, 345px\" \/><\/a><\/span><\/strong><\/p>\n<p><strong><span style=\"font-size: 12pt;\">\u201cPractico odontolog\u00eda en el Centro de Coraz\u00f3n durante m\u00e1s de 12 a\u00f1os. Soy un miembro activo de la Texas Oral Health Coalition y trabajo para mejorar la atenci\u00f3n dental para los desatendidos en Texas. He colaborado con la Escuela de Odontolog\u00eda de la Universidad de Texas en Houston para promover la odontolog\u00eda de salud p\u00fablica con los estudiantes de odontolog\u00eda y estudiantes de higiene a trav\u00e9s de los d\u00edas de odontolog\u00eda en El Centro. La colaboraci\u00f3n interprofesional con el departamento m\u00e9dico ha sido mi enfoque en los \u00faltimos 10 a\u00f1os.\u201d<\/span><\/strong><\/p>\n<p><strong>Educaci\u00f3n: <\/strong>Texas A&amp;M University-Corpus Christi; University of Texas School of Dentistry- San Antonio<\/p>\n<p><strong>\u00c1rea de Inter\u00e9s \/ Servicio: <\/strong>La\u00a0Dr. Dent es miembro de la Hispanic Dental Association, Red Nacional de Salud Bucal. Administradores y secretario \/ tesorero del cap\u00edtulo de Texas Oral Health Coalition Houston.<\/p>\n<p>[\/et_pb_text][\/et_pb_column][\/et_pb_row][\/et_pb_section]<\/p>\n","protected":false},"excerpt":{"rendered":"<p><div class=\"et_pb_row et_pb_row_0 et_pb_row_empty\">\n\t\t\t\t\n\t\t\t\t\n\t\t\t\t\n\t\t\t\t\n\t\t\t\t\n\t\t\t<\/div> \u201cPractico odontolog\u00eda en el Centro de Coraz\u00f3n durante m\u00e1s de 12 a\u00f1os. Soy un miembro activo de la Texas Oral Health Coalition y trabajo para mejorar la atenci\u00f3n dental para los desatendidos en Texas. He colaborado con la Escuela de Odontolog\u00eda de la Universidad de Texas en Houston para promover la odontolog\u00eda de salud [&hellip;]<\/p>\n","protected":false},"author":3,"featured_media":0,"parent":0,"menu_order":0,"comment_status":"closed","ping_status":"closed","template":"","meta":{"_acf_changed":false,"_et_pb_use_builder":"on","_et_pb_old_content":"","_et_gb_content_width":"","footnotes":""},"class_list":["post-2328","page","type-page","status-publish","hentry"],"acf":[],"_links":{"self":[{"href":"https:\/\/www.elcentrodecorazon.org\/es\/wp-json\/wp\/v2\/pages\/2328","targetHints":{"allow":["GET"]}}],"collection":[{"href":"https:\/\/www.elcentrodecorazon.org\/es\/wp-json\/wp\/v2\/pages"}],"about":[{"href":"https:\/\/www.elcentrodecorazon.org\/es\/wp-json\/wp\/v2\/types\/page"}],"author":[{"embeddable":true,"href":"https:\/\/www.elcentrodecorazon.org\/es\/wp-json\/wp\/v2\/users\/3"}],"replies":[{"embeddable":true,"href":"https:\/\/www.elcentrodecorazon.org\/es\/wp-json\/wp\/v2\/comments?post=2328"}],"version-history":[{"count":0,"href":"https:\/\/www.elcentrodecorazon.org\/es\/wp-json\/wp\/v2\/pages\/2328\/revisions"}],"wp:attachment":[{"href":"https:\/\/www.elcentrodecorazon.org\/es\/wp-json\/wp\/v2\/media?parent=2328"}],"curies":[{"name":"wp","href":"https:\/\/api.w.org\/{rel}","templated":true}]}}