{"id":2265,"date":"2019-05-21T19:56:56","date_gmt":"2019-05-21T19:56:56","guid":{"rendered":"https:\/\/www.elcentrodecorazon.org\/?page_id=2265"},"modified":"2019-05-21T19:56:56","modified_gmt":"2019-05-21T19:56:56","slug":"deborah-awoniyi-obrimah-whnp","status":"publish","type":"page","link":"https:\/\/www.elcentrodecorazon.org\/es\/deborah-awoniyi-obrimah-whnp\/","title":{"rendered":"Deborah Awoniyi-Obrimah, WHNP"},"content":{"rendered":"<p>[et_pb_section bb_built=\u00bb1&#8243;][et_pb_row][et_pb_column type=\u00bb4_4&#8243;][et_pb_text _builder_version=\u00bb3.19.17&#8243; disabled=\u00bboff\u00bb disabled_on=\u00bbon|on|\u00bb]<\/p>\n<p><strong><span style=\"font-size: 12pt;\"><a href=\"https:\/\/www.elcentrodecorazon.org\/wp-content\/uploads\/2019\/04\/deborah-awoniyi-obrimah-whnp.jpg\"><img loading=\"lazy\" decoding=\"async\" class=\"size-full wp-image-1991 alignleft\" src=\"https:\/\/www.elcentrodecorazon.org\/wp-content\/uploads\/2019\/04\/deborah-awoniyi-obrimah-whnp.jpg\" alt=\"\" width=\"345\" height=\"260\" srcset=\"https:\/\/www.elcentrodecorazon.org\/wp-content\/uploads\/2019\/04\/deborah-awoniyi-obrimah-whnp.jpg 345w, https:\/\/www.elcentrodecorazon.org\/wp-content\/uploads\/2019\/04\/deborah-awoniyi-obrimah-whnp-300x226.jpg 300w\" sizes=\"(max-width: 345px) 100vw, 345px\" \/><\/a>\u201cEstoy comprometido a brindar atenci\u00f3n m\u00e9dica de calidad basada en evidencia a la medicina comunitaria dentro de mi \u00e1mbito de pr\u00e1ctica.\u201d<\/span><\/strong><\/p>\n<p><strong>Educaci\u00f3n:\u00a0<\/strong>West Indies College (Jamaica), University of Colorado Anschutz Medical Campus, Southern University \u2013 Georgia, West Indies College<\/p>\n<p><strong>\u00c1rea de Inter\u00e9s \/ Servicio: <\/strong>Adquirir m\u00e1s conocimientos y habilidades para ayudarme a mejorar profesionalmente.<\/p>\n<p>[\/et_pb_text][et_pb_text _builder_version=\u00bb3.19.17&#8243; disabled=\u00bboff\u00bb disabled_on=\u00bboff|off|on\u00bb]<\/p>\n<p><strong><span style=\"font-size: 12pt;\"><a href=\"https:\/\/www.elcentrodecorazon.org\/wp-content\/uploads\/2019\/04\/deborah-awoniyi-obrimah-whnp.jpg\"><img loading=\"lazy\" decoding=\"async\" class=\"size-full wp-image-1991 aligncenter\" src=\"https:\/\/www.elcentrodecorazon.org\/wp-content\/uploads\/2019\/04\/deborah-awoniyi-obrimah-whnp.jpg\" alt=\"\" width=\"345\" height=\"260\" srcset=\"https:\/\/www.elcentrodecorazon.org\/wp-content\/uploads\/2019\/04\/deborah-awoniyi-obrimah-whnp.jpg 345w, https:\/\/www.elcentrodecorazon.org\/wp-content\/uploads\/2019\/04\/deborah-awoniyi-obrimah-whnp-300x226.jpg 300w\" sizes=\"(max-width: 345px) 100vw, 345px\" \/><\/a>\u201cEstoy comprometido a brindar atenci\u00f3n m\u00e9dica de calidad basada en evidencia a la medicina comunitaria dentro de mi \u00e1mbito de pr\u00e1ctica.\u201d<\/span><\/strong><\/p>\n<p><strong>Educaci\u00f3n:\u00a0<\/strong>West Indies College (Jamaica), University of Colorado Anschutz Medical Campus, Southern University \u2013 Georgia, West Indies College<\/p>\n<p><strong>\u00c1rea de Inter\u00e9s \/ Servicio: <\/strong>Adquirir m\u00e1s conocimientos y habilidades para ayudarme a mejorar profesionalmente.<\/p>\n<p>[\/et_pb_text][\/et_pb_column][\/et_pb_row][\/et_pb_section]<\/p>\n","protected":false},"excerpt":{"rendered":"<p><div class=\"et_pb_row et_pb_row_0 et_pb_row_empty\">\n\t\t\t\t\n\t\t\t\t\n\t\t\t\t\n\t\t\t\t\n\t\t\t\t\n\t\t\t<\/div> \u201cEstoy comprometido a brindar atenci\u00f3n m\u00e9dica de calidad basada en evidencia a la medicina comunitaria dentro de mi \u00e1mbito de pr\u00e1ctica.\u201dEducaci\u00f3n:\u00a0West Indies College (Jamaica), University of Colorado Anschutz Medical Campus, Southern University \u2013 Georgia, West Indies College\u00c1rea de Inter\u00e9s \/ Servicio: Adquirir m\u00e1s conocimientos y habilidades para ayudarme a mejorar profesionalmente. \u201cEstoy comprometido a [&hellip;]<\/p>\n","protected":false},"author":3,"featured_media":0,"parent":0,"menu_order":0,"comment_status":"closed","ping_status":"closed","template":"","meta":{"_acf_changed":false,"_et_pb_use_builder":"on","_et_pb_old_content":"","_et_gb_content_width":"","footnotes":""},"class_list":["post-2265","page","type-page","status-publish","hentry"],"acf":[],"_links":{"self":[{"href":"https:\/\/www.elcentrodecorazon.org\/es\/wp-json\/wp\/v2\/pages\/2265","targetHints":{"allow":["GET"]}}],"collection":[{"href":"https:\/\/www.elcentrodecorazon.org\/es\/wp-json\/wp\/v2\/pages"}],"about":[{"href":"https:\/\/www.elcentrodecorazon.org\/es\/wp-json\/wp\/v2\/types\/page"}],"author":[{"embeddable":true,"href":"https:\/\/www.elcentrodecorazon.org\/es\/wp-json\/wp\/v2\/users\/3"}],"replies":[{"embeddable":true,"href":"https:\/\/www.elcentrodecorazon.org\/es\/wp-json\/wp\/v2\/comments?post=2265"}],"version-history":[{"count":0,"href":"https:\/\/www.elcentrodecorazon.org\/es\/wp-json\/wp\/v2\/pages\/2265\/revisions"}],"wp:attachment":[{"href":"https:\/\/www.elcentrodecorazon.org\/es\/wp-json\/wp\/v2\/media?parent=2265"}],"curies":[{"name":"wp","href":"https:\/\/api.w.org\/{rel}","templated":true}]}}