{"id":2263,"date":"2019-05-21T19:53:27","date_gmt":"2019-05-21T19:53:27","guid":{"rendered":"https:\/\/www.elcentrodecorazon.org\/?page_id=2263"},"modified":"2019-05-21T19:53:27","modified_gmt":"2019-05-21T19:53:27","slug":"jinaki-james-whnp","status":"publish","type":"page","link":"https:\/\/www.elcentrodecorazon.org\/es\/jinaki-james-whnp\/","title":{"rendered":"Jinaki James, WHNP"},"content":{"rendered":"<p>[et_pb_section bb_built=\u00bb1&#8243;][et_pb_row][et_pb_column type=\u00bb4_4&#8243;][et_pb_text _builder_version=\u00bb3.19.17&#8243; disabled=\u00bboff\u00bb disabled_on=\u00bbon|on|\u00bb]<\/p>\n<p><strong><span style=\"font-size: 12pt;\"><a href=\"https:\/\/www.elcentrodecorazon.org\/wp-content\/uploads\/2019\/04\/jinaki-james-resized.jpg\"><img loading=\"lazy\" decoding=\"async\" class=\"size-full wp-image-1987 alignleft\" src=\"https:\/\/www.elcentrodecorazon.org\/wp-content\/uploads\/2019\/04\/jinaki-james-resized.jpg\" alt=\"\" width=\"345\" height=\"260\" srcset=\"https:\/\/www.elcentrodecorazon.org\/wp-content\/uploads\/2019\/04\/jinaki-james-resized.jpg 345w, https:\/\/www.elcentrodecorazon.org\/wp-content\/uploads\/2019\/04\/jinaki-james-resized-300x226.jpg 300w\" sizes=\"(max-width: 345px) 100vw, 345px\" \/><\/a>\u201cComo proveedor de atenci\u00f3n m\u00e9dica comunitaria para ni\u00f1as y mujeres adolescentes, estoy comprometido a proporcionar las herramientas necesarias para que puedan tomar una decisi\u00f3n informada sobre la planificaci\u00f3n familiar y aumentar la concienciaci\u00f3n y prevenci\u00f3n de las infecciones de transmisi\u00f3n sexual.\u201d<\/span><\/strong><\/p>\n<p><strong>Educaci\u00f3n:\u00a0<\/strong>Fisk University, Vanderbilt University School of Nursing<\/p>\n<p><strong>\u00c1rea de Inter\u00e9s \/ Servicio: <\/strong>Telemedicina, est\u00e9tica y pl\u00e1sticos.<\/p>\n<p>[\/et_pb_text][et_pb_text _builder_version=\u00bb3.19.17&#8243; disabled=\u00bboff\u00bb disabled_on=\u00bboff|off|on\u00bb]<\/p>\n<p><strong><span style=\"font-size: 12pt;\"><a href=\"https:\/\/www.elcentrodecorazon.org\/wp-content\/uploads\/2019\/04\/jinaki-james-resized.jpg\"><img loading=\"lazy\" decoding=\"async\" class=\"size-full wp-image-1987 aligncenter\" src=\"https:\/\/www.elcentrodecorazon.org\/wp-content\/uploads\/2019\/04\/jinaki-james-resized.jpg\" alt=\"\" width=\"345\" height=\"260\" srcset=\"https:\/\/www.elcentrodecorazon.org\/wp-content\/uploads\/2019\/04\/jinaki-james-resized.jpg 345w, https:\/\/www.elcentrodecorazon.org\/wp-content\/uploads\/2019\/04\/jinaki-james-resized-300x226.jpg 300w\" sizes=\"(max-width: 345px) 100vw, 345px\" \/><\/a>\u201cComo proveedor de atenci\u00f3n m\u00e9dica comunitaria para ni\u00f1as y mujeres adolescentes, estoy comprometido a proporcionar las herramientas necesarias para que puedan tomar una decisi\u00f3n informada sobre la planificaci\u00f3n familiar y aumentar la concienciaci\u00f3n y prevenci\u00f3n de las infecciones de transmisi\u00f3n sexual.\u201d<\/span><\/strong><\/p>\n<p><strong>Educaci\u00f3n:\u00a0<\/strong>Fisk University, Vanderbilt University School of Nursing<\/p>\n<p><strong>\u00c1rea de Inter\u00e9s \/ Servicio: <\/strong>Telemedicina, est\u00e9tica y pl\u00e1sticos.<\/p>\n<p>[\/et_pb_text][\/et_pb_column][\/et_pb_row][\/et_pb_section]<\/p>\n","protected":false},"excerpt":{"rendered":"<p><div class=\"et_pb_row et_pb_row_0 et_pb_row_empty\">\n\t\t\t\t\n\t\t\t\t\n\t\t\t\t\n\t\t\t\t\n\t\t\t\t\n\t\t\t<\/div> \u201cComo proveedor de atenci\u00f3n m\u00e9dica comunitaria para ni\u00f1as y mujeres adolescentes, estoy comprometido a proporcionar las herramientas necesarias para que puedan tomar una decisi\u00f3n informada sobre la planificaci\u00f3n familiar y aumentar la concienciaci\u00f3n y prevenci\u00f3n de las infecciones de transmisi\u00f3n sexual.\u201dEducaci\u00f3n:\u00a0Fisk University, Vanderbilt University School of Nursing\u00c1rea de Inter\u00e9s \/ Servicio: Telemedicina, est\u00e9tica y [&hellip;]<\/p>\n","protected":false},"author":3,"featured_media":0,"parent":0,"menu_order":0,"comment_status":"closed","ping_status":"closed","template":"","meta":{"_acf_changed":false,"_et_pb_use_builder":"on","_et_pb_old_content":"","_et_gb_content_width":"","footnotes":""},"class_list":["post-2263","page","type-page","status-publish","hentry"],"acf":[],"_links":{"self":[{"href":"https:\/\/www.elcentrodecorazon.org\/es\/wp-json\/wp\/v2\/pages\/2263","targetHints":{"allow":["GET"]}}],"collection":[{"href":"https:\/\/www.elcentrodecorazon.org\/es\/wp-json\/wp\/v2\/pages"}],"about":[{"href":"https:\/\/www.elcentrodecorazon.org\/es\/wp-json\/wp\/v2\/types\/page"}],"author":[{"embeddable":true,"href":"https:\/\/www.elcentrodecorazon.org\/es\/wp-json\/wp\/v2\/users\/3"}],"replies":[{"embeddable":true,"href":"https:\/\/www.elcentrodecorazon.org\/es\/wp-json\/wp\/v2\/comments?post=2263"}],"version-history":[{"count":0,"href":"https:\/\/www.elcentrodecorazon.org\/es\/wp-json\/wp\/v2\/pages\/2263\/revisions"}],"wp:attachment":[{"href":"https:\/\/www.elcentrodecorazon.org\/es\/wp-json\/wp\/v2\/media?parent=2263"}],"curies":[{"name":"wp","href":"https:\/\/api.w.org\/{rel}","templated":true}]}}