{"id":2258,"date":"2019-05-21T19:15:45","date_gmt":"2019-05-21T19:15:45","guid":{"rendered":"https:\/\/www.elcentrodecorazon.org\/?page_id=2258"},"modified":"2019-08-08T20:33:23","modified_gmt":"2019-08-08T20:33:23","slug":"el-centro-se-esta-preparando-para-su-evento-anual-be-healthy-family-expo-evento-de-regreso-a-escuela","status":"publish","type":"page","link":"https:\/\/www.elcentrodecorazon.org\/es\/el-centro-se-esta-preparando-para-su-evento-anual-be-healthy-family-expo-evento-de-regreso-a-escuela\/","title":{"rendered":"El Centro se est\u00e1 preparando para su evento Anual Be Healthy Family Expo \/ Evento de Regreso a Escuela"},"content":{"rendered":"<p>[et_pb_section bb_built=\u00bb1&#8243;][et_pb_row][et_pb_column type=\u00bb4_4&#8243;][et_pb_image _builder_version=\u00bb3.19.17&#8243; src=\u00bbhttps:\/\/www.elcentrodecorazon.org\/wp-content\/uploads\/2019\/05\/Be-Healthy-Family-Expo.png-Spanish-.png\u00bb \/][et_pb_divider _builder_version=\u00bb3.19.17&#8243; show_divider=\u00bboff\u00bb \/][\/et_pb_column][\/et_pb_row][et_pb_row][et_pb_column type=\u00bb1_2&#8243;][et_pb_text _builder_version=\u00bb3.19.17&#8243;]<\/p>\n<p><span style=\"font-size: 12pt;\"><strong>Sobre el evento<\/strong><\/span><\/p>\n<p>Los residentes del vecindario y el \u00e1rea metropolitana de Houston est\u00e1n invitados a pasar una ma\u00f1ana completa de diversi\u00f3n familiar, que incluye refrigerios, premios especiales y mochilas GRATUITAS, \u00fatiles escolares y cortes de cabello para ni\u00f1os de primaria.\u00a0<\/p>\n<p><span style=\"font-size: 12pt;\"><strong>Ubicaci\u00f3n:<\/strong><\/span><\/p>\n<p>El Centro de Coraz\u00f3n \u2013 Centro de Salud Magnolia\u00a0<\/p>\n<p>7037 Capitol St.\u00a0<\/p>\n<p>Houston, Texas 77011\u00a0<\/p>\n<p><span style=\"font-size: 12pt;\"><strong>Fecha:<\/strong><\/span><\/p>\n<p>S\u00e1bado 10 de Agosto del 2019 \u00a0<\/p>\n<p><span style=\"font-size: 12pt;\"><strong>Horario:<\/strong><\/span><\/p>\n<p>9 a.m. \u2013 12 p.m.\u00a0<\/p>\n<p><span style=\"font-size: 12pt;\"><strong>\u00bfComo puedes ayudar?<\/strong><\/span><\/p>\n<p>El evento anual Be Healthy Family Expo \/ Back to School de El Centro de Coraz\u00f3n solo es posible a trav\u00e9s de la generosidad de empresas, organizaciones y personas como usted. Los ni\u00f1os de primaria de las escuelas locales en el East End y las familias de la comunidad reciben una ma\u00f1ana llena de diversi\u00f3n, refrigerios y reciben \u00fatiles escolares para el pr\u00f3ximo a\u00f1o escolar 2019-2020. Todos los ingresos van a las familias que ayudamos. Si est\u00e1 interesado en patrocinar este evento o donar \u00fatiles escolares, comun\u00edquese con Obed Canjura <a href=\"mailto:ocanjura@elcentrochc.org\">ocanjura@elcentrochc.org<\/a> o Cynthia Resendiz <a href=\"_wp_link_placeholder\" data-wplink-edit=\"true\">cresendiz@elcentrochc.org<\/a><\/p>\n<p><a href=\"https:\/\/www.elcentrodecorazon.org\/wp-content\/uploads\/2019\/05\/Be-Healthy-Family-Expo-Sponsorship-Packet-.pdf\">Be Healthy Family Expo Folleto de Patrocinio\u00a0<\/a><\/p>\n<p><span style=\"font-size: 12pt;\"><strong>Entretenimiento:<\/strong><\/span><\/p>\n<ul>\n<li class=\"odd\">Pintura de caritas\u00a0<\/li>\n<li>Actividad f\u00ad\u00edsica<\/li>\n<\/ul>\n<p><span style=\"font-size: 12pt;\"><strong>Visite estos vendedores:<\/strong><\/span><\/p>\n<ul>\n<li class=\"odd\">El Centro de Coraz\u00f3n\u2019s Dental Department\u00a0<\/li>\n<li class=\"even\">WellCare\u00a0<\/li>\n<li class=\"odd\">Amerigroup\u00a0<\/li>\n<li class=\"even\">Community Health Choice\u00a0<\/li>\n<li class=\"odd\">HCA Women\u2019s Care Center\u00a0<\/li>\n<li class=\"even\">Kids Meals\u00a0<\/li>\n<li class=\"odd\">Consulate General of Mexico<\/li>\n<li class=\"even\">Women\u2019s Care Center\u00a0<\/li>\n<li class=\"odd\">La Subasta Newspaper\u00a0<\/li>\n<li class=\"even\">MCNA Dental\u00a0<\/li>\n<li class=\"odd\">MD Anderson Cancer Center\u00a0<\/li>\n<li class=\"even\">SEDES<\/li>\n<li class=\"odd\">Project Grad Houston\u00a0<\/li>\n<li class=\"even\">Gulf Coast Community Services Association, Inc.<\/li>\n<li class=\"odd\">WIC \u2013 Magnolia<\/li>\n<li class=\"even\">Grand Canyon University\u00a0<\/li>\n<li class=\"odd\">Air Alliance\u00a0<\/li>\n<li class=\"even\">DePelchin Children\u2019s Center<\/li>\n<li class=\"odd\">DentaQuest\u00a0<\/li>\n<li class=\"even\">American Cancer Society\u00a0<\/li>\n<li class=\"odd\">BakerRipley Ripley House<\/li>\n<li class=\"even\">Star\/Texas Health Steps Program\u00a0<\/li>\n<li class=\"odd\">The University Speech, Language, and Hearing Clinic<\/li>\n<\/ul>\n<p>[\/et_pb_text][\/et_pb_column][et_pb_column type=\u00bb1_2&#8243;][et_pb_gallery _builder_version=\u00bb3.19.17&#8243; gallery_ids=\u00bb2245,2247,2243,1686&#8243; db_image_max_width_tablet=\u00bb51&#8243; db_image_max_height_tablet=\u00bb501&#8243; db_image_row_spacing_tablet=\u00bb51&#8243; db_image_object_fit=\u00bbinitial\u00bb hover_overlay_color=\u00bbrgba(255,255,255,0.9)\u00bb db_image_center_titles=\u00bbleft\u00bb \/][et_pb_text _builder_version=\u00bb3.19.17&#8243;]<\/p>\n<p style=\"text-align: center;\"><strong><span style=\"font-size: 12pt;\">\u00a1Gracias a nuestros generosos patrocinadores!<\/span><\/strong><\/p>\n<p style=\"text-align: center;\"><a href=\"https:\/\/www.sanmoreinvestments.com\/\" target=\"_blank\" rel=\"noopener\"><img loading=\"lazy\" decoding=\"async\" class=\"wp-image-2320 aligncenter\" src=\"https:\/\/www.elcentrodecorazon.org\/wp-content\/uploads\/2019\/05\/Sanmore-Investments-Logo-Finalsmall.jpg\" alt=\"\" width=\"315\" height=\"74\" srcset=\"https:\/\/www.elcentrodecorazon.org\/wp-content\/uploads\/2019\/05\/Sanmore-Investments-Logo-Finalsmall.jpg 630w, https:\/\/www.elcentrodecorazon.org\/wp-content\/uploads\/2019\/05\/Sanmore-Investments-Logo-Finalsmall-300x70.jpg 300w\" sizes=\"(max-width: 315px) 100vw, 315px\" \/><\/a><a href=\"https:\/\/www.eastenddistrict.com\/\" target=\"_blank\" rel=\"noopener\"><img loading=\"lazy\" decoding=\"async\" class=\"aligncenter wp-image-2254\" src=\"https:\/\/www.elcentrodecorazon.org\/wp-content\/uploads\/2019\/05\/eed_square.png\" alt=\"\" width=\"189\" height=\"185\" srcset=\"https:\/\/www.elcentrodecorazon.org\/wp-content\/uploads\/2019\/05\/eed_square.png 755w, https:\/\/www.elcentrodecorazon.org\/wp-content\/uploads\/2019\/05\/eed_square-300x294.png 300w\" sizes=\"(max-width: 189px) 100vw, 189px\" \/><\/a><a href=\"https:\/\/buffalobayou.org\/\" target=\"_blank\" rel=\"noopener\"><img loading=\"lazy\" decoding=\"async\" class=\"alignnone wp-image-2358\" src=\"https:\/\/www.elcentrodecorazon.org\/wp-content\/uploads\/2019\/06\/BBP_Final-Logo-cropped.jpg\" alt=\"\" width=\"137\" height=\"181\" srcset=\"https:\/\/www.elcentrodecorazon.org\/wp-content\/uploads\/2019\/06\/BBP_Final-Logo-cropped.jpg 631w, https:\/\/www.elcentrodecorazon.org\/wp-content\/uploads\/2019\/06\/BBP_Final-Logo-cropped-227x300.jpg 227w\" sizes=\"(max-width: 137px) 100vw, 137px\" \/><\/a><\/p>\n<p style=\"text-align: center;\"><a href=\"https:\/\/www.moralesfuneralhome.com\/\" target=\"_blank\" rel=\"noopener\"><img loading=\"lazy\" decoding=\"async\" class=\"alignnone wp-image-2515\" src=\"https:\/\/www.elcentrodecorazon.org\/wp-content\/uploads\/2019\/07\/Morales-Funeral-Home-.png\" alt=\"\" width=\"247\" height=\"73\" \/><\/a><\/p>\n<p><a href=\"https:\/\/www.raisingcanes.com\/\" target=\"_blank\" rel=\"noopener\"><img loading=\"lazy\" decoding=\"async\" class=\"aligncenter wp-image-2548\" src=\"https:\/\/www.elcentrodecorazon.org\/wp-content\/uploads\/2019\/07\/RC-Logo-Full-Color-jpeg.jpg\" alt=\"\" width=\"198\" height=\"95\" srcset=\"https:\/\/www.elcentrodecorazon.org\/wp-content\/uploads\/2019\/07\/RC-Logo-Full-Color-jpeg.jpg 2123w, https:\/\/www.elcentrodecorazon.org\/wp-content\/uploads\/2019\/07\/RC-Logo-Full-Color-jpeg-300x144.jpg 300w, https:\/\/www.elcentrodecorazon.org\/wp-content\/uploads\/2019\/07\/RC-Logo-Full-Color-jpeg-768x369.jpg 768w, https:\/\/www.elcentrodecorazon.org\/wp-content\/uploads\/2019\/07\/RC-Logo-Full-Color-jpeg-1024x492.jpg 1024w, https:\/\/www.elcentrodecorazon.org\/wp-content\/uploads\/2019\/07\/RC-Logo-Full-Color-jpeg-1080x519.jpg 1080w\" sizes=\"(max-width: 198px) 100vw, 198px\" \/><\/a><\/p>\n<p><a href=\"https:\/\/hcahoustonhealthcare.com\/locations\/southeast\/?utm_campaign=corp_listings_mgmt&amp;utm_source=google&amp;utm_medium=business_listing&amp;utm_content=GulfCoast_1\" target=\"_blank\" rel=\"noopener\"><img loading=\"lazy\" decoding=\"async\" class=\"aligncenter wp-image-2526\" src=\"https:\/\/www.elcentrodecorazon.org\/wp-content\/uploads\/2019\/07\/Womens-Care-Center.png\" alt=\"\" width=\"221\" height=\"124\" \/><\/a><\/p>\n<p><a href=\"https:\/\/www.communityhealthchoice.org\/\" target=\"_blank\" rel=\"noopener\"><img loading=\"lazy\" decoding=\"async\" class=\"aligncenter wp-image-953\" src=\"https:\/\/www.elcentrodecorazon.org\/wp-content\/uploads\/2018\/05\/community-health-choice.png\" alt=\"\" width=\"207\" height=\"83\" \/><\/a><\/p>\n<p><a href=\"https:\/\/www.barriodogs.org\/\" target=\"_blank\" rel=\"noopener\"><img loading=\"lazy\" decoding=\"async\" class=\"aligncenter wp-image-2550 size-full\" src=\"https:\/\/www.elcentrodecorazon.org\/wp-content\/uploads\/2019\/07\/Barrio-Dogs.jpg\" alt=\"\" width=\"180\" height=\"180\" srcset=\"https:\/\/www.elcentrodecorazon.org\/wp-content\/uploads\/2019\/07\/Barrio-Dogs.jpg 180w, https:\/\/www.elcentrodecorazon.org\/wp-content\/uploads\/2019\/07\/Barrio-Dogs-150x150.jpg 150w\" sizes=\"(max-width: 180px) 100vw, 180px\" \/><\/a><\/p>\n<p><a href=\"https:\/\/www.gonzalezlawgroup.net\/\" target=\"_blank\" rel=\"noopener\"><img loading=\"lazy\" decoding=\"async\" class=\"aligncenter wp-image-1121\" src=\"https:\/\/www.elcentrodecorazon.org\/wp-content\/uploads\/2018\/11\/Gonzalez-Law-Group.png\" alt=\"\" width=\"216\" height=\"60\" srcset=\"https:\/\/www.elcentrodecorazon.org\/wp-content\/uploads\/2018\/11\/Gonzalez-Law-Group.png 399w, https:\/\/www.elcentrodecorazon.org\/wp-content\/uploads\/2018\/11\/Gonzalez-Law-Group-300x83.png 300w\" sizes=\"(max-width: 216px) 100vw, 216px\" \/><\/a><\/p>\n<p><a href=\"https:\/\/www.facebook.com\/ldz1397\/\" target=\"_blank\" rel=\"noopener\"><img loading=\"lazy\" decoding=\"async\" class=\"aligncenter wp-image-2639\" src=\"https:\/\/www.elcentrodecorazon.org\/wp-content\/uploads\/2019\/08\/11700850_10153324452435340_2173032103145932089_n.jpg\" alt=\"\" width=\"141\" height=\"141\" srcset=\"https:\/\/www.elcentrodecorazon.org\/wp-content\/uploads\/2019\/08\/11700850_10153324452435340_2173032103145932089_n.jpg 960w, https:\/\/www.elcentrodecorazon.org\/wp-content\/uploads\/2019\/08\/11700850_10153324452435340_2173032103145932089_n-150x150.jpg 150w, https:\/\/www.elcentrodecorazon.org\/wp-content\/uploads\/2019\/08\/11700850_10153324452435340_2173032103145932089_n-300x300.jpg 300w, https:\/\/www.elcentrodecorazon.org\/wp-content\/uploads\/2019\/08\/11700850_10153324452435340_2173032103145932089_n-768x768.jpg 768w\" sizes=\"(max-width: 141px) 100vw, 141px\" \/><\/a><\/p>\n<p style=\"text-align: center;\"><a href=\"https:\/\/www.elcentrodecorazon.org\/wp-content\/uploads\/2019\/05\/WellCareTexanPlus_CoBrand_4C.png\"><img loading=\"lazy\" decoding=\"async\" class=\"wp-image-2251 aligncenter\" src=\"https:\/\/www.elcentrodecorazon.org\/wp-content\/uploads\/2019\/05\/WellCareTexanPlus_CoBrand_4C.png\" alt=\"\" width=\"310\" height=\"28\" srcset=\"https:\/\/www.elcentrodecorazon.org\/wp-content\/uploads\/2019\/05\/WellCareTexanPlus_CoBrand_4C.png 2564w, https:\/\/www.elcentrodecorazon.org\/wp-content\/uploads\/2019\/05\/WellCareTexanPlus_CoBrand_4C-300x27.png 300w, https:\/\/www.elcentrodecorazon.org\/wp-content\/uploads\/2019\/05\/WellCareTexanPlus_CoBrand_4C-768x69.png 768w, https:\/\/www.elcentrodecorazon.org\/wp-content\/uploads\/2019\/05\/WellCareTexanPlus_CoBrand_4C-1024x93.png 1024w, https:\/\/www.elcentrodecorazon.org\/wp-content\/uploads\/2019\/05\/WellCareTexanPlus_CoBrand_4C-1080x98.png 1080w\" sizes=\"(max-width: 310px) 100vw, 310px\" \/><\/a><\/p>\n<p>[\/et_pb_text][\/et_pb_column][\/et_pb_row][\/et_pb_section]<\/p>\n","protected":false},"excerpt":{"rendered":"<p><div class=\"et_pb_row et_pb_row_0 et_pb_row_empty\">\n\t\t\t\t\n\t\t\t\t\n\t\t\t\t\n\t\t\t\t\n\t\t\t\t\n\t\t\t<\/div><div class=\"et_pb_row et_pb_row_1 et_pb_row_empty\">\n\t\t\t\t\n\t\t\t\t\n\t\t\t\t\n\t\t\t\t\n\t\t\t\t\n\t\t\t<\/div> Sobre el eventoLos residentes del vecindario y el \u00e1rea metropolitana de Houston est\u00e1n invitados a pasar una ma\u00f1ana completa de diversi\u00f3n familiar, que incluye refrigerios, premios especiales y mochilas GRATUITAS, \u00fatiles escolares y cortes de cabello para ni\u00f1os de primaria.\u00a0Ubicaci\u00f3n:El Centro de Coraz\u00f3n \u2013 Centro de Salud Magnolia\u00a07037 Capitol St.\u00a0Houston, Texas 77011\u00a0Fecha:S\u00e1bado 10 de [&hellip;]<\/p>\n","protected":false},"author":3,"featured_media":0,"parent":0,"menu_order":0,"comment_status":"closed","ping_status":"closed","template":"","meta":{"_acf_changed":false,"_et_pb_use_builder":"on","_et_pb_old_content":"","_et_gb_content_width":"","footnotes":""},"class_list":["post-2258","page","type-page","status-publish","hentry"],"acf":[],"_links":{"self":[{"href":"https:\/\/www.elcentrodecorazon.org\/es\/wp-json\/wp\/v2\/pages\/2258","targetHints":{"allow":["GET"]}}],"collection":[{"href":"https:\/\/www.elcentrodecorazon.org\/es\/wp-json\/wp\/v2\/pages"}],"about":[{"href":"https:\/\/www.elcentrodecorazon.org\/es\/wp-json\/wp\/v2\/types\/page"}],"author":[{"embeddable":true,"href":"https:\/\/www.elcentrodecorazon.org\/es\/wp-json\/wp\/v2\/users\/3"}],"replies":[{"embeddable":true,"href":"https:\/\/www.elcentrodecorazon.org\/es\/wp-json\/wp\/v2\/comments?post=2258"}],"version-history":[{"count":0,"href":"https:\/\/www.elcentrodecorazon.org\/es\/wp-json\/wp\/v2\/pages\/2258\/revisions"}],"wp:attachment":[{"href":"https:\/\/www.elcentrodecorazon.org\/es\/wp-json\/wp\/v2\/media?parent=2258"}],"curies":[{"name":"wp","href":"https:\/\/api.w.org\/{rel}","templated":true}]}}