{"id":2197,"date":"2019-05-06T16:40:25","date_gmt":"2019-05-06T16:40:25","guid":{"rendered":"https:\/\/www.elcentrodecorazon.org\/?page_id=2197"},"modified":"2019-05-17T17:58:53","modified_gmt":"2019-05-17T17:58:53","slug":"kelvin-shepherd-do","status":"publish","type":"page","link":"https:\/\/www.elcentrodecorazon.org\/es\/kelvin-shepherd-do\/","title":{"rendered":"Kelvin Shepherd, DO"},"content":{"rendered":"<p>[et_pb_section bb_built=\u00bb1&#8243;][et_pb_row][et_pb_column type=\u00bb4_4&#8243;][et_pb_text _builder_version=\u00bb3.19.17&#8243; disabled=\u00bboff\u00bb disabled_on=\u00bbon|on|\u00bb]<\/p>\n<p><strong><a href=\"https:\/\/www.elcentrodecorazon.org\/wp-content\/uploads\/2019\/04\/Kelvin-Shepherd.jpg\"><img loading=\"lazy\" decoding=\"async\" class=\"size-full wp-image-1950 alignleft\" src=\"https:\/\/www.elcentrodecorazon.org\/wp-content\/uploads\/2019\/04\/Kelvin-Shepherd.jpg\" alt=\"\" width=\"345\" height=\"260\" srcset=\"https:\/\/www.elcentrodecorazon.org\/wp-content\/uploads\/2019\/04\/Kelvin-Shepherd.jpg 345w, https:\/\/www.elcentrodecorazon.org\/wp-content\/uploads\/2019\/04\/Kelvin-Shepherd-300x226.jpg 300w\" sizes=\"(max-width: 345px) 100vw, 345px\" \/><\/a><span style=\"font-size: 12pt;\">\u00abEstoy comprometido a hacer una diferencia y brindar servicios de atenci\u00f3n m\u00e9dica de alta calidad de manera amable y respetuosa a mis pacientes como si fueran miembros de mi propia familia, y de una manera que celebra la comunidad, la cultura y la diversidad.\u00bb<\/span><\/strong><\/p>\n<p><strong>Educaci\u00f3n: <\/strong>Texas A&amp;M University (BS Biology and M.Ed.), The University of North Texas College of Osteopathic Medicine<\/p>\n<p><strong>Entrenamiento de Residencia: <\/strong>Cook County Hospital-Loyola, University Health Science Center in Chicago<\/p>\n<p><strong>Compa\u00f1erismo: <\/strong>Baylor College of Medicine\u2014Faculty Leadership Fellowship\u00a0<\/p>\n<p><strong>\u00c1rea de Inter\u00e9s \/ Servicio: <\/strong>Ense\u00f1ando a estudiantes de medicina y residentes, poblaciones con escasos servicios m\u00e9dicos, poblaciones sin hogar, trabajo m\u00e9dico misionero en \u00c1frica y Am\u00e9rica Central, medicina de la discapacidad y medicina del adolescente.<\/p>\n<p>[\/et_pb_text][et_pb_text _builder_version=\u00bb3.19.17&#8243; disabled=\u00bboff\u00bb disabled_on=\u00bboff|off|on\u00bb]<\/p>\n<p><strong><a href=\"https:\/\/www.elcentrodecorazon.org\/wp-content\/uploads\/2019\/04\/Kelvin-Shepherd.jpg\"><img loading=\"lazy\" decoding=\"async\" class=\"size-full wp-image-1950 aligncenter\" src=\"https:\/\/www.elcentrodecorazon.org\/wp-content\/uploads\/2019\/04\/Kelvin-Shepherd.jpg\" alt=\"\" width=\"345\" height=\"260\" srcset=\"https:\/\/www.elcentrodecorazon.org\/wp-content\/uploads\/2019\/04\/Kelvin-Shepherd.jpg 345w, https:\/\/www.elcentrodecorazon.org\/wp-content\/uploads\/2019\/04\/Kelvin-Shepherd-300x226.jpg 300w\" sizes=\"(max-width: 345px) 100vw, 345px\" \/><\/a><\/strong><\/p>\n<p><span style=\"font-size: 12pt;\"><strong>\u00abEstoy comprometido a hacer una diferencia y brindar servicios de atenci\u00f3n m\u00e9dica de alta calidad de manera amable y respetuosa a mis pacientes como si fueran miembros de mi propia familia, y de una manera que celebra la comunidad, la cultura y la diversidad.\u00bb<\/strong><\/span><\/p>\n<p><strong>Educaci\u00f3n: <\/strong>Texas A&amp;M University (BS Biology and M.Ed.), The University of North Texas College of Osteopathic Medicine<\/p>\n<p><strong>Entrenamiento de Residencia: <\/strong>Cook County Hospital-Loyola, University Health Science Center in Chicago<\/p>\n<p><strong>Compa\u00f1erismo: <\/strong>Baylor College of Medicine\u2014Faculty Leadership Fellowship\u00a0<\/p>\n<p><strong>\u00c1rea de Inter\u00e9s \/ Servicio: <\/strong>Ense\u00f1ando a estudiantes de medicina y residentes, poblaciones con escasos servicios m\u00e9dicos, poblaciones sin hogar, trabajo m\u00e9dico misionero en \u00c1frica y Am\u00e9rica Central, medicina de la discapacidad y medicina del adolescente.<\/p>\n<p>[\/et_pb_text][\/et_pb_column][\/et_pb_row][\/et_pb_section]<\/p>\n","protected":false},"excerpt":{"rendered":"<p><div class=\"et_pb_row et_pb_row_0 et_pb_row_empty\">\n\t\t\t\t\n\t\t\t\t\n\t\t\t\t\n\t\t\t\t\n\t\t\t\t\n\t\t\t<\/div> \u00abEstoy comprometido a hacer una diferencia y brindar servicios de atenci\u00f3n m\u00e9dica de alta calidad de manera amable y respetuosa a mis pacientes como si fueran miembros de mi propia familia, y de una manera que celebra la comunidad, la cultura y la diversidad.\u00bbEducaci\u00f3n: Texas A&amp;M University (BS Biology and M.Ed.), The University of [&hellip;]<\/p>\n","protected":false},"author":3,"featured_media":0,"parent":0,"menu_order":0,"comment_status":"closed","ping_status":"closed","template":"","meta":{"_acf_changed":false,"_et_pb_use_builder":"on","_et_pb_old_content":"","_et_gb_content_width":"","footnotes":""},"class_list":["post-2197","page","type-page","status-publish","hentry"],"acf":[],"_links":{"self":[{"href":"https:\/\/www.elcentrodecorazon.org\/es\/wp-json\/wp\/v2\/pages\/2197","targetHints":{"allow":["GET"]}}],"collection":[{"href":"https:\/\/www.elcentrodecorazon.org\/es\/wp-json\/wp\/v2\/pages"}],"about":[{"href":"https:\/\/www.elcentrodecorazon.org\/es\/wp-json\/wp\/v2\/types\/page"}],"author":[{"embeddable":true,"href":"https:\/\/www.elcentrodecorazon.org\/es\/wp-json\/wp\/v2\/users\/3"}],"replies":[{"embeddable":true,"href":"https:\/\/www.elcentrodecorazon.org\/es\/wp-json\/wp\/v2\/comments?post=2197"}],"version-history":[{"count":0,"href":"https:\/\/www.elcentrodecorazon.org\/es\/wp-json\/wp\/v2\/pages\/2197\/revisions"}],"wp:attachment":[{"href":"https:\/\/www.elcentrodecorazon.org\/es\/wp-json\/wp\/v2\/media?parent=2197"}],"curies":[{"name":"wp","href":"https:\/\/api.w.org\/{rel}","templated":true}]}}