{"id":2193,"date":"2019-05-06T16:27:22","date_gmt":"2019-05-06T16:27:22","guid":{"rendered":"https:\/\/www.elcentrodecorazon.org\/?page_id=2193"},"modified":"2019-05-06T16:27:22","modified_gmt":"2019-05-06T16:27:22","slug":"eugenia-legarda-md","status":"publish","type":"page","link":"https:\/\/www.elcentrodecorazon.org\/es\/eugenia-legarda-md\/","title":{"rendered":"Eugenia Legarda, MD"},"content":{"rendered":"<p>[et_pb_section bb_built=\u00bb1&#8243;][et_pb_row][et_pb_column type=\u00bb4_4&#8243;][et_pb_text _builder_version=\u00bb3.19.17&#8243; disabled=\u00bboff\u00bb disabled_on=\u00bbon|on|\u00bb]<\/p>\n<p><span style=\"font-size: 12pt;\"><strong><a href=\"https:\/\/www.elcentrodecorazon.org\/wp-content\/uploads\/2019\/04\/Eugenia-Lagarda.jpg\"><img loading=\"lazy\" decoding=\"async\" class=\"size-full wp-image-1942 alignleft\" src=\"https:\/\/www.elcentrodecorazon.org\/wp-content\/uploads\/2019\/04\/Eugenia-Lagarda.jpg\" alt=\"\" width=\"345\" height=\"260\" srcset=\"https:\/\/www.elcentrodecorazon.org\/wp-content\/uploads\/2019\/04\/Eugenia-Lagarda.jpg 345w, https:\/\/www.elcentrodecorazon.org\/wp-content\/uploads\/2019\/04\/Eugenia-Lagarda-300x226.jpg 300w\" sizes=\"(max-width: 345px) 100vw, 345px\" \/><\/a>\u00abMe esfuerzo por satisfacer las diversas necesidades de atenci\u00f3n m\u00e9dica de los pacientes en un modelo de atenci\u00f3n m\u00e9dica basado en la comunidad.\u00bb<\/strong><\/span><\/p>\n<p><strong>Educaci\u00f3n: <\/strong>Washington University in St. Louis, Baylor College of Medicine<\/p>\n<p><strong>Compa\u00f1erismo: <\/strong>Memorial Family Medicine Residency Program<\/p>\n<p><strong>\u00c1rea de Inter\u00e9s \/ Servicio: <\/strong>Medicina de familia\u00a0<\/p>\n<p>[\/et_pb_text][et_pb_text _builder_version=\u00bb3.19.17&#8243; disabled=\u00bboff\u00bb disabled_on=\u00bboff|off|on\u00bb]<\/p>\n<p><span style=\"font-size: 12pt;\"><strong><a href=\"https:\/\/www.elcentrodecorazon.org\/wp-content\/uploads\/2019\/04\/Eugenia-Lagarda.jpg\"><img loading=\"lazy\" decoding=\"async\" class=\"size-full wp-image-1942 aligncenter\" src=\"https:\/\/www.elcentrodecorazon.org\/wp-content\/uploads\/2019\/04\/Eugenia-Lagarda.jpg\" alt=\"\" width=\"345\" height=\"260\" srcset=\"https:\/\/www.elcentrodecorazon.org\/wp-content\/uploads\/2019\/04\/Eugenia-Lagarda.jpg 345w, https:\/\/www.elcentrodecorazon.org\/wp-content\/uploads\/2019\/04\/Eugenia-Lagarda-300x226.jpg 300w\" sizes=\"(max-width: 345px) 100vw, 345px\" \/><\/a><\/strong><\/span><\/p>\n<p><span style=\"font-size: 12pt;\"><strong>\u00abMe esfuerzo por satisfacer las diversas necesidades de atenci\u00f3n m\u00e9dica de los pacientes en un modelo de atenci\u00f3n m\u00e9dica basado en la comunidad.\u00bb<\/strong><\/span><\/p>\n<p><strong>Educaci\u00f3n: <\/strong>Washington University in St. Louis, Baylor College of Medicine<\/p>\n<p><strong>Compa\u00f1erismo: <\/strong>Memorial Family Medicine Residency Program<\/p>\n<p><strong>\u00c1rea de Inter\u00e9s \/ Servicio: <\/strong>Medicina de familia\u00a0<\/p>\n<p>[\/et_pb_text][\/et_pb_column][\/et_pb_row][\/et_pb_section]<\/p>\n","protected":false},"excerpt":{"rendered":"<p><div class=\"et_pb_row et_pb_row_0 et_pb_row_empty\">\n\t\t\t\t\n\t\t\t\t\n\t\t\t\t\n\t\t\t\t\n\t\t\t\t\n\t\t\t<\/div> \u00abMe esfuerzo por satisfacer las diversas necesidades de atenci\u00f3n m\u00e9dica de los pacientes en un modelo de atenci\u00f3n m\u00e9dica basado en la comunidad.\u00bbEducaci\u00f3n: Washington University in St. Louis, Baylor College of MedicineCompa\u00f1erismo: Memorial Family Medicine Residency Program\u00c1rea de Inter\u00e9s \/ Servicio: Medicina de familia\u00a0 \u00abMe esfuerzo por satisfacer las diversas necesidades de atenci\u00f3n m\u00e9dica [&hellip;]<\/p>\n","protected":false},"author":3,"featured_media":0,"parent":0,"menu_order":0,"comment_status":"closed","ping_status":"closed","template":"","meta":{"_acf_changed":false,"_et_pb_use_builder":"on","_et_pb_old_content":"","_et_gb_content_width":"","footnotes":""},"class_list":["post-2193","page","type-page","status-publish","hentry"],"acf":[],"_links":{"self":[{"href":"https:\/\/www.elcentrodecorazon.org\/es\/wp-json\/wp\/v2\/pages\/2193","targetHints":{"allow":["GET"]}}],"collection":[{"href":"https:\/\/www.elcentrodecorazon.org\/es\/wp-json\/wp\/v2\/pages"}],"about":[{"href":"https:\/\/www.elcentrodecorazon.org\/es\/wp-json\/wp\/v2\/types\/page"}],"author":[{"embeddable":true,"href":"https:\/\/www.elcentrodecorazon.org\/es\/wp-json\/wp\/v2\/users\/3"}],"replies":[{"embeddable":true,"href":"https:\/\/www.elcentrodecorazon.org\/es\/wp-json\/wp\/v2\/comments?post=2193"}],"version-history":[{"count":0,"href":"https:\/\/www.elcentrodecorazon.org\/es\/wp-json\/wp\/v2\/pages\/2193\/revisions"}],"wp:attachment":[{"href":"https:\/\/www.elcentrodecorazon.org\/es\/wp-json\/wp\/v2\/media?parent=2193"}],"curies":[{"name":"wp","href":"https:\/\/api.w.org\/{rel}","templated":true}]}}