{"id":2191,"date":"2019-05-06T16:18:24","date_gmt":"2019-05-06T16:18:24","guid":{"rendered":"https:\/\/www.elcentrodecorazon.org\/?page_id=2191"},"modified":"2019-05-06T16:18:24","modified_gmt":"2019-05-06T16:18:24","slug":"danelia-castellon-md","status":"publish","type":"page","link":"https:\/\/www.elcentrodecorazon.org\/es\/danelia-castellon-md\/","title":{"rendered":"Danelia Castellon, MD"},"content":{"rendered":"<p>[et_pb_section bb_built=\u00bb1&#8243;][et_pb_row][et_pb_column type=\u00bb4_4&#8243;][et_pb_text _builder_version=\u00bb3.19.17&#8243; disabled=\u00bboff\u00bb disabled_on=\u00bbon|on|\u00bb]<\/p>\n<p><span style=\"font-size: 12pt;\"><strong><a href=\"https:\/\/www.elcentrodecorazon.org\/wp-content\/uploads\/2019\/04\/Danelia-Castellon.jpg\"><img loading=\"lazy\" decoding=\"async\" class=\"size-full wp-image-1937 alignleft\" src=\"https:\/\/www.elcentrodecorazon.org\/wp-content\/uploads\/2019\/04\/Danelia-Castellon.jpg\" alt=\"\" width=\"345\" height=\"260\" srcset=\"https:\/\/www.elcentrodecorazon.org\/wp-content\/uploads\/2019\/04\/Danelia-Castellon.jpg 345w, https:\/\/www.elcentrodecorazon.org\/wp-content\/uploads\/2019\/04\/Danelia-Castellon-300x226.jpg 300w\" sizes=\"(max-width: 345px) 100vw, 345px\" \/><\/a>\u201cMe complace servir a nuestra comunidad y ayudar en los enfoques preventivos de muchas enfermedades que afectan a nuestra comunidad, que incluyen, entre otras, diabetes mellitus, dislipidemia, hipertensi\u00f3n, prediabetes y obesidad. Creo firmemente que somos lo que comemos y cuidar nuestra dieta todos los d\u00edas tendr\u00e1 un impacto en la salud de nuestros pacientes. Realmente me encanta y aprecio que EL Centro funcione como una cl\u00ednica comunitaria y estoy muy agradecido de formar parte de este gran equipo. \u00ab<\/strong><\/span><\/p>\n<p><strong>Educaci\u00f3n: <\/strong>Krasnadar Medical University \u2013 Russia, TTUHSC El Paso Texas<\/p>\n<p><strong>Entrenamiento de Residencia: <\/strong>TTUHSC<\/p>\n<p><strong>\u00c1rea de Inter\u00e9s \/ Servicio: <\/strong>Medicina de Familia<\/p>\n<p>[\/et_pb_text][et_pb_text _builder_version=\u00bb3.19.17&#8243; disabled=\u00bboff\u00bb disabled_on=\u00bboff|off|on\u00bb]<\/p>\n<p><span style=\"font-size: 12pt;\"><strong><a href=\"https:\/\/www.elcentrodecorazon.org\/wp-content\/uploads\/2019\/04\/Danelia-Castellon.jpg\"><img loading=\"lazy\" decoding=\"async\" class=\"size-full wp-image-1937 aligncenter\" src=\"https:\/\/www.elcentrodecorazon.org\/wp-content\/uploads\/2019\/04\/Danelia-Castellon.jpg\" alt=\"\" width=\"345\" height=\"260\" srcset=\"https:\/\/www.elcentrodecorazon.org\/wp-content\/uploads\/2019\/04\/Danelia-Castellon.jpg 345w, https:\/\/www.elcentrodecorazon.org\/wp-content\/uploads\/2019\/04\/Danelia-Castellon-300x226.jpg 300w\" sizes=\"(max-width: 345px) 100vw, 345px\" \/><\/a><\/strong><\/span><\/p>\n<p><span style=\"font-size: 12pt;\"><strong>\u201cMe complace servir a nuestra comunidad y ayudar en los enfoques preventivos de muchas enfermedades que afectan a nuestra comunidad, que incluyen, entre otras, diabetes mellitus, dislipidemia, hipertensi\u00f3n, prediabetes y obesidad. Creo firmemente que somos lo que comemos y cuidar nuestra dieta todos los d\u00edas tendr\u00e1 un impacto en la salud de nuestros pacientes. Realmente me encanta y aprecio que EL Centro funcione como una cl\u00ednica comunitaria y estoy muy agradecido de formar parte de este gran equipo. \u00ab<\/strong><\/span><\/p>\n<p><strong>Educaci\u00f3n: <\/strong>Krasnadar Medical University \u2013 Russia, TTUHSC El Paso Texas<\/p>\n<p><strong>Entrenamiento de Residencia: <\/strong>TTUHSC<\/p>\n<p><strong>\u00c1rea de Inter\u00e9s \/ Servicio: <\/strong>Medicina de Familia<\/p>\n<p>[\/et_pb_text][\/et_pb_column][\/et_pb_row][\/et_pb_section]<\/p>\n","protected":false},"excerpt":{"rendered":"<p><div class=\"et_pb_row et_pb_row_0 et_pb_row_empty\">\n\t\t\t\t\n\t\t\t\t\n\t\t\t\t\n\t\t\t\t\n\t\t\t\t\n\t\t\t<\/div> \u201cMe complace servir a nuestra comunidad y ayudar en los enfoques preventivos de muchas enfermedades que afectan a nuestra comunidad, que incluyen, entre otras, diabetes mellitus, dislipidemia, hipertensi\u00f3n, prediabetes y obesidad. Creo firmemente que somos lo que comemos y cuidar nuestra dieta todos los d\u00edas tendr\u00e1 un impacto en la salud de nuestros pacientes. [&hellip;]<\/p>\n","protected":false},"author":3,"featured_media":0,"parent":0,"menu_order":0,"comment_status":"closed","ping_status":"closed","template":"","meta":{"_acf_changed":false,"_et_pb_use_builder":"on","_et_pb_old_content":"","_et_gb_content_width":"","footnotes":""},"class_list":["post-2191","page","type-page","status-publish","hentry"],"acf":[],"_links":{"self":[{"href":"https:\/\/www.elcentrodecorazon.org\/es\/wp-json\/wp\/v2\/pages\/2191","targetHints":{"allow":["GET"]}}],"collection":[{"href":"https:\/\/www.elcentrodecorazon.org\/es\/wp-json\/wp\/v2\/pages"}],"about":[{"href":"https:\/\/www.elcentrodecorazon.org\/es\/wp-json\/wp\/v2\/types\/page"}],"author":[{"embeddable":true,"href":"https:\/\/www.elcentrodecorazon.org\/es\/wp-json\/wp\/v2\/users\/3"}],"replies":[{"embeddable":true,"href":"https:\/\/www.elcentrodecorazon.org\/es\/wp-json\/wp\/v2\/comments?post=2191"}],"version-history":[{"count":0,"href":"https:\/\/www.elcentrodecorazon.org\/es\/wp-json\/wp\/v2\/pages\/2191\/revisions"}],"wp:attachment":[{"href":"https:\/\/www.elcentrodecorazon.org\/es\/wp-json\/wp\/v2\/media?parent=2191"}],"curies":[{"name":"wp","href":"https:\/\/api.w.org\/{rel}","templated":true}]}}