{"id":1862,"date":"2020-09-01T20:50:50","date_gmt":"2020-09-01T20:50:50","guid":{"rendered":"https:\/\/www.elcentrodecorazon.org\/?page_id=1862"},"modified":"2020-09-01T20:50:50","modified_gmt":"2020-09-01T20:50:50","slug":"el-manejo-de-la-diabetes-2","status":"publish","type":"page","link":"https:\/\/www.elcentrodecorazon.org\/es\/programas\/el-manejo-de-la-diabetes-2\/","title":{"rendered":"El Manejo de la Diabetes"},"content":{"rendered":"<p>[et_pb_section bb_built=\u00bb1&#8243; inner_width=\u00bbauto\u00bb inner_max_width=\u00bb1080px\u00bb][et_pb_row][et_pb_column type=\u00bb4_4&#8243; custom_padding__hover=\u00bb|||\u00bb custom_padding=\u00bb|||\u00bb][et_pb_text _builder_version=\u00bb3.0.105&#8243; background_layout=\u00bblight\u00bb text_orientation=\u00bbleft\u00bb]<\/p>\n<p>\n<img loading=\"lazy\" decoding=\"async\" class=\"alignright size-full wp-image-202 img-circle\" src=\"https:\/\/www.elcentrodecorazon.org\/wp-content\/uploads\/2018\/05\/shutterstock_84246427.jpg\" alt=\"\" width=\"263\" height=\"263\" srcset=\"https:\/\/www.elcentrodecorazon.org\/wp-content\/uploads\/2018\/05\/shutterstock_84246427.jpg 400w, https:\/\/www.elcentrodecorazon.org\/wp-content\/uploads\/2018\/05\/shutterstock_84246427-150x150.jpg 150w, https:\/\/www.elcentrodecorazon.org\/wp-content\/uploads\/2018\/05\/shutterstock_84246427-300x300.jpg 300w\" sizes=\"(max-width: 263px) 100vw, 263px\" \/><\/p>\n<p>El Programa de El Manejo de la Diabetes de El Centro le ofrece un ambiente estructurado estructurada con clases continuas contin\u00faas de educaci\u00f3n sobre la diabetes y grupos de apoyo ap\u00f3yo para ense\u00f1ar las habilidades necesarias hab\u00edlidades necesar\u00edas en el manejo diario de la diabetes. El pr\u00f3grama ofrece atenci\u00f3n m\u00e9dica contin\u00faa, pruebas de diagn\u00f3stico apropiadas, seguimiento y educaci\u00f3n constante para proporcionar informaci\u00f3n y motivaci\u00f3n para que los pacientes lleven un estilo de vida m\u00e1s saludable. Hay clases mensuales para pacientes que tienen diabetes o que est\u00e1n en riesgo de tener diabetes, las cuales son impartidas por un educador certificado de diabetes (CDE). Adem\u00e1s, El Centro ofrece visitas individuales con el CDE para tener un mejor conocimiento de la educaci\u00f3n en El Manejo de la Diabetes. Hay talleres educativos semanales que forman parte de El Centro y que se ofrecen gratuitamente a la comunidad y a los pacientes. Se cubren temas como la nutrici\u00f3n, el ejercicio, la salud mental (asociados con la vida y con la diabetes), los efectos secundarios de los medicamentos, las posibles complicaciones de la enfermedad, el cuidado de los pies y las actividades de autocontrol. Los pacientes diab\u00e9ticos de El Centro tambi\u00e9n reciben cupones para ex\u00e1menes oftalmol\u00f3gicos gratuitos en el Instituto de Oftalmolog\u00eda de la Universidad de Houston y reciben asesor\u00eda para dejar de fumar a trav\u00e9s del Programa Ask-Advise-Connect de M.D. Anderson.<\/p>\n<ul>\n<li class=\"odd\">Atenci\u00f3n m\u00e9dica<\/li>\n<li class=\"even\">Pruebas de diagn\u00f3stico<\/li>\n<li class=\"odd\">Ex\u00e1menes de los ojos<\/li>\n<\/ul>\n<p>[\/et_pb_text][\/et_pb_column][\/et_pb_row][\/et_pb_section]<\/p>\n","protected":false},"excerpt":{"rendered":"<p><div class=\"et_pb_row et_pb_row_0 et_pb_row_empty\">\n\t\t\t\t\n\t\t\t\t\n\t\t\t\t\n\t\t\t\t\n\t\t\t\t\n\t\t\t<\/div> El Programa de El Manejo de la Diabetes de El Centro le ofrece un ambiente estructurado estructurada con clases continuas contin\u00faas de educaci\u00f3n sobre la diabetes y grupos de apoyo ap\u00f3yo para ense\u00f1ar las habilidades necesarias hab\u00edlidades necesar\u00edas en el manejo diario de la diabetes. El pr\u00f3grama ofrece atenci\u00f3n m\u00e9dica contin\u00faa, pruebas de diagn\u00f3stico [&hellip;]<\/p>\n","protected":false},"author":3,"featured_media":0,"parent":350,"menu_order":1,"comment_status":"closed","ping_status":"closed","template":"page-template\/programs-template.php","meta":{"_acf_changed":false,"_et_pb_use_builder":"on","_et_pb_old_content":"","_et_gb_content_width":"","footnotes":""},"class_list":["post-1862","page","type-page","status-publish","hentry"],"acf":[],"_links":{"self":[{"href":"https:\/\/www.elcentrodecorazon.org\/es\/wp-json\/wp\/v2\/pages\/1862","targetHints":{"allow":["GET"]}}],"collection":[{"href":"https:\/\/www.elcentrodecorazon.org\/es\/wp-json\/wp\/v2\/pages"}],"about":[{"href":"https:\/\/www.elcentrodecorazon.org\/es\/wp-json\/wp\/v2\/types\/page"}],"author":[{"embeddable":true,"href":"https:\/\/www.elcentrodecorazon.org\/es\/wp-json\/wp\/v2\/users\/3"}],"replies":[{"embeddable":true,"href":"https:\/\/www.elcentrodecorazon.org\/es\/wp-json\/wp\/v2\/comments?post=1862"}],"version-history":[{"count":0,"href":"https:\/\/www.elcentrodecorazon.org\/es\/wp-json\/wp\/v2\/pages\/1862\/revisions"}],"up":[{"embeddable":true,"href":"https:\/\/www.elcentrodecorazon.org\/es\/wp-json\/wp\/v2\/pages\/350"}],"wp:attachment":[{"href":"https:\/\/www.elcentrodecorazon.org\/es\/wp-json\/wp\/v2\/media?parent=1862"}],"curies":[{"name":"wp","href":"https:\/\/api.w.org\/{rel}","templated":true}]}}