{"id":1624,"date":"2019-03-01T22:05:55","date_gmt":"2019-03-01T22:05:55","guid":{"rendered":"https:\/\/www.elcentrodecorazon.org\/?page_id=1624"},"modified":"2021-03-01T14:11:32","modified_gmt":"2021-03-01T20:11:32","slug":"marzo-es-el-mes-nacional-de-la-nutricion","status":"publish","type":"page","link":"https:\/\/www.elcentrodecorazon.org\/es\/marzo-es-el-mes-nacional-de-la-nutricion\/","title":{"rendered":"\u00a1Marzo es el Mes Nacional de la Nutrici\u00f3n!"},"content":{"rendered":"<p>[et_pb_section bb_built=\u00bb1&#8243; inner_width=\u00bbauto\u00bb inner_max_width=\u00bb1080px\u00bb][et_pb_row][et_pb_column type=\u00bb4_4&#8243; custom_padding__hover=\u00bb|||\u00bb custom_padding=\u00bb|||\u00bb][et_pb_image _builder_version=\u00bb4.6.6&#8243; src=\u00bbhttps:\/\/www.elcentrodecorazon.org\/wp-content\/uploads\/2021\/03\/PageHero-MAR-NutritionEs-1.jpg\u00bb box_shadow_horizontal_tablet=\u00bb0px\u00bb box_shadow_vertical_tablet=\u00bb0px\u00bb box_shadow_blur_tablet=\u00bb40px\u00bb box_shadow_spread_tablet=\u00bb0px\u00bb vertical_offset_tablet=\u00bb0&#8243; horizontal_offset_tablet=\u00bb0&#8243; z_index_tablet=\u00bb0&#8243; \/][et_pb_text _builder_version=\u00bb4.6.6&#8243; text_text_shadow_horizontal_length=\u00bbtext_text_shadow_style,%91object Object%93&#8243; text_text_shadow_horizontal_length_tablet=\u00bb0px\u00bb text_text_shadow_vertical_length=\u00bbtext_text_shadow_style,%91object Object%93&#8243; text_text_shadow_vertical_length_tablet=\u00bb0px\u00bb text_text_shadow_blur_strength=\u00bbtext_text_shadow_style,%91object Object%93&#8243; text_text_shadow_blur_strength_tablet=\u00bb1px\u00bb link_text_shadow_horizontal_length=\u00bblink_text_shadow_style,%91object Object%93&#8243; link_text_shadow_horizontal_length_tablet=\u00bb0px\u00bb link_text_shadow_vertical_length=\u00bblink_text_shadow_style,%91object Object%93&#8243; link_text_shadow_vertical_length_tablet=\u00bb0px\u00bb link_text_shadow_blur_strength=\u00bblink_text_shadow_style,%91object Object%93&#8243; link_text_shadow_blur_strength_tablet=\u00bb1px\u00bb ul_text_shadow_horizontal_length=\u00bbul_text_shadow_style,%91object Object%93&#8243; ul_text_shadow_horizontal_length_tablet=\u00bb0px\u00bb ul_text_shadow_vertical_length=\u00bbul_text_shadow_style,%91object Object%93&#8243; ul_text_shadow_vertical_length_tablet=\u00bb0px\u00bb ul_text_shadow_blur_strength=\u00bbul_text_shadow_style,%91object Object%93&#8243; ul_text_shadow_blur_strength_tablet=\u00bb1px\u00bb ol_text_shadow_horizontal_length=\u00bbol_text_shadow_style,%91object Object%93&#8243; ol_text_shadow_horizontal_length_tablet=\u00bb0px\u00bb ol_text_shadow_vertical_length=\u00bbol_text_shadow_style,%91object Object%93&#8243; ol_text_shadow_vertical_length_tablet=\u00bb0px\u00bb ol_text_shadow_blur_strength=\u00bbol_text_shadow_style,%91object Object%93&#8243; ol_text_shadow_blur_strength_tablet=\u00bb1px\u00bb quote_text_shadow_horizontal_length=\u00bbquote_text_shadow_style,%91object Object%93&#8243; quote_text_shadow_horizontal_length_tablet=\u00bb0px\u00bb quote_text_shadow_vertical_length=\u00bbquote_text_shadow_style,%91object Object%93&#8243; quote_text_shadow_vertical_length_tablet=\u00bb0px\u00bb quote_text_shadow_blur_strength=\u00bbquote_text_shadow_style,%91object Object%93&#8243; quote_text_shadow_blur_strength_tablet=\u00bb1px\u00bb header_text_shadow_horizontal_length=\u00bbheader_text_shadow_style,%91object Object%93&#8243; header_text_shadow_horizontal_length_tablet=\u00bb0px\u00bb header_text_shadow_vertical_length=\u00bbheader_text_shadow_style,%91object Object%93&#8243; header_text_shadow_vertical_length_tablet=\u00bb0px\u00bb header_text_shadow_blur_strength=\u00bbheader_text_shadow_style,%91object Object%93&#8243; header_text_shadow_blur_strength_tablet=\u00bb1px\u00bb header_2_text_shadow_horizontal_length=\u00bbheader_2_text_shadow_style,%91object Object%93&#8243; header_2_text_shadow_horizontal_length_tablet=\u00bb0px\u00bb header_2_text_shadow_vertical_length=\u00bbheader_2_text_shadow_style,%91object Object%93&#8243; header_2_text_shadow_vertical_length_tablet=\u00bb0px\u00bb header_2_text_shadow_blur_strength=\u00bbheader_2_text_shadow_style,%91object Object%93&#8243; header_2_text_shadow_blur_strength_tablet=\u00bb1px\u00bb header_3_text_shadow_horizontal_length=\u00bbheader_3_text_shadow_style,%91object Object%93&#8243; header_3_text_shadow_horizontal_length_tablet=\u00bb0px\u00bb header_3_text_shadow_vertical_length=\u00bbheader_3_text_shadow_style,%91object Object%93&#8243; header_3_text_shadow_vertical_length_tablet=\u00bb0px\u00bb header_3_text_shadow_blur_strength=\u00bbheader_3_text_shadow_style,%91object Object%93&#8243; header_3_text_shadow_blur_strength_tablet=\u00bb1px\u00bb header_4_text_shadow_horizontal_length=\u00bbheader_4_text_shadow_style,%91object Object%93&#8243; header_4_text_shadow_horizontal_length_tablet=\u00bb0px\u00bb header_4_text_shadow_vertical_length=\u00bbheader_4_text_shadow_style,%91object Object%93&#8243; header_4_text_shadow_vertical_length_tablet=\u00bb0px\u00bb header_4_text_shadow_blur_strength=\u00bbheader_4_text_shadow_style,%91object Object%93&#8243; header_4_text_shadow_blur_strength_tablet=\u00bb1px\u00bb header_5_text_shadow_horizontal_length=\u00bbheader_5_text_shadow_style,%91object Object%93&#8243; header_5_text_shadow_horizontal_length_tablet=\u00bb0px\u00bb header_5_text_shadow_vertical_length=\u00bbheader_5_text_shadow_style,%91object Object%93&#8243; header_5_text_shadow_vertical_length_tablet=\u00bb0px\u00bb header_5_text_shadow_blur_strength=\u00bbheader_5_text_shadow_style,%91object Object%93&#8243; header_5_text_shadow_blur_strength_tablet=\u00bb1px\u00bb header_6_text_shadow_horizontal_length=\u00bbheader_6_text_shadow_style,%91object Object%93&#8243; header_6_text_shadow_horizontal_length_tablet=\u00bb0px\u00bb header_6_text_shadow_vertical_length=\u00bbheader_6_text_shadow_style,%91object Object%93&#8243; header_6_text_shadow_vertical_length_tablet=\u00bb0px\u00bb header_6_text_shadow_blur_strength=\u00bbheader_6_text_shadow_style,%91object Object%93&#8243; header_6_text_shadow_blur_strength_tablet=\u00bb1px\u00bb box_shadow_horizontal_tablet=\u00bb0px\u00bb box_shadow_vertical_tablet=\u00bb0px\u00bb box_shadow_blur_tablet=\u00bb40px\u00bb box_shadow_spread_tablet=\u00bb0px\u00bb vertical_offset_tablet=\u00bb0&#8243; horizontal_offset_tablet=\u00bb0&#8243; z_index_tablet=\u00bb0&#8243;]<\/p>\n<p>Comer sano es un viaje moldeado por muchos factores, que incluyen situaciones, preferencias, acceso a alimentos, cultura, tradiciones y las decisiones personales que tomamos con el tiempo. Todas sus opciones de alimentos y bebidas cuentan. En El Centro, alentamos a nuestros pacientes a tomar decisiones informadas sobre los alimentos y participar en actividades f\u00edsicas para mejorar su salud general. <a href=\"https:\/\/www.elcentrodecorazon.org\/es\/programas\/\">Obtener m\u00e1s informaci\u00f3n<\/a> sobre los programas de bienestar de El Centro.<\/p>\n<h3>Recursos de nutrici\u00f3n<\/h3>\n<p>MyPlate es un recordatorio para encontrar su estilo de alimentaci\u00f3n saludable y desarrollarlo a lo largo de su vida. Todo lo que comes y bebes importa. La combinaci\u00f3n adecuada puede ayudarlo a estar m\u00e1s saludable ahora y en el futuro. Esto significa:<\/p>\n<ul style=\"list-style-type: circle;\">\n<li>Centrarse en la variedad, cantidad y nutrici\u00f3n.<\/li>\n<li>Elija alimentos y bebidas con menos grasas saturadas, sodio y az\u00facares agregados.<img loading=\"lazy\" decoding=\"async\" class=\" wp-image-1622 alignright\" src=\"https:\/\/www.elcentrodecorazon.org\/wp-content\/uploads\/2019\/03\/myplate_slider_grain_0-300x257.png\" alt=\"\" width=\"216\" height=\"185\" srcset=\"https:\/\/www.elcentrodecorazon.org\/wp-content\/uploads\/2019\/03\/myplate_slider_grain_0-300x257.png 300w, https:\/\/www.elcentrodecorazon.org\/wp-content\/uploads\/2019\/03\/myplate_slider_grain_0.png 359w\" sizes=\"(max-width: 216px) 100vw, 216px\" \/><\/li>\n<li>Comience con peque\u00f1os cambios para crear estilos de alimentaci\u00f3n m\u00e1s saludables.<\/li>\n<li>Apoyar la alimentaci\u00f3n saludable para todos.<\/li>\n<\/ul>\n<p>MyPlate ofrece ideas y consejos para ayudarlo a crear un estilo de alimentaci\u00f3n m\u00e1s saludable que satisfaga sus necesidades individuales y mejore su salud.<\/p>\n<p>Para obtener m\u00e1s informaci\u00f3n, visite <a href=\"https:\/\/www.choosemyplate.gov\/MyPlate\" target=\"_blank\" rel=\"noopener\">https:\/\/www.choosemyplate.gov\/MyPlate<\/a><\/p>\n<p>[\/et_pb_text][\/et_pb_column][\/et_pb_row][\/et_pb_section]<\/p>\n","protected":false},"excerpt":{"rendered":"<p><div class=\"et_pb_row et_pb_row_0 et_pb_row_empty\">\n\t\t\t\t\n\t\t\t\t\n\t\t\t\t\n\t\t\t\t\n\t\t\t\t\n\t\t\t<\/div> Comer sano es un viaje moldeado por muchos factores, que incluyen situaciones, preferencias, acceso a alimentos, cultura, tradiciones y las decisiones personales que tomamos con el tiempo. Todas sus opciones de alimentos y bebidas cuentan. En El Centro, alentamos a nuestros pacientes a tomar decisiones informadas sobre los alimentos y participar en actividades f\u00edsicas [&hellip;]<\/p>\n","protected":false},"author":3,"featured_media":4651,"parent":0,"menu_order":0,"comment_status":"closed","ping_status":"closed","template":"","meta":{"_acf_changed":false,"_et_pb_use_builder":"on","_et_pb_old_content":"<p><img class=\"wp-image-1620 aligncenter\" src=\"https:\/\/www.elcentrodecorazon.org\/wp-content\/uploads\/2019\/03\/AdobeStock_173413230-1024x683.jpeg\" alt=\"\" width=\"765\" height=\"510\" \/><\/p><p>Comer sano es un viaje moldeado por muchos factores, que incluyen situaciones, preferencias, acceso a alimentos, cultura, tradiciones y las decisiones personales que tomamos con el tiempo. Todas sus opciones de alimentos y bebidas cuentan. En El Centro, alentamos a nuestros pacientes a tomar decisiones informadas sobre los alimentos y participar en actividades f\u00edsicas para mejorar su salud general. Para obtener m\u00e1s informaci\u00f3n sobre los programas de bienestar de El Centro, visite <a href=\"https:\/\/www.elcentrodecorazon.org\/programs\/\">https:\/\/www.elcentrodecorazon.org\/programs\/<\/a><\/p><p><strong>Recursos de actividad f\u00edsica:<\/strong><\/p><p>El Centro ha implementado el programa Commit to be Fit, que educa a los j\u00f3venes participantes y sus padres sobre los beneficios de una alimentaci\u00f3n m\u00e1s saludable y su mayor actividad f\u00edsica, y promueve el ejercicio y la forma f\u00edsica para reducir las disparidades de salud, como la obesidad infantil y la diabetes. Para los pacientes pedi\u00e1tricos y miembros de la familia de El Centro se ofrecen actividades de ejercicio y ejercicios f\u00edsicos con un entrenador f\u00edsico. Las clases de actividad f\u00edsica ahora est\u00e1n disponibles y est\u00e1n abiertas al p\u00fablico en el Centro Comunitario De Zavala y en la Escuela Secundaria Yolanda Navarro Black.<\/p><p><strong>Para m\u00e1s informaci\u00f3n:<\/strong><\/p><p>DeZavala Community Center, comun\u00edquese con el Sr. Hector Garza al (713) 923-5163<\/p><p><a href=\"https:\/\/www.elcentrodecorazon.org\/wp-content\/uploads\/2019\/02\/Commit-to-be-Fit-Dezavala-Community-Center.pdf\">Folleto De Zavala Community Center<\/a><\/p><p>Escuela Secundaria Yolanda Navarro Black, comun\u00edquese con la Sra. Tika Collins al (615) 306-7353<\/p><p><a href=\"https:\/\/www.elcentrodecorazon.org\/wp-content\/uploads\/2019\/02\/Commit-to-be-fit-Yolanda-Navarro-Middle-School.pdf\">Folleto\u00a0Escuela Secundaria Yolanda Navarro Black\u00a0<\/a><\/p><p><strong>Recursos de nutrici\u00f3n:<\/strong><\/p><p>MyPlate es un recordatorio para encontrar su estilo de alimentaci\u00f3n saludable y desarrollarlo a lo largo de su vida. Todo lo que comes y bebes importa. La combinaci\u00f3n adecuada puede ayudarlo a estar m\u00e1s saludable ahora y en el futuro. Esto significa:<\/p><ul style=\"list-style-type: circle;\"><li>Centrarse en la variedad, cantidad y nutrici\u00f3n.<\/li><li>Elija alimentos y bebidas con menos grasas saturadas, sodio y az\u00facares agregados.<img class=\" wp-image-1622 alignright\" src=\"https:\/\/www.elcentrodecorazon.org\/wp-content\/uploads\/2019\/03\/myplate_slider_grain_0-300x257.png\" alt=\"\" width=\"216\" height=\"185\" \/><\/li><li>Comience con peque\u00f1os cambios para crear estilos de alimentaci\u00f3n m\u00e1s saludables.<\/li><li>Apoyar la alimentaci\u00f3n saludable para todos.<\/li><\/ul><p>MyPlate ofrece ideas y consejos para ayudarlo a crear un estilo de alimentaci\u00f3n m\u00e1s saludable que satisfaga sus necesidades individuales y mejore su salud. Para obtener m\u00e1s informaci\u00f3n, visite <a href=\"https:\/\/www.choosemyplate.gov\/MyPlate\">https:\/\/www.choosemyplate.gov\/MyPlate<\/a><\/p>","_et_gb_content_width":"","footnotes":""},"class_list":["post-1624","page","type-page","status-publish","has-post-thumbnail","hentry"],"acf":[],"_links":{"self":[{"href":"https:\/\/www.elcentrodecorazon.org\/es\/wp-json\/wp\/v2\/pages\/1624","targetHints":{"allow":["GET"]}}],"collection":[{"href":"https:\/\/www.elcentrodecorazon.org\/es\/wp-json\/wp\/v2\/pages"}],"about":[{"href":"https:\/\/www.elcentrodecorazon.org\/es\/wp-json\/wp\/v2\/types\/page"}],"author":[{"embeddable":true,"href":"https:\/\/www.elcentrodecorazon.org\/es\/wp-json\/wp\/v2\/users\/3"}],"replies":[{"embeddable":true,"href":"https:\/\/www.elcentrodecorazon.org\/es\/wp-json\/wp\/v2\/comments?post=1624"}],"version-history":[{"count":0,"href":"https:\/\/www.elcentrodecorazon.org\/es\/wp-json\/wp\/v2\/pages\/1624\/revisions"}],"wp:featuredmedia":[{"embeddable":true,"href":"https:\/\/www.elcentrodecorazon.org\/es\/wp-json\/wp\/v2\/media\/4651"}],"wp:attachment":[{"href":"https:\/\/www.elcentrodecorazon.org\/es\/wp-json\/wp\/v2\/media?parent=1624"}],"curies":[{"name":"wp","href":"https:\/\/api.w.org\/{rel}","templated":true}]}}