{"id":1519,"date":"2019-02-12T19:32:28","date_gmt":"2019-02-12T19:32:28","guid":{"rendered":"https:\/\/www.elcentrodecorazon.org\/?page_id=1519"},"modified":"2021-03-26T10:46:35","modified_gmt":"2021-03-26T15:46:35","slug":"febrero-es-el-mes-de-la-salud-del-corazon","status":"publish","type":"page","link":"https:\/\/www.elcentrodecorazon.org\/es\/febrero-es-el-mes-de-la-salud-del-corazon\/","title":{"rendered":"\u00a1Febrero es el Mes de la Salud del Coraz\u00f3n!"},"content":{"rendered":"<p>[et_pb_section bb_built=\u00bb1&#8243; inner_width=\u00bbauto\u00bb inner_max_width=\u00bb1080px\u00bb][et_pb_row][et_pb_column type=\u00bb4_4&#8243; custom_padding__hover=\u00bb|||\u00bb custom_padding=\u00bb|||\u00bb][et_pb_image _builder_version=\u00bb4.6.6&#8243; src=\u00bbhttps:\/\/www.elcentrodecorazon.org\/wp-content\/uploads\/2021\/03\/PageHero-FEB-HeartMonthEs.jpg\u00bb box_shadow_horizontal_tablet=\u00bb0px\u00bb box_shadow_vertical_tablet=\u00bb0px\u00bb box_shadow_blur_tablet=\u00bb40px\u00bb box_shadow_spread_tablet=\u00bb0px\u00bb vertical_offset_tablet=\u00bb0&#8243; horizontal_offset_tablet=\u00bb0&#8243; z_index_tablet=\u00bb0&#8243; \/][et_pb_text _builder_version=\u00bb4.6.6&#8243; text_text_shadow_horizontal_length=\u00bbtext_text_shadow_style,%91object Object%93&#8243; text_text_shadow_horizontal_length_tablet=\u00bb0px\u00bb text_text_shadow_vertical_length=\u00bbtext_text_shadow_style,%91object Object%93&#8243; text_text_shadow_vertical_length_tablet=\u00bb0px\u00bb text_text_shadow_blur_strength=\u00bbtext_text_shadow_style,%91object Object%93&#8243; text_text_shadow_blur_strength_tablet=\u00bb1px\u00bb link_text_shadow_horizontal_length=\u00bblink_text_shadow_style,%91object Object%93&#8243; link_text_shadow_horizontal_length_tablet=\u00bb0px\u00bb link_text_shadow_vertical_length=\u00bblink_text_shadow_style,%91object Object%93&#8243; link_text_shadow_vertical_length_tablet=\u00bb0px\u00bb link_text_shadow_blur_strength=\u00bblink_text_shadow_style,%91object Object%93&#8243; link_text_shadow_blur_strength_tablet=\u00bb1px\u00bb ul_text_shadow_horizontal_length=\u00bbul_text_shadow_style,%91object Object%93&#8243; ul_text_shadow_horizontal_length_tablet=\u00bb0px\u00bb ul_text_shadow_vertical_length=\u00bbul_text_shadow_style,%91object Object%93&#8243; ul_text_shadow_vertical_length_tablet=\u00bb0px\u00bb ul_text_shadow_blur_strength=\u00bbul_text_shadow_style,%91object Object%93&#8243; ul_text_shadow_blur_strength_tablet=\u00bb1px\u00bb ol_text_shadow_horizontal_length=\u00bbol_text_shadow_style,%91object Object%93&#8243; ol_text_shadow_horizontal_length_tablet=\u00bb0px\u00bb ol_text_shadow_vertical_length=\u00bbol_text_shadow_style,%91object Object%93&#8243; ol_text_shadow_vertical_length_tablet=\u00bb0px\u00bb ol_text_shadow_blur_strength=\u00bbol_text_shadow_style,%91object Object%93&#8243; ol_text_shadow_blur_strength_tablet=\u00bb1px\u00bb quote_text_shadow_horizontal_length=\u00bbquote_text_shadow_style,%91object Object%93&#8243; quote_text_shadow_horizontal_length_tablet=\u00bb0px\u00bb quote_text_shadow_vertical_length=\u00bbquote_text_shadow_style,%91object Object%93&#8243; quote_text_shadow_vertical_length_tablet=\u00bb0px\u00bb quote_text_shadow_blur_strength=\u00bbquote_text_shadow_style,%91object Object%93&#8243; quote_text_shadow_blur_strength_tablet=\u00bb1px\u00bb header_text_shadow_horizontal_length=\u00bbheader_text_shadow_style,%91object Object%93&#8243; header_text_shadow_horizontal_length_tablet=\u00bb0px\u00bb header_text_shadow_vertical_length=\u00bbheader_text_shadow_style,%91object Object%93&#8243; header_text_shadow_vertical_length_tablet=\u00bb0px\u00bb header_text_shadow_blur_strength=\u00bbheader_text_shadow_style,%91object Object%93&#8243; header_text_shadow_blur_strength_tablet=\u00bb1px\u00bb header_2_text_shadow_horizontal_length=\u00bbheader_2_text_shadow_style,%91object Object%93&#8243; header_2_text_shadow_horizontal_length_tablet=\u00bb0px\u00bb header_2_text_shadow_vertical_length=\u00bbheader_2_text_shadow_style,%91object Object%93&#8243; header_2_text_shadow_vertical_length_tablet=\u00bb0px\u00bb header_2_text_shadow_blur_strength=\u00bbheader_2_text_shadow_style,%91object Object%93&#8243; header_2_text_shadow_blur_strength_tablet=\u00bb1px\u00bb header_3_text_shadow_horizontal_length=\u00bbheader_3_text_shadow_style,%91object Object%93&#8243; header_3_text_shadow_horizontal_length_tablet=\u00bb0px\u00bb header_3_text_shadow_vertical_length=\u00bbheader_3_text_shadow_style,%91object Object%93&#8243; header_3_text_shadow_vertical_length_tablet=\u00bb0px\u00bb header_3_text_shadow_blur_strength=\u00bbheader_3_text_shadow_style,%91object Object%93&#8243; header_3_text_shadow_blur_strength_tablet=\u00bb1px\u00bb header_4_text_shadow_horizontal_length=\u00bbheader_4_text_shadow_style,%91object Object%93&#8243; header_4_text_shadow_horizontal_length_tablet=\u00bb0px\u00bb header_4_text_shadow_vertical_length=\u00bbheader_4_text_shadow_style,%91object Object%93&#8243; header_4_text_shadow_vertical_length_tablet=\u00bb0px\u00bb header_4_text_shadow_blur_strength=\u00bbheader_4_text_shadow_style,%91object Object%93&#8243; header_4_text_shadow_blur_strength_tablet=\u00bb1px\u00bb header_5_text_shadow_horizontal_length=\u00bbheader_5_text_shadow_style,%91object Object%93&#8243; header_5_text_shadow_horizontal_length_tablet=\u00bb0px\u00bb header_5_text_shadow_vertical_length=\u00bbheader_5_text_shadow_style,%91object Object%93&#8243; header_5_text_shadow_vertical_length_tablet=\u00bb0px\u00bb header_5_text_shadow_blur_strength=\u00bbheader_5_text_shadow_style,%91object Object%93&#8243; header_5_text_shadow_blur_strength_tablet=\u00bb1px\u00bb header_6_text_shadow_horizontal_length=\u00bbheader_6_text_shadow_style,%91object Object%93&#8243; header_6_text_shadow_horizontal_length_tablet=\u00bb0px\u00bb header_6_text_shadow_vertical_length=\u00bbheader_6_text_shadow_style,%91object Object%93&#8243; header_6_text_shadow_vertical_length_tablet=\u00bb0px\u00bb header_6_text_shadow_blur_strength=\u00bbheader_6_text_shadow_style,%91object Object%93&#8243; header_6_text_shadow_blur_strength_tablet=\u00bb1px\u00bb box_shadow_horizontal_tablet=\u00bb0px\u00bb box_shadow_vertical_tablet=\u00bb0px\u00bb box_shadow_blur_tablet=\u00bb40px\u00bb box_shadow_spread_tablet=\u00bb0px\u00bb vertical_offset_tablet=\u00bb0&#8243; horizontal_offset_tablet=\u00bb0&#8243; z_index_tablet=\u00bb0&#8243;]<\/p>\n<p style=\"text-align: left;\"><strong>\u00bfSab\u00eda que casi 1 de cada 3 adultos en los Estados Unidos tiene un alto nivel de colesterol en la sangre, un factor de riesgo importante de enfermedad card\u00edaca y accidente cerebrovascular? (CDC)<\/strong><\/p>\n<p style=\"text-align: left;\">Los ex\u00e1menes y ex\u00e1menes de salud regulares pueden ayudar a encontrar problemas antes de que comiencen. Tambi\u00e9n pueden ayudar a encontrar problemas temprano, cuando sus posibilidades de tratamiento y cura son mejores. Al obtener los servicios de salud, las pruebas de detecci\u00f3n y los tratamientos adecuados, usted est\u00e1 tomando medidas que lo ayudan a tener una vida m\u00e1s larga y saludable.<\/p>\n<p><strong>\u00bfQu\u00e9 es la enfermedad card\u00edaca?<\/strong> La enfermedad card\u00edaca y de los vasos sangu\u00edneos\u00a0 incluye numerosos problemas, muchos de los cuales est\u00e1n relacionados con un proceso llamado aterosclerosis. La aterosclerosis es una condici\u00f3n que se desarrolla cuando una sustancia llamada placa se acumula en las paredes de las arterias. Esta acumulaci\u00f3n estrecha las arterias, dificultando el paso de la sangre. Si se forma un co\u00e1gulo de sangre, puede bloquear el flujo de sangre. Esto puede causar un ataque al coraz\u00f3n o un derrame cerebral. (Fuente: American Heart Association) <strong>\u00bfCu\u00e1les son los signos y s\u00edntomas de un ataque al coraz\u00f3n?<\/strong> De acuerdo con American Heart Association, si tiene alguno de estos s\u00edntomas, llame al 9-1-1 y vaya al hospital de inmediato.<\/p>\n<ul style=\"list-style-type: circle;\">\n<li>Presi\u00f3n inc\u00f3moda, contracci\u00f3n, plenitud o dolor en el centro de su pecho. Dura m\u00e1s de unos minutos o desaparece y vuelve.<\/li>\n<li>Dolor o molestia en uno o ambos brazos, la espalda, el cuello, la mand\u00edbula o el est\u00f3mago.<\/li>\n<li>Falta de aliento con o sin molestia en el pecho. Otros signos, como romperse en un sudor fr\u00edo, n\u00e1useas o mareos.<\/li>\n<li>Al igual que con los hombres, el s\u00edntoma m\u00e1s com\u00fan de ataque card\u00edaco en las mujeres es el dolor o malestar en el pecho.<\/li>\n<li>Pero las mujeres son algo m\u00e1s propensas que los hombres a experimentar algunos de los otros s\u00edntomas comunes, en particular dificultad para respirar, n\u00e1useas \/ v\u00f3mitos y dolor de espalda o mand\u00edbula.<\/li>\n<\/ul>\n<p><strong>\u00bfC\u00f3mo ayudar a prevenir enfermedades del coraz\u00f3n?<\/strong><\/p>\n<ul style=\"list-style-type: circle;\">\n<li>Elige un plan de alimentaci\u00f3n saludable.<\/li>\n<li>Ser fisicamente active<\/li>\n<li>Busque un m\u00e9dico y h\u00e1gase ex\u00e1menes de bienestar con regularidad.<\/li>\n<li>No fumes y evita el humo de segunda mano. Conoce tu historia familiar Domesticar su estr\u00e9s<\/li>\n<\/ul>\n<p>Para programar una cita con su proveedor de El Centro, llame al (713) 660-1880. <strong>Fuentes: Asociaci\u00f3n Americana del Coraz\u00f3n y Centros para el Control y la Prevenci\u00f3n de Enfermedades.<\/strong><\/p>\n<p>[\/et_pb_text][\/et_pb_column][\/et_pb_row][\/et_pb_section]<\/p>\n","protected":false},"excerpt":{"rendered":"<p><div class=\"et_pb_row et_pb_row_0 et_pb_row_empty\">\n\t\t\t\t\n\t\t\t\t\n\t\t\t\t\n\t\t\t\t\n\t\t\t\t\n\t\t\t<\/div> \u00bfSab\u00eda que casi 1 de cada 3 adultos en los Estados Unidos tiene un alto nivel de colesterol en la sangre, un factor de riesgo importante de enfermedad card\u00edaca y accidente cerebrovascular? (CDC) Los ex\u00e1menes y ex\u00e1menes de salud regulares pueden ayudar a encontrar problemas antes de que comiencen. Tambi\u00e9n pueden ayudar a encontrar [&hellip;]<\/p>\n","protected":false},"author":3,"featured_media":4714,"parent":0,"menu_order":0,"comment_status":"closed","ping_status":"closed","template":"","meta":{"_acf_changed":false,"_et_pb_use_builder":"on","_et_pb_old_content":"<p><img class=\"aligncenter wp-image-1516 size-large\" src=\"https:\/\/www.elcentrodecorazon.org\/wp-content\/uploads\/2019\/02\/family-running-outdoors-smiling_BK2qqiCBo-1024x683.jpg\" alt=\"\" width=\"1024\" height=\"683\" \/><\/p><p style=\"text-align: left;\"><strong>\u00bfSab\u00eda que casi 1 de cada 3 adultos en los Estados Unidos tiene un alto nivel de colesterol en la sangre, un factor de riesgo importante de enfermedad card\u00edaca y accidente cerebrovascular? (CDC)<\/strong><\/p><p style=\"text-align: left;\">Los ex\u00e1menes y ex\u00e1menes de salud regulares pueden ayudar a encontrar problemas antes de que comiencen. Tambi\u00e9n pueden ayudar a encontrar problemas temprano, cuando sus posibilidades de tratamiento y cura son mejores. Al obtener los servicios de salud, las pruebas de detecci\u00f3n y los tratamientos adecuados, usted est\u00e1 tomando medidas que lo ayudan a tener una vida m\u00e1s larga y saludable.<\/p><p><strong>\u00bfQu\u00e9 es la enfermedad card\u00edaca?<\/strong><\/p><p>La enfermedad card\u00edaca y de los vasos sangu\u00edneos\u00a0 incluye numerosos problemas, muchos de los cuales est\u00e1n relacionados con un proceso llamado aterosclerosis. La aterosclerosis es una condici\u00f3n que se desarrolla cuando una sustancia llamada placa se acumula en las paredes de las arterias. Esta acumulaci\u00f3n estrecha las arterias, dificultando el paso de la sangre. Si se forma un co\u00e1gulo de sangre, puede bloquear el flujo de sangre. Esto puede causar un ataque al coraz\u00f3n o un derrame cerebral. (Fuente: American Heart Association)<\/p><p><strong>\u00bfCu\u00e1les son los signos y s\u00edntomas de un ataque al coraz\u00f3n?<\/strong><\/p><p>De acuerdo con American Heart Association, si tiene alguno de estos s\u00edntomas, llame al 9-1-1 y vaya al hospital de inmediato.<\/p><ul style=\"list-style-type: circle;\"><li>Presi\u00f3n inc\u00f3moda, contracci\u00f3n, plenitud o dolor en el centro de su pecho. Dura m\u00e1s de unos minutos o desaparece y vuelve.<\/li><li>Dolor o molestia en uno o ambos brazos, la espalda, el cuello, la mand\u00edbula o el est\u00f3mago.<\/li><li>Falta de aliento con o sin molestia en el pecho. Otros signos, como romperse en un sudor fr\u00edo, n\u00e1useas o mareos.<\/li><li>Al igual que con los hombres, el s\u00edntoma m\u00e1s com\u00fan de ataque card\u00edaco en las mujeres es el dolor o malestar en el pecho.<\/li><li>Pero las mujeres son algo m\u00e1s propensas que los hombres a experimentar algunos de los otros s\u00edntomas comunes, en particular dificultad para respirar, n\u00e1useas \/ v\u00f3mitos y dolor de espalda o mand\u00edbula.<\/li><\/ul><p><strong>\u00bfC\u00f3mo ayudar a prevenir enfermedades del coraz\u00f3n?<\/strong><\/p><ul style=\"list-style-type: circle;\"><li>Elige un plan de alimentaci\u00f3n saludable.<\/li><li>Ser fisicamente active<\/li><li>Busque un m\u00e9dico y h\u00e1gase ex\u00e1menes de bienestar con regularidad.<\/li><li>No fumes y evita el humo de segunda mano. Conoce tu historia familiar Domesticar su estr\u00e9s<\/li><\/ul><p>Para programar una cita con su proveedor de El Centro, llame al (713) 660-1880.<\/p><p><strong>Fuentes: Asociaci\u00f3n Americana del Coraz\u00f3n y Centros para el Control y la Prevenci\u00f3n de Enfermedades.<\/strong><\/p>","_et_gb_content_width":"","footnotes":""},"class_list":["post-1519","page","type-page","status-publish","has-post-thumbnail","hentry"],"acf":[],"_links":{"self":[{"href":"https:\/\/www.elcentrodecorazon.org\/es\/wp-json\/wp\/v2\/pages\/1519","targetHints":{"allow":["GET"]}}],"collection":[{"href":"https:\/\/www.elcentrodecorazon.org\/es\/wp-json\/wp\/v2\/pages"}],"about":[{"href":"https:\/\/www.elcentrodecorazon.org\/es\/wp-json\/wp\/v2\/types\/page"}],"author":[{"embeddable":true,"href":"https:\/\/www.elcentrodecorazon.org\/es\/wp-json\/wp\/v2\/users\/3"}],"replies":[{"embeddable":true,"href":"https:\/\/www.elcentrodecorazon.org\/es\/wp-json\/wp\/v2\/comments?post=1519"}],"version-history":[{"count":0,"href":"https:\/\/www.elcentrodecorazon.org\/es\/wp-json\/wp\/v2\/pages\/1519\/revisions"}],"wp:featuredmedia":[{"embeddable":true,"href":"https:\/\/www.elcentrodecorazon.org\/es\/wp-json\/wp\/v2\/media\/4714"}],"wp:attachment":[{"href":"https:\/\/www.elcentrodecorazon.org\/es\/wp-json\/wp\/v2\/media?parent=1519"}],"curies":[{"name":"wp","href":"https:\/\/api.w.org\/{rel}","templated":true}]}}