{"id":1387,"date":"2018-12-20T14:31:47","date_gmt":"2018-12-20T14:31:47","guid":{"rendered":"https:\/\/www.elcentrodecorazon.org\/?page_id=1387"},"modified":"2018-12-20T14:54:44","modified_gmt":"2018-12-20T14:54:44","slug":"la-temporada-de-gripe-esta-aqui","status":"publish","type":"page","link":"https:\/\/www.elcentrodecorazon.org\/es\/la-temporada-de-gripe-esta-aqui\/","title":{"rendered":"\u00a1La temporada de gripe est\u00e1 aqu\u00ed!"},"content":{"rendered":"<p><img loading=\"lazy\" decoding=\"async\" class=\"size-medium wp-image-907 alignright\" src=\"https:\/\/www.elcentrodecorazon.org\/wp-content\/uploads\/2018\/09\/family-sitting-outdoors-smiling_HKlN7pCBi-300x226.jpg\" alt=\"\" width=\"300\" height=\"226\" srcset=\"https:\/\/www.elcentrodecorazon.org\/wp-content\/uploads\/2018\/09\/family-sitting-outdoors-smiling_HKlN7pCBi-300x226.jpg 300w, https:\/\/www.elcentrodecorazon.org\/wp-content\/uploads\/2018\/09\/family-sitting-outdoors-smiling_HKlN7pCBi.jpg 416w\" sizes=\"(max-width: 300px) 100vw, 300px\" \/>El tiempo exacto y la duraci\u00f3n de las temporadas de gripe pueden variar, pero la actividad de la influenza a menudo comienza a aumentar en Octubre. La mayor parte del tiempo la actividad de la gripe alcanza su punto m\u00e1ximo entre Diciembre y Febrero, aunque la actividad puede durar hasta Mayo (CDC).<\/p>\n<p><strong>Personas con alto riesgo de desarrollar complicaciones relacionadas con la gripe<\/strong><\/p>\n<ul style=\"list-style-type: circle;\">\n<li>Ni\u00f1os menores de 5 a\u00f1os, pero especialmente ni\u00f1os menores de 2 a\u00f1os.<\/li>\n<li>Adultos de 65 a\u00f1os de edad y mayores.<\/li>\n<li>Mujeres embarazadas (y mujeres hasta dos semanas despu\u00e9s del parto)<\/li>\n<li>Residentes de hogares de ancianos y otras instalaciones de cuidado a largo plazo<\/li>\n<\/ul>\n<p>Para obtener m\u00e1s informaci\u00f3n sobre la gripe, visite\u00a0<a href=\"https:\/\/espanol.cdc.gov\/enes\/flu\/parents\/\" target=\"_blank\" rel=\"noopener\">https:\/\/espanol.cdc.gov\/enes\/flu\/parents\/<\/a><\/p>\n","protected":false},"excerpt":{"rendered":"<p>El tiempo exacto y la duraci\u00f3n de las temporadas de gripe pueden variar, pero la actividad de la influenza a menudo comienza a aumentar en Octubre. La mayor parte del tiempo la actividad de la gripe alcanza su punto m\u00e1ximo entre Diciembre y Febrero, aunque la actividad puede durar hasta Mayo (CDC). Personas con alto [&hellip;]<\/p>\n","protected":false},"author":3,"featured_media":0,"parent":0,"menu_order":0,"comment_status":"closed","ping_status":"closed","template":"","meta":{"_acf_changed":false,"_et_pb_use_builder":"","_et_pb_old_content":"","_et_gb_content_width":"","footnotes":""},"class_list":["post-1387","page","type-page","status-publish","hentry"],"acf":[],"_links":{"self":[{"href":"https:\/\/www.elcentrodecorazon.org\/es\/wp-json\/wp\/v2\/pages\/1387","targetHints":{"allow":["GET"]}}],"collection":[{"href":"https:\/\/www.elcentrodecorazon.org\/es\/wp-json\/wp\/v2\/pages"}],"about":[{"href":"https:\/\/www.elcentrodecorazon.org\/es\/wp-json\/wp\/v2\/types\/page"}],"author":[{"embeddable":true,"href":"https:\/\/www.elcentrodecorazon.org\/es\/wp-json\/wp\/v2\/users\/3"}],"replies":[{"embeddable":true,"href":"https:\/\/www.elcentrodecorazon.org\/es\/wp-json\/wp\/v2\/comments?post=1387"}],"version-history":[{"count":0,"href":"https:\/\/www.elcentrodecorazon.org\/es\/wp-json\/wp\/v2\/pages\/1387\/revisions"}],"wp:attachment":[{"href":"https:\/\/www.elcentrodecorazon.org\/es\/wp-json\/wp\/v2\/media?parent=1387"}],"curies":[{"name":"wp","href":"https:\/\/api.w.org\/{rel}","templated":true}]}}